{"id":510,"date":"2022-03-17T14:20:07","date_gmt":"2022-03-17T14:20:07","guid":{"rendered":"https:\/\/berghotel-hohegeiss.com\/?page_id=510"},"modified":"2022-04-14T07:50:29","modified_gmt":"2022-04-14T07:50:29","slug":"visit-historical-cities","status":"publish","type":"page","link":"https:\/\/berghotel-hohegeiss.com\/en\/besuch-historischer-staedte","title":{"rendered":"Visit historic cities"},"content":{"rendered":"<div class=\"wp-block-group\"><div class=\"wp-block-group__inner-container is-layout-flow wp-block-group-is-layout-flow\">\n<div class=\"wp-block-columns is-layout-flex wp-container-core-columns-is-layout-9d6595d7 wp-block-columns-is-layout-flex\">\n<div class=\"wp-block-column is-layout-flow wp-block-column-is-layout-flow\">\n<p><strong>Goslar<\/strong><\/p>\n\n\n\n<p>Goslar and the Rammelsberg ore mine have been on the UNESCO World Heritage List since 1992. The unique atmosphere in the narrow medieval streets or on the lively market square with its caf\u00e9s invite you to stroll and enjoy. In winter, a very cosy Christmas market takes place on the market square.<\/p>\n<\/div>\n\n\n\n<div class=\"wp-block-column is-layout-flow wp-block-column-is-layout-flow\">\n<figure class=\"wp-block-image size-large\"><img decoding=\"async\" width=\"1024\" height=\"684\" data-attachment-id=\"547\" data-permalink=\"https:\/\/berghotel-hohegeiss.com\/en\/besuch-historischer-staedte\/goslar-gd5728c896_1280\" data-orig-file=\"https:\/\/berghotel-hohegeiss.com\/wp-content\/uploads\/2022\/04\/goslar-gd5728c896_1280.jpg\" data-orig-size=\"1280,855\" data-comments-opened=\"1\" data-image-meta=\"{&quot;aperture&quot;:&quot;0&quot;,&quot;credit&quot;:&quot;&quot;,&quot;camera&quot;:&quot;&quot;,&quot;caption&quot;:&quot;&quot;,&quot;created_timestamp&quot;:&quot;0&quot;,&quot;copyright&quot;:&quot;&quot;,&quot;focal_length&quot;:&quot;0&quot;,&quot;iso&quot;:&quot;0&quot;,&quot;shutter_speed&quot;:&quot;0&quot;,&quot;title&quot;:&quot;&quot;,&quot;orientation&quot;:&quot;0&quot;,&quot;lens&quot;:&quot;&quot;}\" data-image-title=\"goslar-gd5728c896_1280\" data-image-description=\"\" data-image-caption=\"\" data-large-file=\"https:\/\/berghotel-hohegeiss.com\/wp-content\/uploads\/2022\/04\/goslar-gd5728c896_1280-1024x684.jpg\" src=\"https:\/\/berghotel-hohegeiss.com\/wp-content\/uploads\/2022\/04\/goslar-gd5728c896_1280-1024x684.jpg\" alt=\"\" class=\"wp-image-547\" srcset=\"https:\/\/berghotel-hohegeiss.com\/wp-content\/uploads\/2022\/04\/goslar-gd5728c896_1280-1024x684.jpg 1024w, https:\/\/berghotel-hohegeiss.com\/wp-content\/uploads\/2022\/04\/goslar-gd5728c896_1280-300x200.jpg 300w, https:\/\/berghotel-hohegeiss.com\/wp-content\/uploads\/2022\/04\/goslar-gd5728c896_1280-768x513.jpg 768w, https:\/\/berghotel-hohegeiss.com\/wp-content\/uploads\/2022\/04\/goslar-gd5728c896_1280-18x12.jpg 18w, https:\/\/berghotel-hohegeiss.com\/wp-content\/uploads\/2022\/04\/goslar-gd5728c896_1280-480x321.jpg 480w, https:\/\/berghotel-hohegeiss.com\/wp-content\/uploads\/2022\/04\/goslar-gd5728c896_1280-719x480.jpg 719w, https:\/\/berghotel-hohegeiss.com\/wp-content\/uploads\/2022\/04\/goslar-gd5728c896_1280-250x167.jpg 250w, https:\/\/berghotel-hohegeiss.com\/wp-content\/uploads\/2022\/04\/goslar-gd5728c896_1280-374x250.jpg 374w, https:\/\/berghotel-hohegeiss.com\/wp-content\/uploads\/2022\/04\/goslar-gd5728c896_1280-150x100.jpg 150w, https:\/\/berghotel-hohegeiss.com\/wp-content\/uploads\/2022\/04\/goslar-gd5728c896_1280.jpg 1280w\" sizes=\"(max-width: 1024px) 100vw, 1024px\" \/><figcaption>Peterstrasse in Goslar<\/figcaption><\/figure>\n<\/div>\n<\/div>\n<\/div><\/div>\n\n\n\n<hr class=\"wp-block-separator\"\/>\n\n\n\n<div class=\"wp-block-columns is-layout-flex wp-container-core-columns-is-layout-9d6595d7 wp-block-columns-is-layout-flex\">\n<div class=\"wp-block-column is-layout-flow wp-block-column-is-layout-flow\">\n<figure class=\"wp-block-image size-large\"><img decoding=\"async\" width=\"1024\" height=\"567\" data-attachment-id=\"548\" data-permalink=\"https:\/\/berghotel-hohegeiss.com\/en\/besuch-historischer-staedte\/marketplace-g63a6c83c5_1280\" data-orig-file=\"https:\/\/berghotel-hohegeiss.com\/wp-content\/uploads\/2022\/04\/marketplace-g63a6c83c5_1280.jpg\" data-orig-size=\"1280,709\" data-comments-opened=\"1\" data-image-meta=\"{&quot;aperture&quot;:&quot;2.2&quot;,&quot;credit&quot;:&quot;&quot;,&quot;camera&quot;:&quot;SM-G901F&quot;,&quot;caption&quot;:&quot;&quot;,&quot;created_timestamp&quot;:&quot;0&quot;,&quot;copyright&quot;:&quot;&quot;,&quot;focal_length&quot;:&quot;4.8&quot;,&quot;iso&quot;:&quot;50&quot;,&quot;shutter_speed&quot;:&quot;0.00076219512195122&quot;,&quot;title&quot;:&quot;&quot;,&quot;orientation&quot;:&quot;0&quot;,&quot;lens&quot;:&quot;&quot;}\" data-image-title=\"marketplace-g63a6c83c5_1280\" data-image-description=\"\" data-image-caption=\"\" data-large-file=\"https:\/\/berghotel-hohegeiss.com\/wp-content\/uploads\/2022\/04\/marketplace-g63a6c83c5_1280-1024x567.jpg\" src=\"https:\/\/berghotel-hohegeiss.com\/wp-content\/uploads\/2022\/04\/marketplace-g63a6c83c5_1280-1024x567.jpg\" alt=\"\" class=\"wp-image-548\" srcset=\"https:\/\/berghotel-hohegeiss.com\/wp-content\/uploads\/2022\/04\/marketplace-g63a6c83c5_1280-1024x567.jpg 1024w, https:\/\/berghotel-hohegeiss.com\/wp-content\/uploads\/2022\/04\/marketplace-g63a6c83c5_1280-300x166.jpg 300w, https:\/\/berghotel-hohegeiss.com\/wp-content\/uploads\/2022\/04\/marketplace-g63a6c83c5_1280-768x425.jpg 768w, https:\/\/berghotel-hohegeiss.com\/wp-content\/uploads\/2022\/04\/marketplace-g63a6c83c5_1280-18x10.jpg 18w, https:\/\/berghotel-hohegeiss.com\/wp-content\/uploads\/2022\/04\/marketplace-g63a6c83c5_1280-480x266.jpg 480w, https:\/\/berghotel-hohegeiss.com\/wp-content\/uploads\/2022\/04\/marketplace-g63a6c83c5_1280-867x480.jpg 867w, https:\/\/berghotel-hohegeiss.com\/wp-content\/uploads\/2022\/04\/marketplace-g63a6c83c5_1280-250x138.jpg 250w, https:\/\/berghotel-hohegeiss.com\/wp-content\/uploads\/2022\/04\/marketplace-g63a6c83c5_1280-451x250.jpg 451w, https:\/\/berghotel-hohegeiss.com\/wp-content\/uploads\/2022\/04\/marketplace-g63a6c83c5_1280-150x83.jpg 150w, https:\/\/berghotel-hohegeiss.com\/wp-content\/uploads\/2022\/04\/marketplace-g63a6c83c5_1280.jpg 1280w\" sizes=\"(max-width: 1024px) 100vw, 1024px\" \/><figcaption>Stadhuis van Wernigerode<\/figcaption><\/figure>\n<\/div>\n\n\n\n<div class=\"wp-block-column is-layout-flow wp-block-column-is-layout-flow\">\n<p><strong>Wernigerode<\/strong><\/p>\n\n\n\n<p>Wernigerode is 35 minutes by car from Hohegei\u00df and on the northern edge of the Harz Mountains. The sight of Wernigerode with its centre of mainly half-timbered houses bears witness to the history of this town. The beautiful town hall was probably built in the 13th century. It is one of the most beautiful town halls in Europe. Another sight is Wernigerode Castle, which towers over the town.<\/p>\n<\/div>\n<\/div>\n\n\n\n<hr class=\"wp-block-separator\"\/>\n\n\n\n<div class=\"wp-block-columns is-layout-flex wp-container-core-columns-is-layout-9d6595d7 wp-block-columns-is-layout-flex\">\n<div class=\"wp-block-column is-layout-flow wp-block-column-is-layout-flow\">\n<p><strong>Quedlinburg<\/strong><\/p>\n\n\n\n<p>Quedlinburg is about an hour's drive from Berghotel Hohegeiss and is one of the most beautiful half-timbered towns in Germany. Quedlinburg's medieval town centre is almost completely preserved and is rightly on the World Heritage List. Be sure to eat Kasetorten at Caf\u00e9 Vincent, which offers 114 varieties and is baked fresh every day.<\/p>\n<\/div>\n\n\n\n<div class=\"wp-block-column is-layout-flow wp-block-column-is-layout-flow\">\n<figure class=\"wp-block-image size-large\"><img decoding=\"async\" width=\"1024\" height=\"576\" data-attachment-id=\"549\" data-permalink=\"https:\/\/berghotel-hohegeiss.com\/en\/besuch-historischer-staedte\/world-heritage-site-quedlinburg-g8a19c3446_1280\" data-orig-file=\"https:\/\/berghotel-hohegeiss.com\/wp-content\/uploads\/2022\/04\/world-heritage-site-quedlinburg-g8a19c3446_1280.jpg\" data-orig-size=\"1280,720\" data-comments-opened=\"1\" data-image-meta=\"{&quot;aperture&quot;:&quot;0&quot;,&quot;credit&quot;:&quot;&quot;,&quot;camera&quot;:&quot;&quot;,&quot;caption&quot;:&quot;&quot;,&quot;created_timestamp&quot;:&quot;0&quot;,&quot;copyright&quot;:&quot;&quot;,&quot;focal_length&quot;:&quot;0&quot;,&quot;iso&quot;:&quot;0&quot;,&quot;shutter_speed&quot;:&quot;0&quot;,&quot;title&quot;:&quot;&quot;,&quot;orientation&quot;:&quot;0&quot;,&quot;lens&quot;:&quot;&quot;}\" data-image-title=\"world-heritage-site-quedlinburg-g8a19c3446_1280\" data-image-description=\"\" data-image-caption=\"\" data-large-file=\"https:\/\/berghotel-hohegeiss.com\/wp-content\/uploads\/2022\/04\/world-heritage-site-quedlinburg-g8a19c3446_1280-1024x576.jpg\" src=\"https:\/\/berghotel-hohegeiss.com\/wp-content\/uploads\/2022\/04\/world-heritage-site-quedlinburg-g8a19c3446_1280-1024x576.jpg\" alt=\"\" class=\"wp-image-549\" srcset=\"https:\/\/berghotel-hohegeiss.com\/wp-content\/uploads\/2022\/04\/world-heritage-site-quedlinburg-g8a19c3446_1280-1024x576.jpg 1024w, https:\/\/berghotel-hohegeiss.com\/wp-content\/uploads\/2022\/04\/world-heritage-site-quedlinburg-g8a19c3446_1280-300x169.jpg 300w, https:\/\/berghotel-hohegeiss.com\/wp-content\/uploads\/2022\/04\/world-heritage-site-quedlinburg-g8a19c3446_1280-768x432.jpg 768w, https:\/\/berghotel-hohegeiss.com\/wp-content\/uploads\/2022\/04\/world-heritage-site-quedlinburg-g8a19c3446_1280-18x10.jpg 18w, https:\/\/berghotel-hohegeiss.com\/wp-content\/uploads\/2022\/04\/world-heritage-site-quedlinburg-g8a19c3446_1280-480x270.jpg 480w, https:\/\/berghotel-hohegeiss.com\/wp-content\/uploads\/2022\/04\/world-heritage-site-quedlinburg-g8a19c3446_1280-853x480.jpg 853w, https:\/\/berghotel-hohegeiss.com\/wp-content\/uploads\/2022\/04\/world-heritage-site-quedlinburg-g8a19c3446_1280-250x141.jpg 250w, https:\/\/berghotel-hohegeiss.com\/wp-content\/uploads\/2022\/04\/world-heritage-site-quedlinburg-g8a19c3446_1280-444x250.jpg 444w, https:\/\/berghotel-hohegeiss.com\/wp-content\/uploads\/2022\/04\/world-heritage-site-quedlinburg-g8a19c3446_1280-150x84.jpg 150w, https:\/\/berghotel-hohegeiss.com\/wp-content\/uploads\/2022\/04\/world-heritage-site-quedlinburg-g8a19c3446_1280.jpg 1280w\" sizes=\"(max-width: 1024px) 100vw, 1024px\" \/><figcaption>Quedlinburg Castle<\/figcaption><\/figure>\n<\/div>\n<\/div>\n\n\n\n<hr class=\"wp-block-separator\"\/>\n\n\n\n<p class=\"has-text-align-center\">Han and Anja will be happy to help you with tips and tricks in these cities.<\/p>","protected":false},"excerpt":{"rendered":"<p>Goslar Goslar and the Rammelsberg ore mine have been on the UNESCO World Heritage List since 1992. The unique atmosphere in the narrow medieval streets or on the lively market square with its caf\u00e9s invite you to stroll and enjoy. In winter, a very cosy Christmas market is held on the market square. Wernigerode Wernigerode is 35 minutes by car from Hohegei\u00df ... <\/p>\n<p class=\"link-more\"><a href=\"https:\/\/berghotel-hohegeiss.com\/en\/besuch-historischer-staedte\" class=\"more-link\"><span class=\"screen-reader-text\"> prova \"Visiting historical cities\"<\/span><\/a><\/p>","protected":false},"author":1,"featured_media":188,"parent":0,"menu_order":0,"comment_status":"closed","ping_status":"closed","template":"","meta":{"footnotes":""},"class_list":["post-510","page","type-page","status-publish","has-post-thumbnail","hentry"],"yoast_head":"<!-- This site is optimized with the Yoast SEO plugin v27.6 - https:\/\/yoast.com\/product\/yoast-seo-wordpress\/ -->\n<title>Besuch historischer St\u00e4dte - Berghotel Hohegeiss<\/title>\n<meta name=\"description\" content=\"Besuchen Sie historische St\u00e4dte im Harz. Goslar, Wernigerode oder Quedlinburg, sie sind weniger als eine Autostunde von Hohegei\u00df entfernt.\" \/>\n<meta name=\"robots\" content=\"index, follow, max-snippet:-1, max-image-preview:large, max-video-preview:-1\" \/>\n<link rel=\"canonical\" href=\"https:\/\/berghotel-hohegeiss.com\/en\/visit-historical-cities\/\" \/>\n<meta property=\"og:locale\" content=\"en_GB\" \/>\n<meta property=\"og:type\" content=\"article\" \/>\n<meta property=\"og:title\" content=\"Besuch historischer St\u00e4dte - Berghotel Hohegeiss\" \/>\n<meta property=\"og:description\" content=\"Besuchen Sie historische St\u00e4dte im Harz. Goslar, Wernigerode oder Quedlinburg, sie sind weniger als eine Autostunde von Hohegei\u00df entfernt.\" \/>\n<meta property=\"og:url\" content=\"https:\/\/berghotel-hohegeiss.com\/en\/visit-historical-cities\/\" \/>\n<meta property=\"og:site_name\" content=\"Berghotel Hohegeiss\" \/>\n<meta property=\"article:publisher\" content=\"https:\/\/www.facebook.com\/Berghotel-Hohegeiss-101262279197312\" \/>\n<meta property=\"article:modified_time\" content=\"2022-04-14T07:50:29+00:00\" \/>\n<meta property=\"og:image\" content=\"https:\/\/berghotel-hohegeiss.com\/wp-content\/uploads\/2022\/02\/Web-2240-duitsland_harz_quedlinburg_kasteel_heuvel_kerk_shutterstock.jpeg\" \/>\n\t<meta property=\"og:image:width\" content=\"2240\" \/>\n\t<meta property=\"og:image:height\" content=\"1265\" \/>\n\t<meta property=\"og:image:type\" content=\"image\/jpeg\" \/>\n<script type=\"application\/ld+json\" class=\"yoast-schema-graph\">{\"@context\":\"https:\\\/\\\/schema.org\",\"@graph\":[{\"@type\":\"WebPage\",\"@id\":\"https:\\\/\\\/berghotel-hohegeiss.com\\\/besuch-historischer-staedte\",\"url\":\"https:\\\/\\\/berghotel-hohegeiss.com\\\/besuch-historischer-staedte\",\"name\":\"Besuch historischer St\u00e4dte - Berghotel Hohegeiss\",\"isPartOf\":{\"@id\":\"https:\\\/\\\/berghotel-hohegeiss.com\\\/#website\"},\"primaryImageOfPage\":{\"@id\":\"https:\\\/\\\/berghotel-hohegeiss.com\\\/besuch-historischer-staedte#primaryimage\"},\"image\":{\"@id\":\"https:\\\/\\\/berghotel-hohegeiss.com\\\/besuch-historischer-staedte#primaryimage\"},\"thumbnailUrl\":\"https:\\\/\\\/berghotel-hohegeiss.com\\\/wp-content\\\/uploads\\\/2022\\\/02\\\/Web-2240-duitsland_harz_quedlinburg_kasteel_heuvel_kerk_shutterstock.jpeg\",\"datePublished\":\"2022-03-17T14:20:07+00:00\",\"dateModified\":\"2022-04-14T07:50:29+00:00\",\"description\":\"Besuchen Sie historische St\u00e4dte im Harz. Goslar, Wernigerode oder Quedlinburg, sie sind weniger als eine Autostunde von Hohegei\u00df entfernt.\",\"breadcrumb\":{\"@id\":\"https:\\\/\\\/berghotel-hohegeiss.com\\\/besuch-historischer-staedte#breadcrumb\"},\"inLanguage\":\"en-GB\",\"potentialAction\":[{\"@type\":\"ReadAction\",\"target\":[\"https:\\\/\\\/berghotel-hohegeiss.com\\\/besuch-historischer-staedte\"]}]},{\"@type\":\"ImageObject\",\"inLanguage\":\"en-GB\",\"@id\":\"https:\\\/\\\/berghotel-hohegeiss.com\\\/besuch-historischer-staedte#primaryimage\",\"url\":\"https:\\\/\\\/berghotel-hohegeiss.com\\\/wp-content\\\/uploads\\\/2022\\\/02\\\/Web-2240-duitsland_harz_quedlinburg_kasteel_heuvel_kerk_shutterstock.jpeg\",\"contentUrl\":\"https:\\\/\\\/berghotel-hohegeiss.com\\\/wp-content\\\/uploads\\\/2022\\\/02\\\/Web-2240-duitsland_harz_quedlinburg_kasteel_heuvel_kerk_shutterstock.jpeg\",\"width\":2240,\"height\":1265,\"caption\":\"Harz Quedlinburg Burcht\"},{\"@type\":\"BreadcrumbList\",\"@id\":\"https:\\\/\\\/berghotel-hohegeiss.com\\\/besuch-historischer-staedte#breadcrumb\",\"itemListElement\":[{\"@type\":\"ListItem\",\"position\":1,\"name\":\"Home\",\"item\":\"https:\\\/\\\/berghotel-hohegeiss.com\\\/\"},{\"@type\":\"ListItem\",\"position\":2,\"name\":\"Besuch historischer St\u00e4dte\"}]},{\"@type\":\"WebSite\",\"@id\":\"https:\\\/\\\/berghotel-hohegeiss.com\\\/#website\",\"url\":\"https:\\\/\\\/berghotel-hohegeiss.com\\\/\",\"name\":\"Berghotel Hohegeiss\",\"description\":\"hotel pension hohegeiss hohegei\u00df\",\"potentialAction\":[{\"@type\":\"SearchAction\",\"target\":{\"@type\":\"EntryPoint\",\"urlTemplate\":\"https:\\\/\\\/berghotel-hohegeiss.com\\\/?s={search_term_string}\"},\"query-input\":{\"@type\":\"PropertyValueSpecification\",\"valueRequired\":true,\"valueName\":\"search_term_string\"}}],\"inLanguage\":\"en-GB\"}]}<\/script>\n<!-- \/ Yoast SEO plugin. -->","yoast_head_json":{"title":"Visit historical towns - Berghotel Hohegeiss","description":"Visit historic towns in the Harz Mountains. Goslar, Wernigerode or Quedlinburg, they are less than an hour's drive from Hohegei\u00df.","robots":{"index":"index","follow":"follow","max-snippet":"max-snippet:-1","max-image-preview":"max-image-preview:large","max-video-preview":"max-video-preview:-1"},"canonical":"https:\/\/berghotel-hohegeiss.com\/en\/visit-historical-cities\/","og_locale":"en_GB","og_type":"article","og_title":"Besuch historischer St\u00e4dte - Berghotel Hohegeiss","og_description":"Besuchen Sie historische St\u00e4dte im Harz. Goslar, Wernigerode oder Quedlinburg, sie sind weniger als eine Autostunde von Hohegei\u00df entfernt.","og_url":"https:\/\/berghotel-hohegeiss.com\/en\/visit-historical-cities\/","og_site_name":"Berghotel Hohegeiss","article_publisher":"https:\/\/www.facebook.com\/Berghotel-Hohegeiss-101262279197312","article_modified_time":"2022-04-14T07:50:29+00:00","og_image":[{"width":2240,"height":1265,"url":"https:\/\/berghotel-hohegeiss.com\/wp-content\/uploads\/2022\/02\/Web-2240-duitsland_harz_quedlinburg_kasteel_heuvel_kerk_shutterstock.jpeg","type":"image\/jpeg"}],"schema":{"@context":"https:\/\/schema.org","@graph":[{"@type":"WebPage","@id":"https:\/\/berghotel-hohegeiss.com\/besuch-historischer-staedte","url":"https:\/\/berghotel-hohegeiss.com\/besuch-historischer-staedte","name":"Visit historical towns - Berghotel Hohegeiss","isPartOf":{"@id":"https:\/\/berghotel-hohegeiss.com\/#website"},"primaryImageOfPage":{"@id":"https:\/\/berghotel-hohegeiss.com\/besuch-historischer-staedte#primaryimage"},"image":{"@id":"https:\/\/berghotel-hohegeiss.com\/besuch-historischer-staedte#primaryimage"},"thumbnailUrl":"https:\/\/berghotel-hohegeiss.com\/wp-content\/uploads\/2022\/02\/Web-2240-duitsland_harz_quedlinburg_kasteel_heuvel_kerk_shutterstock.jpeg","datePublished":"2022-03-17T14:20:07+00:00","dateModified":"2022-04-14T07:50:29+00:00","description":"Visit historic towns in the Harz Mountains. Goslar, Wernigerode or Quedlinburg, they are less than an hour's drive from Hohegei\u00df.","breadcrumb":{"@id":"https:\/\/berghotel-hohegeiss.com\/besuch-historischer-staedte#breadcrumb"},"inLanguage":"en-GB","potentialAction":[{"@type":"ReadAction","target":["https:\/\/berghotel-hohegeiss.com\/besuch-historischer-staedte"]}]},{"@type":"ImageObject","inLanguage":"en-GB","@id":"https:\/\/berghotel-hohegeiss.com\/besuch-historischer-staedte#primaryimage","url":"https:\/\/berghotel-hohegeiss.com\/wp-content\/uploads\/2022\/02\/Web-2240-duitsland_harz_quedlinburg_kasteel_heuvel_kerk_shutterstock.jpeg","contentUrl":"https:\/\/berghotel-hohegeiss.com\/wp-content\/uploads\/2022\/02\/Web-2240-duitsland_harz_quedlinburg_kasteel_heuvel_kerk_shutterstock.jpeg","width":2240,"height":1265,"caption":"Harz Quedlinburg Burcht"},{"@type":"BreadcrumbList","@id":"https:\/\/berghotel-hohegeiss.com\/besuch-historischer-staedte#breadcrumb","itemListElement":[{"@type":"ListItem","position":1,"name":"Home","item":"https:\/\/berghotel-hohegeiss.com\/"},{"@type":"ListItem","position":2,"name":"Besuch historischer St\u00e4dte"}]},{"@type":"WebSite","@id":"https:\/\/berghotel-hohegeiss.com\/#website","url":"https:\/\/berghotel-hohegeiss.com\/","name":"Berghotel Hohegeiss","description":"hotel pension hohegeiss hohegei\u00df","potentialAction":[{"@type":"SearchAction","target":{"@type":"EntryPoint","urlTemplate":"https:\/\/berghotel-hohegeiss.com\/?s={search_term_string}"},"query-input":{"@type":"PropertyValueSpecification","valueRequired":true,"valueName":"search_term_string"}}],"inLanguage":"en-GB"}]}},"jetpack_sharing_enabled":true,"_links":{"self":[{"href":"https:\/\/berghotel-hohegeiss.com\/en\/wp-json\/wp\/v2\/pages\/510","targetHints":{"allow":["GET"]}}],"collection":[{"href":"https:\/\/berghotel-hohegeiss.com\/en\/wp-json\/wp\/v2\/pages"}],"about":[{"href":"https:\/\/berghotel-hohegeiss.com\/en\/wp-json\/wp\/v2\/types\/page"}],"author":[{"embeddable":true,"href":"https:\/\/berghotel-hohegeiss.com\/en\/wp-json\/wp\/v2\/users\/1"}],"replies":[{"embeddable":true,"href":"https:\/\/berghotel-hohegeiss.com\/en\/wp-json\/wp\/v2\/comments?post=510"}],"version-history":[{"count":0,"href":"https:\/\/berghotel-hohegeiss.com\/en\/wp-json\/wp\/v2\/pages\/510\/revisions"}],"wp:featuredmedia":[{"embeddable":true,"href":"https:\/\/berghotel-hohegeiss.com\/en\/wp-json\/wp\/v2\/media\/188"}],"wp:attachment":[{"href":"https:\/\/berghotel-hohegeiss.com\/en\/wp-json\/wp\/v2\/media?parent=510"}],"curies":[{"name":"wp","href":"https:\/\/api.w.org\/{rel}","templated":true}]}}