{"id":5755,"date":"2025-08-20T11:12:56","date_gmt":"2025-08-20T11:12:56","guid":{"rendered":"https:\/\/berghotel-hohegeiss.com\/?p=5755"},"modified":"2026-01-16T15:24:55","modified_gmt":"2026-01-16T15:24:55","slug":"single-room","status":"publish","type":"page","link":"https:\/\/berghotel-hohegeiss.com\/en\/unsere-zimmer\/einzelzimmer","title":{"rendered":"Single room"},"content":{"rendered":"\n<p>Modern eingerichtetes Einzelzimmer mit separatem Bad \u2013 auf Wunsch auch f\u00fcr einen Erwachsenen mit Kind geeignet. Von Ihrem Zimmer aus haben Sie einen wundersch\u00f6nen Blick auf den Harz.<\/p>\n\n\n\n<p>Im Berghotel Hohegeiss stehen Ihnen zwei Zimmer dieses Typs zur Verf\u00fcgung \u2013 beide individuell gestaltet und komfortabel ausgestattet.<\/p>\n\n\n\n<ul class=\"wp-block-list\">\n<li>Zimmergr\u00f6\u00dfe 16 m<sup>2<\/sup><\/li>\n\n\n\n<li>Doppelbett 180 x 200 cm<\/li>\n\n\n\n<li>Flachbildfernseher mit Satellitenkan\u00e4len<\/li>\n\n\n\n<li>Rauch und Haustier frei<\/li>\n\n\n\n<li>Badezimmer in 2025 renoviert<\/li>\n<\/ul>\n\n\n\n<div class=\"room-availability\" data-room-code=\"Q3y4NrS11kha\"><\/div>\n\n\n<div class=\"wpforms-container wpforms-container-full\" id=\"wpforms-5200\"><form id=\"wpforms-form-5200\" class=\"wpforms-validate wpforms-form\" data-formid=\"5200\" method=\"post\" enctype=\"multipart\/form-data\" action=\"\/en\/wp-json\/wp\/v2\/pages\/5755\" data-token=\"9f382cab03f25de25cae8944d176c214\" data-token-time=\"1775398039\"><noscript class=\"wpforms-error-noscript\">Please enable JavaScript in your browser to complete this form.<\/noscript><div class=\"wpforms-field-container\"><div id=\"wpforms-5200-field_4-container\" class=\"wpforms-field wpforms-field-text date-icon\" data-field-id=\"4\"><label class=\"wpforms-field-label\" for=\"wpforms-5200-field_4\">Anreise datum<\/label><input type=\"text\" id=\"wpforms-5200-field_4\" class=\"wpforms-field-large\" name=\"wpforms[fields][4]\" value=\"05\/04\/2026\" placeholder=\"DD\/MM\/YYYY\" ><\/div>\t\t<div id=\"wpforms-5200-field_1-container\"\n\t\t\tclass=\"wpforms-field wpforms-field-text\"\n\t\t\tdata-field-type=\"text\"\n\t\t\tdata-field-id=\"1\"\n\t\t\t>\n\t\t\t<label class=\"wpforms-field-label\" for=\"wpforms-5200-field_1\" >Anreise datum Abreise<\/label>\n\t\t\t<input type=\"text\" id=\"wpforms-5200-field_1\" class=\"wpforms-field-medium\" name=\"wpforms[fields][1]\" >\n\t\t<\/div>\n\t\t<div id=\"wpforms-5200-field_5-container\" class=\"wpforms-field wpforms-field-text date-icon departure-date\" data-field-id=\"5\"><label class=\"wpforms-field-label\" for=\"wpforms-5200-field_5\">Abreise datum<\/label><input type=\"text\" id=\"wpforms-5200-field_5\" class=\"wpforms-field-large\" name=\"wpforms[fields][5]\" placeholder=\"DD\/MM\/YYYY\" ><\/div><script>\n\t\t\t\t( function() {\n\t\t\t\t\tconst style = document.createElement( 'style' );\n\t\t\t\t\tstyle.appendChild( document.createTextNode( '#wpforms-5200-field_1-container { position: absolute !important; overflow: hidden !important; display: inline !important; height: 1px !important; width: 1px !important; z-index: -1000 !important; padding: 0 !important; } #wpforms-5200-field_1-container input { visibility: hidden; } #wpforms-conversational-form-page #wpforms-5200-field_1-container label { counter-increment: none; }' ) );\n\t\t\t\t\tdocument.head.appendChild( style );\n\t\t\t\t\tdocument.currentScript?.remove();\n\t\t\t\t} )();\n\t\t\t<\/script><\/div><!-- .wpforms-field-container --><div class=\"wpforms-submit-container\" ><input type=\"hidden\" name=\"wpforms[id]\" value=\"5200\"><input type=\"hidden\" name=\"page_title\" value=\"\"><input type=\"hidden\" name=\"page_url\" value=\"https:\/\/berghotel-hohegeiss.com\/en\/wp-json\/wp\/v2\/pages\/5755\"><input type=\"hidden\" name=\"url_referer\" value=\"\"><button type=\"submit\" name=\"wpforms[submit]\" id=\"wpforms-submit-5200\" class=\"wpforms-submit\" data-alt-text=\"Wird gesendet\u00a0\u2026\" data-submit-text=\"Verf\u00fcgbarkeit pr\u00fcfen\" aria-live=\"assertive\" value=\"wpforms-submit\">Verf\u00fcgbarkeit pr\u00fcfen<\/button><\/div><\/form><\/div>  <!-- .wpforms-container -->\n\n\n\n\n\t\t<style type=\"text\/css\">\n\t\t\t#gallery-1 {\n\t\t\t\tmargin: auto;\n\t\t\t}\n\t\t\t#gallery-1 .gallery-item {\n\t\t\t\tfloat: left;\n\t\t\t\tmargin-top: 10px;\n\t\t\t\ttext-align: center;\n\t\t\t\twidth: 33%;\n\t\t\t}\n\t\t\t#gallery-1 img {\n\t\t\t\tborder: 2px solid #cfcfcf;\n\t\t\t}\n\t\t\t#gallery-1 .gallery-caption {\n\t\t\t\tmargin-left: 0;\n\t\t\t}\n\t\t\t\/* see gallery_shortcode() in wp-includes\/media.php *\/\n\t\t<\/style>\n\t\t<div data-carousel-extra='{&quot;blog_id&quot;:1,&quot;permalink&quot;:&quot;https:\/\/berghotel-hohegeiss.com\/en\/unsere-zimmer\/einzelzimmer&quot;}' id='gallery-1' class='gallery galleryid-5755 gallery-columns-3 gallery-size-thumbnail'><dl class='gallery-item'>\n\t\t\t<dt class='gallery-icon landscape'>\n\t\t\t\t<a href='https:\/\/berghotel-hohegeiss.com\/en\/img_1830'><img decoding=\"async\" width=\"150\" height=\"150\" src=\"https:\/\/berghotel-hohegeiss.com\/wp-content\/uploads\/2026\/01\/einzelzimmer-modern-renoviert-berghotel-hohegeiss-150x150.jpeg\" class=\"attachment-thumbnail size-thumbnail\" alt=\"Modern renoviertes Einzelzimmer im Berghotel Hohegei\u00df \u2013 Renovierung 2026\" aria-describedby=\"gallery-1-6354\" srcset=\"https:\/\/berghotel-hohegeiss.com\/wp-content\/uploads\/2026\/01\/einzelzimmer-modern-renoviert-berghotel-hohegeiss-150x150.jpeg 150w, https:\/\/berghotel-hohegeiss.com\/wp-content\/uploads\/2026\/01\/einzelzimmer-modern-renoviert-berghotel-hohegeiss-480x480.jpeg 480w\" sizes=\"(max-width: 150px) 100vw, 150px\" data-attachment-id=\"6354\" data-permalink=\"https:\/\/berghotel-hohegeiss.com\/en\/img_1830\" data-orig-file=\"https:\/\/berghotel-hohegeiss.com\/wp-content\/uploads\/2026\/01\/einzelzimmer-modern-renoviert-berghotel-hohegeiss-scaled.jpeg\" data-orig-size=\"2560,1920\" data-comments-opened=\"0\" data-image-meta=\"{&quot;aperture&quot;:&quot;2.2&quot;,&quot;credit&quot;:&quot;&quot;,&quot;camera&quot;:&quot;iPhone 16&quot;,&quot;caption&quot;:&quot;&quot;,&quot;created_timestamp&quot;:&quot;1766495949&quot;,&quot;copyright&quot;:&quot;&quot;,&quot;focal_length&quot;:&quot;2.2200000286119&quot;,&quot;iso&quot;:&quot;800&quot;,&quot;shutter_speed&quot;:&quot;0.02&quot;,&quot;title&quot;:&quot;&quot;,&quot;orientation&quot;:&quot;1&quot;,&quot;lens&quot;:&quot;&quot;}\" data-image-title=\"Einzelzimmer\" data-image-description=\"&lt;p&gt;Helles und modern eingerichtetes Einzelzimmer im Berghotel Hohegei\u00df, im Jahr 2026 vollst\u00e4ndig renoviert. Komfortable Ausstattung f\u00fcr einen angenehmen Aufenthalt im Harz.&lt;\/p&gt;\n\" data-image-caption=\"&lt;p&gt;Modern renoviertes Einzelzimmer&lt;\/p&gt;\n\" data-medium-file=\"https:\/\/berghotel-hohegeiss.com\/wp-content\/uploads\/2026\/01\/einzelzimmer-modern-renoviert-berghotel-hohegeiss-300x225.jpeg\" data-large-file=\"https:\/\/berghotel-hohegeiss.com\/wp-content\/uploads\/2026\/01\/einzelzimmer-modern-renoviert-berghotel-hohegeiss-1024x768.jpeg\" \/><\/a>\n\t\t\t<\/dt>\n\t\t\t\t<dd class='wp-caption-text gallery-caption' id='gallery-1-6354'>\n\t\t\t\tModern renoviertes Einzelzimmer\n\t\t\t\t<\/dd><\/dl><dl class='gallery-item'>\n\t\t\t<dt class='gallery-icon landscape'>\n\t\t\t\t<a href='https:\/\/berghotel-hohegeiss.com\/en\/?attachment_id=5004'><img decoding=\"async\" width=\"150\" height=\"150\" src=\"https:\/\/berghotel-hohegeiss.com\/wp-content\/uploads\/2023\/12\/berghotel-hohegeiss-einzelzimmer-uebersicht-bett-lichtdurchflutet-150x150.jpeg\" class=\"attachment-thumbnail size-thumbnail\" alt=\"Einzelzimmer mit 180 x 200 cm Bett und lichtdurchfluteten Fenstern im Berghotel Hohegeiss\" aria-describedby=\"gallery-1-5004\" srcset=\"https:\/\/berghotel-hohegeiss.com\/wp-content\/uploads\/2023\/12\/berghotel-hohegeiss-einzelzimmer-uebersicht-bett-lichtdurchflutet-150x150.jpeg 150w, https:\/\/berghotel-hohegeiss.com\/wp-content\/uploads\/2023\/12\/berghotel-hohegeiss-einzelzimmer-uebersicht-bett-lichtdurchflutet-480x480.jpeg 480w\" sizes=\"(max-width: 150px) 100vw, 150px\" data-attachment-id=\"5004\" data-permalink=\"https:\/\/berghotel-hohegeiss.com\/en\/?attachment_id=5004\" data-orig-file=\"https:\/\/berghotel-hohegeiss.com\/wp-content\/uploads\/2023\/12\/berghotel-hohegeiss-einzelzimmer-uebersicht-bett-lichtdurchflutet-scaled.jpeg\" data-orig-size=\"2560,1920\" data-comments-opened=\"0\" data-image-meta=\"{&quot;aperture&quot;:&quot;2.4&quot;,&quot;credit&quot;:&quot;&quot;,&quot;camera&quot;:&quot;iPhone 13&quot;,&quot;caption&quot;:&quot;&quot;,&quot;created_timestamp&quot;:&quot;1737287190&quot;,&quot;copyright&quot;:&quot;&quot;,&quot;focal_length&quot;:&quot;1.54&quot;,&quot;iso&quot;:&quot;32&quot;,&quot;shutter_speed&quot;:&quot;0.0078125&quot;,&quot;title&quot;:&quot;&quot;,&quot;orientation&quot;:&quot;1&quot;,&quot;lens&quot;:&quot;&quot;}\" data-image-title=\"Einzelzimmer \u2013 \u00dcbersicht mit Bett und Tageslicht \u2013 Berghotel Hohegeiss\" data-image-description=\"&lt;p&gt;Diese \u00dcbersicht des Einzelzimmers im Berghotel Hohegeiss zeigt ein gro\u00dfz\u00fcgiges 180 x 200 cm gro\u00dfes Bett sowie gro\u00dfe Fenster, die viel Tageslicht in den Raum lassen. Ideal f\u00fcr Alleinreisende, die Wert auf Ruhe und Helligkeit legen.&lt;\/p&gt;\n\" data-image-caption=\"&lt;p&gt;Einzelzimmer im Berghotel Hohegeiss mit gro\u00dfz\u00fcgigem Bett und hellem Tageslicht&lt;\/p&gt;\n\" data-medium-file=\"https:\/\/berghotel-hohegeiss.com\/wp-content\/uploads\/2023\/12\/berghotel-hohegeiss-einzelzimmer-uebersicht-bett-lichtdurchflutet-300x225.jpeg\" data-large-file=\"https:\/\/berghotel-hohegeiss.com\/wp-content\/uploads\/2023\/12\/berghotel-hohegeiss-einzelzimmer-uebersicht-bett-lichtdurchflutet-1024x768.jpeg\" \/><\/a>\n\t\t\t<\/dt>\n\t\t\t\t<dd class='wp-caption-text gallery-caption' id='gallery-1-5004'>\n\t\t\t\tEinzelzimmer im Berghotel Hohegeiss mit gro\u00dfz\u00fcgigem Bett und hellem Tageslicht\n\t\t\t\t<\/dd><\/dl><dl class='gallery-item'>\n\t\t\t<dt class='gallery-icon portrait'>\n\t\t\t\t<a href='https:\/\/berghotel-hohegeiss.com\/en\/?attachment_id=4996'><img decoding=\"async\" width=\"150\" height=\"150\" src=\"https:\/\/berghotel-hohegeiss.com\/wp-content\/uploads\/2023\/12\/berghotel-hohegeiss-einzel-zimmer-mit-terrasse-badezimmer-150x150.jpeg\" class=\"attachment-thumbnail size-thumbnail\" alt=\"Modernes Badezimmer mit Dusche im Einzelzimmer mit Terrasse im Berghotel Hohegei\u00df\" aria-describedby=\"gallery-1-4996\" srcset=\"https:\/\/berghotel-hohegeiss.com\/wp-content\/uploads\/2023\/12\/berghotel-hohegeiss-einzel-zimmer-mit-terrasse-badezimmer-150x150.jpeg 150w, https:\/\/berghotel-hohegeiss.com\/wp-content\/uploads\/2023\/12\/berghotel-hohegeiss-einzel-zimmer-mit-terrasse-badezimmer-480x480.jpeg 480w\" sizes=\"(max-width: 150px) 100vw, 150px\" data-attachment-id=\"4996\" data-permalink=\"https:\/\/berghotel-hohegeiss.com\/en\/?attachment_id=4996\" data-orig-file=\"https:\/\/berghotel-hohegeiss.com\/wp-content\/uploads\/2023\/12\/berghotel-hohegeiss-einzel-zimmer-mit-terrasse-badezimmer.jpeg\" data-orig-size=\"1536,2048\" data-comments-opened=\"0\" data-image-meta=\"{&quot;aperture&quot;:&quot;2.2&quot;,&quot;credit&quot;:&quot;&quot;,&quot;camera&quot;:&quot;iPhone 16&quot;,&quot;caption&quot;:&quot;&quot;,&quot;created_timestamp&quot;:&quot;1734359349&quot;,&quot;copyright&quot;:&quot;&quot;,&quot;focal_length&quot;:&quot;2.2200000286119&quot;,&quot;iso&quot;:&quot;400&quot;,&quot;shutter_speed&quot;:&quot;0.01&quot;,&quot;title&quot;:&quot;&quot;,&quot;orientation&quot;:&quot;1&quot;,&quot;lens&quot;:&quot;iPhone 16 back dual wide camera 2.22mm f\/2.2&quot;}\" data-image-title=\"IMG_7892\" data-image-description=\"&lt;p&gt;Das moderne Bad verf\u00fcgt \u00fcber eine Dusche, ein WC und ein Waschbecken \u2013 alles f\u00fcr einen komfortablen Aufenthalt.&lt;\/p&gt;\n\" data-image-caption=\"&lt;p&gt;Badezimmer Einzelzimmer&lt;\/p&gt;\n\" data-medium-file=\"https:\/\/berghotel-hohegeiss.com\/wp-content\/uploads\/2023\/12\/berghotel-hohegeiss-einzel-zimmer-mit-terrasse-badezimmer-225x300.jpeg\" data-large-file=\"https:\/\/berghotel-hohegeiss.com\/wp-content\/uploads\/2023\/12\/berghotel-hohegeiss-einzel-zimmer-mit-terrasse-badezimmer-768x1024.jpeg\" \/><\/a>\n\t\t\t<\/dt>\n\t\t\t\t<dd class='wp-caption-text gallery-caption' id='gallery-1-4996'>\n\t\t\t\tBadezimmer Einzelzimmer\n\t\t\t\t<\/dd><\/dl><br style=\"clear: both\" \/>\n\t\t<\/div>\n\n","protected":false},"excerpt":{"rendered":"<p>Modern furnished single room (possibly with child), with separate bathroom.<\/p>\n<p>From \u20ac 75 <br \/>incl. breakfast<\/p>","protected":false},"author":1,"featured_media":5004,"parent":791,"menu_order":0,"comment_status":"closed","ping_status":"closed","template":"","meta":{"footnotes":""},"class_list":["post-5755","page","type-page","status-publish","has-post-thumbnail","hentry"],"yoast_head":"<!-- This site is optimized with the Yoast SEO plugin v27.3 - https:\/\/yoast.com\/product\/yoast-seo-wordpress\/ -->\n<title>Einzelzimmer - Berghotel Hohegeiss<\/title>\n<meta name=\"description\" content=\"Helles Einzelzimmer im Berghotel Hohegeiss mit 180 x 200 cm Bett, Flachbild-TV und gro\u00dfem Spiegel \u2013 auch f\u00fcr einen Erwachsenen mit Kind geeignet.\" \/>\n<meta name=\"robots\" content=\"index, follow, max-snippet:-1, max-image-preview:large, max-video-preview:-1\" \/>\n<link rel=\"canonical\" href=\"https:\/\/berghotel-hohegeiss.com\/en\/our-rooms\/single-room\/\" \/>\n<meta property=\"og:locale\" content=\"en_GB\" \/>\n<meta property=\"og:type\" content=\"article\" \/>\n<meta property=\"og:title\" content=\"Einzelzimmer - Berghotel Hohegeiss\" \/>\n<meta property=\"og:description\" content=\"Helles Einzelzimmer im Berghotel Hohegeiss mit 180 x 200 cm Bett, Flachbild-TV und gro\u00dfem Spiegel \u2013 auch f\u00fcr einen Erwachsenen mit Kind geeignet.\" \/>\n<meta property=\"og:url\" content=\"https:\/\/berghotel-hohegeiss.com\/en\/our-rooms\/single-room\/\" \/>\n<meta property=\"og:site_name\" content=\"Berghotel Hohegeiss\" \/>\n<meta property=\"article:publisher\" content=\"https:\/\/www.facebook.com\/Berghotel-Hohegeiss-101262279197312\" \/>\n<meta property=\"article:modified_time\" content=\"2026-01-16T15:24:55+00:00\" \/>\n<meta property=\"og:image\" content=\"https:\/\/berghotel-hohegeiss.com\/wp-content\/uploads\/2023\/12\/berghotel-hohegeiss-einzelzimmer-uebersicht-bett-lichtdurchflutet-scaled.jpeg\" \/>\n\t<meta property=\"og:image:width\" content=\"2560\" \/>\n\t<meta property=\"og:image:height\" content=\"1920\" \/>\n\t<meta property=\"og:image:type\" content=\"image\/jpeg\" \/>\n<script type=\"application\/ld+json\" class=\"yoast-schema-graph\">{\"@context\":\"https:\\\/\\\/schema.org\",\"@graph\":[{\"@type\":\"WebPage\",\"@id\":\"https:\\\/\\\/berghotel-hohegeiss.com\\\/unsere-zimmer\\\/einzelzimmer\",\"url\":\"https:\\\/\\\/berghotel-hohegeiss.com\\\/unsere-zimmer\\\/einzelzimmer\",\"name\":\"Einzelzimmer - Berghotel Hohegeiss\",\"isPartOf\":{\"@id\":\"https:\\\/\\\/berghotel-hohegeiss.com\\\/#website\"},\"primaryImageOfPage\":{\"@id\":\"https:\\\/\\\/berghotel-hohegeiss.com\\\/unsere-zimmer\\\/einzelzimmer#primaryimage\"},\"image\":{\"@id\":\"https:\\\/\\\/berghotel-hohegeiss.com\\\/unsere-zimmer\\\/einzelzimmer#primaryimage\"},\"thumbnailUrl\":\"https:\\\/\\\/berghotel-hohegeiss.com\\\/wp-content\\\/uploads\\\/2023\\\/12\\\/berghotel-hohegeiss-einzelzimmer-uebersicht-bett-lichtdurchflutet-scaled.jpeg\",\"datePublished\":\"2025-08-20T11:12:56+00:00\",\"dateModified\":\"2026-01-16T15:24:55+00:00\",\"description\":\"Helles Einzelzimmer im Berghotel Hohegeiss mit 180 x 200 cm Bett, Flachbild-TV und gro\u00dfem Spiegel \u2013 auch f\u00fcr einen Erwachsenen mit Kind geeignet.\",\"breadcrumb\":{\"@id\":\"https:\\\/\\\/berghotel-hohegeiss.com\\\/unsere-zimmer\\\/einzelzimmer#breadcrumb\"},\"inLanguage\":\"en-GB\",\"potentialAction\":[{\"@type\":\"ReadAction\",\"target\":[\"https:\\\/\\\/berghotel-hohegeiss.com\\\/unsere-zimmer\\\/einzelzimmer\"]}]},{\"@type\":\"ImageObject\",\"inLanguage\":\"en-GB\",\"@id\":\"https:\\\/\\\/berghotel-hohegeiss.com\\\/unsere-zimmer\\\/einzelzimmer#primaryimage\",\"url\":\"https:\\\/\\\/berghotel-hohegeiss.com\\\/wp-content\\\/uploads\\\/2023\\\/12\\\/berghotel-hohegeiss-einzelzimmer-uebersicht-bett-lichtdurchflutet-scaled.jpeg\",\"contentUrl\":\"https:\\\/\\\/berghotel-hohegeiss.com\\\/wp-content\\\/uploads\\\/2023\\\/12\\\/berghotel-hohegeiss-einzelzimmer-uebersicht-bett-lichtdurchflutet-scaled.jpeg\",\"width\":2560,\"height\":1920,\"caption\":\"Einzelzimmer im Berghotel Hohegeiss mit gro\u00dfz\u00fcgigem Bett und hellem Tageslicht\"},{\"@type\":\"BreadcrumbList\",\"@id\":\"https:\\\/\\\/berghotel-hohegeiss.com\\\/unsere-zimmer\\\/einzelzimmer#breadcrumb\",\"itemListElement\":[{\"@type\":\"ListItem\",\"position\":1,\"name\":\"Home\",\"item\":\"https:\\\/\\\/berghotel-hohegeiss.com\\\/\"},{\"@type\":\"ListItem\",\"position\":2,\"name\":\"Unsere Zimmer\",\"item\":\"https:\\\/\\\/berghotel-hohegeiss.com\\\/unsere-zimmer\"},{\"@type\":\"ListItem\",\"position\":3,\"name\":\"Einzelzimmer\"}]},{\"@type\":\"WebSite\",\"@id\":\"https:\\\/\\\/berghotel-hohegeiss.com\\\/#website\",\"url\":\"https:\\\/\\\/berghotel-hohegeiss.com\\\/\",\"name\":\"Berghotel Hohegeiss\",\"description\":\"hotel pension hohegeiss hohegei\u00df\",\"potentialAction\":[{\"@type\":\"SearchAction\",\"target\":{\"@type\":\"EntryPoint\",\"urlTemplate\":\"https:\\\/\\\/berghotel-hohegeiss.com\\\/?s={search_term_string}\"},\"query-input\":{\"@type\":\"PropertyValueSpecification\",\"valueRequired\":true,\"valueName\":\"search_term_string\"}}],\"inLanguage\":\"en-GB\"}]}<\/script>\n<!-- \/ Yoast SEO plugin. -->","yoast_head_json":{"title":"Single room - Berghotel Hohegeiss","description":"Bright single room in the Berghotel Hohegeiss with 180 x 200 cm bed, flat-screen TV and large mirror - also suitable for an adult with a child.","robots":{"index":"index","follow":"follow","max-snippet":"max-snippet:-1","max-image-preview":"max-image-preview:large","max-video-preview":"max-video-preview:-1"},"canonical":"https:\/\/berghotel-hohegeiss.com\/en\/our-rooms\/single-room\/","og_locale":"en_GB","og_type":"article","og_title":"Einzelzimmer - Berghotel Hohegeiss","og_description":"Helles Einzelzimmer im Berghotel Hohegeiss mit 180 x 200 cm Bett, Flachbild-TV und gro\u00dfem Spiegel \u2013 auch f\u00fcr einen Erwachsenen mit Kind geeignet.","og_url":"https:\/\/berghotel-hohegeiss.com\/en\/our-rooms\/single-room\/","og_site_name":"Berghotel Hohegeiss","article_publisher":"https:\/\/www.facebook.com\/Berghotel-Hohegeiss-101262279197312","article_modified_time":"2026-01-16T15:24:55+00:00","og_image":[{"width":2560,"height":1920,"url":"https:\/\/berghotel-hohegeiss.com\/wp-content\/uploads\/2023\/12\/berghotel-hohegeiss-einzelzimmer-uebersicht-bett-lichtdurchflutet-scaled.jpeg","type":"image\/jpeg"}],"schema":{"@context":"https:\/\/schema.org","@graph":[{"@type":"WebPage","@id":"https:\/\/berghotel-hohegeiss.com\/unsere-zimmer\/einzelzimmer","url":"https:\/\/berghotel-hohegeiss.com\/unsere-zimmer\/einzelzimmer","name":"Single room - Berghotel Hohegeiss","isPartOf":{"@id":"https:\/\/berghotel-hohegeiss.com\/#website"},"primaryImageOfPage":{"@id":"https:\/\/berghotel-hohegeiss.com\/unsere-zimmer\/einzelzimmer#primaryimage"},"image":{"@id":"https:\/\/berghotel-hohegeiss.com\/unsere-zimmer\/einzelzimmer#primaryimage"},"thumbnailUrl":"https:\/\/berghotel-hohegeiss.com\/wp-content\/uploads\/2023\/12\/berghotel-hohegeiss-einzelzimmer-uebersicht-bett-lichtdurchflutet-scaled.jpeg","datePublished":"2025-08-20T11:12:56+00:00","dateModified":"2026-01-16T15:24:55+00:00","description":"Bright single room in the Berghotel Hohegeiss with 180 x 200 cm bed, flat-screen TV and large mirror - also suitable for an adult with a child.","breadcrumb":{"@id":"https:\/\/berghotel-hohegeiss.com\/unsere-zimmer\/einzelzimmer#breadcrumb"},"inLanguage":"en-GB","potentialAction":[{"@type":"ReadAction","target":["https:\/\/berghotel-hohegeiss.com\/unsere-zimmer\/einzelzimmer"]}]},{"@type":"ImageObject","inLanguage":"en-GB","@id":"https:\/\/berghotel-hohegeiss.com\/unsere-zimmer\/einzelzimmer#primaryimage","url":"https:\/\/berghotel-hohegeiss.com\/wp-content\/uploads\/2023\/12\/berghotel-hohegeiss-einzelzimmer-uebersicht-bett-lichtdurchflutet-scaled.jpeg","contentUrl":"https:\/\/berghotel-hohegeiss.com\/wp-content\/uploads\/2023\/12\/berghotel-hohegeiss-einzelzimmer-uebersicht-bett-lichtdurchflutet-scaled.jpeg","width":2560,"height":1920,"caption":"Einzelzimmer im Berghotel Hohegeiss mit gro\u00dfz\u00fcgigem Bett und hellem Tageslicht"},{"@type":"BreadcrumbList","@id":"https:\/\/berghotel-hohegeiss.com\/unsere-zimmer\/einzelzimmer#breadcrumb","itemListElement":[{"@type":"ListItem","position":1,"name":"Home","item":"https:\/\/berghotel-hohegeiss.com\/"},{"@type":"ListItem","position":2,"name":"Unsere Zimmer","item":"https:\/\/berghotel-hohegeiss.com\/unsere-zimmer"},{"@type":"ListItem","position":3,"name":"Einzelzimmer"}]},{"@type":"WebSite","@id":"https:\/\/berghotel-hohegeiss.com\/#website","url":"https:\/\/berghotel-hohegeiss.com\/","name":"Berghotel Hohegeiss","description":"hotel pension hohegeiss hohegei\u00df","potentialAction":[{"@type":"SearchAction","target":{"@type":"EntryPoint","urlTemplate":"https:\/\/berghotel-hohegeiss.com\/?s={search_term_string}"},"query-input":{"@type":"PropertyValueSpecification","valueRequired":true,"valueName":"search_term_string"}}],"inLanguage":"en-GB"}]}},"jetpack_sharing_enabled":true,"_links":{"self":[{"href":"https:\/\/berghotel-hohegeiss.com\/en\/wp-json\/wp\/v2\/pages\/5755","targetHints":{"allow":["GET"]}}],"collection":[{"href":"https:\/\/berghotel-hohegeiss.com\/en\/wp-json\/wp\/v2\/pages"}],"about":[{"href":"https:\/\/berghotel-hohegeiss.com\/en\/wp-json\/wp\/v2\/types\/page"}],"author":[{"embeddable":true,"href":"https:\/\/berghotel-hohegeiss.com\/en\/wp-json\/wp\/v2\/users\/1"}],"replies":[{"embeddable":true,"href":"https:\/\/berghotel-hohegeiss.com\/en\/wp-json\/wp\/v2\/comments?post=5755"}],"version-history":[{"count":4,"href":"https:\/\/berghotel-hohegeiss.com\/en\/wp-json\/wp\/v2\/pages\/5755\/revisions"}],"predecessor-version":[{"id":6361,"href":"https:\/\/berghotel-hohegeiss.com\/en\/wp-json\/wp\/v2\/pages\/5755\/revisions\/6361"}],"up":[{"embeddable":true,"href":"https:\/\/berghotel-hohegeiss.com\/en\/wp-json\/wp\/v2\/pages\/791"}],"wp:featuredmedia":[{"embeddable":true,"href":"https:\/\/berghotel-hohegeiss.com\/en\/wp-json\/wp\/v2\/media\/5004"}],"wp:attachment":[{"href":"https:\/\/berghotel-hohegeiss.com\/en\/wp-json\/wp\/v2\/media?parent=5755"}],"curies":[{"name":"wp","href":"https:\/\/api.w.org\/{rel}","templated":true}]}}