{"id":12,"date":"2022-02-03T13:59:07","date_gmt":"2022-02-03T13:59:07","guid":{"rendered":"http:\/\/s900162362.online.de\/let-us-take-care-of-your-holidays"},"modified":"2026-05-02T10:37:33","modified_gmt":"2026-05-02T10:37:33","slug":"willkommen-im-berghotel-hohegeiss","status":"publish","type":"page","link":"https:\/\/berghotel-hohegeiss.com\/nl\/","title":{"rendered":"Welkom bij Berghotel Hohegei\u00df"},"content":{"rendered":"\n<h2 class=\"wp-block-heading alignwide has-text-align-center\" id=\"we-re-a-studio-in-berlin-with-an-international-practice-in-architecture-urban-planning-and-interior-design-we-believe-in-sharing-knowledge-and-promoting-dialogue-to-increase-the-creative-potential-of-collaboration\" style=\"font-size:48px;line-height:1.1\"><br><strong>Willkommen im Berghotel Hohegei\u00df&nbsp;<\/strong><\/h2>\n\n\n\n<h3 class=\"wp-block-heading has-text-align-center\"><br>Ihre gastfreundliche Auszeit im Harz<\/h3>\n\n\n\n<p><\/p>\n\n\n\n<p>Im idyllischen Bergdorf Hohegei\u00df, mitten im Naturpark Harz, begr\u00fc\u00dft Sie das Berghotel Hohegei\u00df mit Herzlichkeit, Ruhe und Komfort. Ob Sie Entspannung, Natur, Kultur oder einen aktiven Urlaub suchen \u2013 unser Hotel ist der ideale Ausgangspunkt f\u00fcr Ihren Aufenthalt in dieser vielf\u00e4ltigen Region.<\/p>\n\n\n\n<p>Unser charakteristisches Hotel verf\u00fcgt \u00fcber 12 gem\u00fctliche Zimmer, verteilt auf 3 Etagen, jedes mit einem einzigartigen Blick auf die umliegende Berglandschaft. Alle Badezimmer wurden 2024\/2025 komplett renoviert, sodass Sie modernen Komfort in einer wohnlichen und gem\u00fctlichen Atmosph\u00e4re genie\u00dfen k\u00f6nnen.<\/p>\n\n\n\n<p>Das Berghotel Hohegei\u00df ist haustierfrei, was den Aufenthalt besonders geeignet macht f\u00fcr G\u00e4ste mit Allergien oder f\u00fcr alle, die eine ruhige und hygienische Umgebung sch\u00e4tzen.<\/p>\n\n\n\n<p>Seit April 2025 sind wir stolz, als Drei-Sterne-Superior-Hotel von der DEHOGA zertifiziert zu sein \u2013 ein Zeichen unseres Engagements f\u00fcr Qualit\u00e4t, Komfort und pers\u00f6nlichen Service.<\/p>\n\n\n\n<p>Lassen Sie sich von unserer pers\u00f6nlichen Betreuung, dem reichhaltigen Fr\u00fchst\u00fccksbuffet und der warmen Atmosph\u00e4re unseres Hauses \u00fcberraschen. Wir freuen uns darauf, Sie bald bei uns begr\u00fc\u00dfen zu d\u00fcrfen!<\/p>\n\n\n<!-- Viato Prc Style -->\r\n<style>\r\n.viatoPrc{\r\nposition: fixed;\r\nz-index: 99999;\r\nbottom: 0;\r\nright: 10px;\r\n}\r\n<\/style>\r\n<!-- Viato Prc -->\r\n<div class=\"viatoPrc\" data-alignment=\"bottom right\" data-key=\"P7QrLpbBnUF8rlO415ba7RnaMPKjUh8mb\" data-color1=\"#7f7f71\" data-color2=\"#6e8044\" data-booking-url=\"\/jetzt-buchen\"><\/div>\r\n\r\n<script src=\"https:\/\/price-widget.viato.travel\/relaunch\/viato-prc.js\"><\/script>\n\n\n\n<script type=\"application\/ld+json\">\r\n{\r\n  \"@context\": \"https:\/\/schema.org\",\r\n  \"@type\": \"Hotel\",\r\n  \"@id\": \"https:\/\/berghotel-hohegeiss.com\/#hotel\",\r\n  \"name\": \"Berghotel Hohegei\u00df\",\r\n  \"image\": [\r\n    \"https:\/\/berghotel-hohegeiss.com\/wp-content\/uploads\/2023\/01\/hotel-aussenansicht.jpg\",\r\n    \"https:\/\/berghotel-hohegeiss.com\/wp-content\/uploads\/2023\/01\/fruhstucksraum.jpg\",\r\n    \"https:\/\/berghotel-hohegeiss.com\/wp-content\/uploads\/2023\/12\/berghotel-hohegeiss-familienzimmer-schlafzimmer-1-licht-scaled.jpeg\",\r\n    \"https:\/\/berghotel-hohegeiss.com\/wp-content\/uploads\/2023\/12\/berghotel-hohegeiss-doppelzimmer-mit-balkon-bild3-scaled.jpeg\"\r\n  ],\r\n  \"description\": \"Kleines, familiengef\u00fchrtes 3-Sterne-Superior-Hotel in Hohegei\u00df im Harz mit 12 Zimmern, Panoramablick, Fr\u00fchst\u00fccksangebot und direkter N\u00e4he zum Waldschwimmbad.\",\r\n  \"address\": {\r\n    \"@type\": \"PostalAddress\",\r\n    \"streetAddress\": \"Hubertusstra\u00dfe 2\",\r\n    \"addressLocality\": \"Braunlage\",\r\n    \"postalCode\": \"38700\",\r\n    \"addressCountry\": \"DE\"\r\n  },\r\n  \"geo\": {\r\n    \"@type\": \"GeoCoordinates\",\r\n    \"latitude\": 51.6504,\r\n    \"longitude\": 10.6756\r\n  },\r\n  \"url\": \"https:\/\/berghotel-hohegeiss.com\",\r\n  \"telephone\": \"+49 5583 9229027\",\r\n  \"email\": \"hallo@berghotel-hohegeiss.com\",\r\n  \"checkinTime\": \"15:00\",\r\n  \"checkoutTime\": \"10:30\",\r\n  \"amenityFeature\": [\r\n    {\r\n      \"@type\": \"LocationFeatureSpecification\",\r\n      \"name\": \"Fr\u00fchst\u00fcck\",\r\n      \"value\": true\r\n    },\r\n    {\r\n      \"@type\": \"LocationFeatureSpecification\",\r\n      \"name\": \"Gratis WLAN\",\r\n      \"value\": true\r\n    },\r\n    {\r\n      \"@type\": \"LocationFeatureSpecification\",\r\n      \"name\": \"Elektroauto-Ladestation\",\r\n      \"value\": true\r\n    },\r\n    {\r\n      \"@type\": \"LocationFeatureSpecification\",\r\n      \"name\": \"Nichtraucherzimmer\",\r\n      \"value\": true\r\n    }\r\n  ],\r\n  \"starRating\": {\r\n    \"@type\": \"Rating\",\r\n    \"ratingValue\": \"3\",\r\n    \"bestRating\": \"5\"\r\n  },\r\n  \"aggregateRating\": {\r\n    \"@type\": \"AggregateRating\",\r\n    \"ratingValue\": \"4.7\",\r\n    \"reviewCount\": \"726\",\r\n    \"bestRating\": \"5\"\r\n  },\r\n  \"priceRange\": \"\u20ac85 \u2013 \u20ac210\",\r\n  \"sameAs\": [\r\n    \"https:\/\/www.facebook.com\/berghotelhohegeiss\/\",\r\n    \"https:\/\/www.instagram.com\/berghotelhohegeiss\/\"\r\n  ]\r\n}\r\n<\/script>\n\n\n\n<p><\/p>\n","protected":false},"excerpt":{"rendered":"<p>Welkom bij Berghotel Hohegei\u00df Uw gastvrije time-out in de Harz In het idyllische bergdorp Hohegei\u00df, in het hart van het Harz Natuurpark, verwelkomt Berghotel Hohegei\u00df u met warmte, rust en comfort. Of u nu op zoek bent naar ontspanning, natuur, cultuur of een actieve vakantie - ons hotel is het ideale uitgangspunt voor uw verblijf in deze veelzijdige regio. Ons karakteristieke hotel heeft ... <\/p>\n<p class=\"link-more\"><a href=\"https:\/\/berghotel-hohegeiss.com\/nl\/\" class=\"more-link\"><span class=\"screen-reader-text\"> prova \"Welkom in Berghotel Hohegei\u00df\".<\/span><\/a><\/p>","protected":false},"author":1,"featured_media":0,"parent":0,"menu_order":0,"comment_status":"closed","ping_status":"closed","template":"page-templates\/page-homepage.php","meta":{"footnotes":""},"class_list":["post-12","page","type-page","status-publish","hentry"],"yoast_head":"<!-- This site is optimized with the Yoast SEO plugin v27.6 - https:\/\/yoast.com\/product\/yoast-seo-wordpress\/ -->\n<title>Berghotel Hohegei\u00df \u2013 Ruhiges Hotel im Harz mit modernen Zimmern<\/title>\n<meta name=\"description\" content=\"Ruhig gelegenes, kleines Hotel in Hohegei\u00df. Moderne Zimmer und pers\u00f6nliche Atmosph\u00e4re \u2013 ideal f\u00fcr eine entspannte Auszeit im Harz.\" \/>\n<meta name=\"robots\" content=\"index, follow, max-snippet:-1, max-image-preview:large, max-video-preview:-1\" \/>\n<link rel=\"canonical\" href=\"https:\/\/berghotel-hohegeiss.com\/nl\/\" \/>\n<meta property=\"og:locale\" content=\"nl_NL\" \/>\n<meta property=\"og:type\" content=\"article\" \/>\n<meta property=\"og:title\" content=\"Berghotel Hohegei\u00df \u2013 Ruhiges Hotel im Harz mit modernen Zimmern\" \/>\n<meta property=\"og:description\" content=\"Ruhig gelegenes, kleines Hotel in Hohegei\u00df. Moderne Zimmer und pers\u00f6nliche Atmosph\u00e4re \u2013 ideal f\u00fcr eine entspannte Auszeit im Harz.\" \/>\n<meta property=\"og:url\" content=\"https:\/\/berghotel-hohegeiss.com\/nl\/\" \/>\n<meta property=\"og:site_name\" content=\"Berghotel Hohegeiss\" \/>\n<meta property=\"article:publisher\" content=\"https:\/\/www.facebook.com\/Berghotel-Hohegeiss-101262279197312\" \/>\n<meta property=\"article:modified_time\" content=\"2026-05-02T10:37:33+00:00\" \/>\n<script type=\"application\/ld+json\" class=\"yoast-schema-graph\">{\"@context\":\"https:\\\/\\\/schema.org\",\"@graph\":[{\"@type\":\"WebPage\",\"@id\":\"https:\\\/\\\/berghotel-hohegeiss.com\\\/\",\"url\":\"https:\\\/\\\/berghotel-hohegeiss.com\\\/\",\"name\":\"Berghotel Hohegei\u00df \u2013 Ruhiges Hotel im Harz mit modernen Zimmern\",\"isPartOf\":{\"@id\":\"https:\\\/\\\/berghotel-hohegeiss.com\\\/#website\"},\"datePublished\":\"2022-02-03T13:59:07+00:00\",\"dateModified\":\"2026-05-02T10:37:33+00:00\",\"description\":\"Ruhig gelegenes, kleines Hotel in Hohegei\u00df. Moderne Zimmer und pers\u00f6nliche Atmosph\u00e4re \u2013 ideal f\u00fcr eine entspannte Auszeit im Harz.\",\"breadcrumb\":{\"@id\":\"https:\\\/\\\/berghotel-hohegeiss.com\\\/#breadcrumb\"},\"inLanguage\":\"nl-NL\",\"potentialAction\":[{\"@type\":\"ReadAction\",\"target\":[\"https:\\\/\\\/berghotel-hohegeiss.com\\\/\"]}]},{\"@type\":\"BreadcrumbList\",\"@id\":\"https:\\\/\\\/berghotel-hohegeiss.com\\\/#breadcrumb\",\"itemListElement\":[{\"@type\":\"ListItem\",\"position\":1,\"name\":\"Home\",\"item\":\"https:\\\/\\\/berghotel-hohegeiss.com\\\/\"},{\"@type\":\"ListItem\",\"position\":2,\"name\":\"Willkommen im Berghotel Hohegei\u00df\"}]},{\"@type\":\"WebSite\",\"@id\":\"https:\\\/\\\/berghotel-hohegeiss.com\\\/#website\",\"url\":\"https:\\\/\\\/berghotel-hohegeiss.com\\\/\",\"name\":\"Berghotel Hohegeiss\",\"description\":\"hotel pension hohegeiss hohegei\u00df\",\"potentialAction\":[{\"@type\":\"SearchAction\",\"target\":{\"@type\":\"EntryPoint\",\"urlTemplate\":\"https:\\\/\\\/berghotel-hohegeiss.com\\\/?s={search_term_string}\"},\"query-input\":{\"@type\":\"PropertyValueSpecification\",\"valueRequired\":true,\"valueName\":\"search_term_string\"}}],\"inLanguage\":\"nl-NL\"}]}<\/script>\n<!-- \/ Yoast SEO plugin. -->","yoast_head_json":{"title":"Berghotel Hohegei\u00df - Rustig hotel in de Harz met moderne kamers","description":"Rustig gelegen, klein hotel in Hohegei\u00df. Moderne kamers en een persoonlijke sfeer - ideaal voor een ontspannen vakantie in het Harzgebergte.","robots":{"index":"index","follow":"follow","max-snippet":"max-snippet:-1","max-image-preview":"max-image-preview:large","max-video-preview":"max-video-preview:-1"},"canonical":"https:\/\/berghotel-hohegeiss.com\/nl\/","og_locale":"nl_NL","og_type":"article","og_title":"Berghotel Hohegei\u00df \u2013 Ruhiges Hotel im Harz mit modernen Zimmern","og_description":"Ruhig gelegenes, kleines Hotel in Hohegei\u00df. Moderne Zimmer und pers\u00f6nliche Atmosph\u00e4re \u2013 ideal f\u00fcr eine entspannte Auszeit im Harz.","og_url":"https:\/\/berghotel-hohegeiss.com\/nl\/","og_site_name":"Berghotel Hohegeiss","article_publisher":"https:\/\/www.facebook.com\/Berghotel-Hohegeiss-101262279197312","article_modified_time":"2026-05-02T10:37:33+00:00","schema":{"@context":"https:\/\/schema.org","@graph":[{"@type":"WebPage","@id":"https:\/\/berghotel-hohegeiss.com\/","url":"https:\/\/berghotel-hohegeiss.com\/","name":"Berghotel Hohegei\u00df - Rustig hotel in de Harz met moderne kamers","isPartOf":{"@id":"https:\/\/berghotel-hohegeiss.com\/#website"},"datePublished":"2022-02-03T13:59:07+00:00","dateModified":"2026-05-02T10:37:33+00:00","description":"Rustig gelegen, klein hotel in Hohegei\u00df. Moderne kamers en een persoonlijke sfeer - ideaal voor een ontspannen vakantie in het Harzgebergte.","breadcrumb":{"@id":"https:\/\/berghotel-hohegeiss.com\/#breadcrumb"},"inLanguage":"nl-NL","potentialAction":[{"@type":"ReadAction","target":["https:\/\/berghotel-hohegeiss.com\/"]}]},{"@type":"BreadcrumbList","@id":"https:\/\/berghotel-hohegeiss.com\/#breadcrumb","itemListElement":[{"@type":"ListItem","position":1,"name":"Home","item":"https:\/\/berghotel-hohegeiss.com\/"},{"@type":"ListItem","position":2,"name":"Willkommen im Berghotel Hohegei\u00df"}]},{"@type":"WebSite","@id":"https:\/\/berghotel-hohegeiss.com\/#website","url":"https:\/\/berghotel-hohegeiss.com\/","name":"Berghotel Hohegeiss","description":"hotel pension hohegeiss hohegei\u00df","potentialAction":[{"@type":"SearchAction","target":{"@type":"EntryPoint","urlTemplate":"https:\/\/berghotel-hohegeiss.com\/?s={search_term_string}"},"query-input":{"@type":"PropertyValueSpecification","valueRequired":true,"valueName":"search_term_string"}}],"inLanguage":"nl-NL"}]}},"jetpack_sharing_enabled":true,"_links":{"self":[{"href":"https:\/\/berghotel-hohegeiss.com\/nl\/wp-json\/wp\/v2\/pages\/12","targetHints":{"allow":["GET"]}}],"collection":[{"href":"https:\/\/berghotel-hohegeiss.com\/nl\/wp-json\/wp\/v2\/pages"}],"about":[{"href":"https:\/\/berghotel-hohegeiss.com\/nl\/wp-json\/wp\/v2\/types\/page"}],"author":[{"embeddable":true,"href":"https:\/\/berghotel-hohegeiss.com\/nl\/wp-json\/wp\/v2\/users\/1"}],"replies":[{"embeddable":true,"href":"https:\/\/berghotel-hohegeiss.com\/nl\/wp-json\/wp\/v2\/comments?post=12"}],"version-history":[{"count":16,"href":"https:\/\/berghotel-hohegeiss.com\/nl\/wp-json\/wp\/v2\/pages\/12\/revisions"}],"predecessor-version":[{"id":5500,"href":"https:\/\/berghotel-hohegeiss.com\/nl\/wp-json\/wp\/v2\/pages\/12\/revisions\/5500"}],"wp:attachment":[{"href":"https:\/\/berghotel-hohegeiss.com\/nl\/wp-json\/wp\/v2\/media?parent=12"}],"curies":[{"name":"wp","href":"https:\/\/api.w.org\/{rel}","templated":true}]}}