{"id":128,"date":"2022-02-05T14:20:16","date_gmt":"2022-02-05T14:20:16","guid":{"rendered":"http:\/\/s900162362.online.de\/?page_id=128"},"modified":"2025-08-21T05:59:14","modified_gmt":"2025-08-21T05:59:14","slug":"bedrijf","status":"publish","type":"page","link":"https:\/\/berghotel-hohegeiss.com\/nl\/impressum","title":{"rendered":"Bedrijf"},"content":{"rendered":"<p><\/p>\n\n\n\n<p class=\"has-medium-font-size\"><strong>Berghotel Hohegei\u00df<\/strong><\/p>\n\n\n\n<p>Johannes Jurjen Hermanides<br>\nHubertusstraat 2<br>\n38700 Braunlage OT Hohegei\u00df<\/p>\n\n\n\n<p>Telefoon: +49 5583 9229027<br>E-mail: hallo@berghotel-hohegeiss.com<\/p>\n\n\n\n<p><strong>Omzetbelasting identificatienummer<\/strong>DE353296900<\/p>\n\n\n\n<p class=\"has-medium-font-size\"><strong>Disclaimer<\/strong><\/p>\n\n\n\n<p>Ondanks zorgvuldige controle van de inhoud aanvaarden wij geen aansprakelijkheid voor de inhoud van externe links. Voor de inhoud van de gelinkte pagina's zijn uitsluitend de beheerders van die pagina's verantwoordelijk.<\/p>","protected":false},"excerpt":{"rendered":"<p>Berghotel Hohegei\u00df Johannes Jurjen Hermanides Hubertusstra\u00dfe 2 38700 Braunlage OT Hohegei\u00df Telefoon: +49 5583 9229027E-Mail: hallo@berghotel-hohegeiss.com BTW-nummer: DE353296900 Disclaimer Ondanks zorgvuldige controle van de inhoud aanvaarden wij geen aansprakelijkheid voor de inhoud van externe links. Voor de inhoud van de gelinkte pagina's zijn uitsluitend de beheerders van die pagina's verantwoordelijk.<\/p>","protected":false},"author":1,"featured_media":0,"parent":0,"menu_order":0,"comment_status":"closed","ping_status":"closed","template":"","meta":{"footnotes":""},"class_list":["post-128","page","type-page","status-publish","hentry"],"yoast_head":"<!-- This site is optimized with the Yoast SEO plugin v27.3 - https:\/\/yoast.com\/product\/yoast-seo-wordpress\/ -->\n<title>Impressum - Berghotel Hohegeiss<\/title>\n<meta name=\"description\" content=\"Impressum des Berghotel Hohegei\u00df: Wichtige rechtliche Informationen zu Kontakt, Adresse und Haftungsausschluss.\" \/>\n<meta name=\"robots\" content=\"noindex, nofollow\" \/>\n<meta property=\"og:locale\" content=\"nl_NL\" \/>\n<meta property=\"og:type\" content=\"article\" \/>\n<meta property=\"og:title\" content=\"Impressum - Berghotel Hohegeiss\" \/>\n<meta property=\"og:description\" content=\"Impressum des Berghotel Hohegei\u00df: Wichtige rechtliche Informationen zu Kontakt, Adresse und Haftungsausschluss.\" \/>\n<meta property=\"og:url\" content=\"https:\/\/berghotel-hohegeiss.com\/nl\/bedrijf\/\" \/>\n<meta property=\"og:site_name\" content=\"Berghotel Hohegeiss\" \/>\n<meta property=\"article:publisher\" content=\"https:\/\/www.facebook.com\/Berghotel-Hohegeiss-101262279197312\" \/>\n<meta property=\"article:modified_time\" content=\"2025-08-21T05:59:14+00:00\" \/>\n<script type=\"application\/ld+json\" class=\"yoast-schema-graph\">{\"@context\":\"https:\\\/\\\/schema.org\",\"@graph\":[{\"@type\":\"WebPage\",\"@id\":\"https:\\\/\\\/berghotel-hohegeiss.com\\\/impressum\",\"url\":\"https:\\\/\\\/berghotel-hohegeiss.com\\\/impressum\",\"name\":\"Impressum - Berghotel Hohegeiss\",\"isPartOf\":{\"@id\":\"https:\\\/\\\/berghotel-hohegeiss.com\\\/#website\"},\"datePublished\":\"2022-02-05T14:20:16+00:00\",\"dateModified\":\"2025-08-21T05:59:14+00:00\",\"description\":\"Impressum des Berghotel Hohegei\u00df: Wichtige rechtliche Informationen zu Kontakt, Adresse und Haftungsausschluss.\",\"breadcrumb\":{\"@id\":\"https:\\\/\\\/berghotel-hohegeiss.com\\\/impressum#breadcrumb\"},\"inLanguage\":\"nl-NL\",\"potentialAction\":[{\"@type\":\"ReadAction\",\"target\":[\"https:\\\/\\\/berghotel-hohegeiss.com\\\/impressum\"]}]},{\"@type\":\"BreadcrumbList\",\"@id\":\"https:\\\/\\\/berghotel-hohegeiss.com\\\/impressum#breadcrumb\",\"itemListElement\":[{\"@type\":\"ListItem\",\"position\":1,\"name\":\"Home\",\"item\":\"https:\\\/\\\/berghotel-hohegeiss.com\\\/\"},{\"@type\":\"ListItem\",\"position\":2,\"name\":\"Impressum\"}]},{\"@type\":\"WebSite\",\"@id\":\"https:\\\/\\\/berghotel-hohegeiss.com\\\/#website\",\"url\":\"https:\\\/\\\/berghotel-hohegeiss.com\\\/\",\"name\":\"Berghotel Hohegeiss\",\"description\":\"hotel pension hohegeiss hohegei\u00df\",\"potentialAction\":[{\"@type\":\"SearchAction\",\"target\":{\"@type\":\"EntryPoint\",\"urlTemplate\":\"https:\\\/\\\/berghotel-hohegeiss.com\\\/?s={search_term_string}\"},\"query-input\":{\"@type\":\"PropertyValueSpecification\",\"valueRequired\":true,\"valueName\":\"search_term_string\"}}],\"inLanguage\":\"nl-NL\"}]}<\/script>\n<!-- \/ Yoast SEO plugin. -->","yoast_head_json":{"title":"Bedrijf - Berghotel Hohegeiss","description":"Colofon van Berghotel Hohegei\u00df: Belangrijke juridische informatie over contact, adres en disclaimer.","robots":{"index":"noindex","follow":"nofollow"},"og_locale":"nl_NL","og_type":"article","og_title":"Impressum - Berghotel Hohegeiss","og_description":"Impressum des Berghotel Hohegei\u00df: Wichtige rechtliche Informationen zu Kontakt, Adresse und Haftungsausschluss.","og_url":"https:\/\/berghotel-hohegeiss.com\/nl\/bedrijf\/","og_site_name":"Berghotel Hohegeiss","article_publisher":"https:\/\/www.facebook.com\/Berghotel-Hohegeiss-101262279197312","article_modified_time":"2025-08-21T05:59:14+00:00","schema":{"@context":"https:\/\/schema.org","@graph":[{"@type":"WebPage","@id":"https:\/\/berghotel-hohegeiss.com\/impressum","url":"https:\/\/berghotel-hohegeiss.com\/impressum","name":"Bedrijf - Berghotel Hohegeiss","isPartOf":{"@id":"https:\/\/berghotel-hohegeiss.com\/#website"},"datePublished":"2022-02-05T14:20:16+00:00","dateModified":"2025-08-21T05:59:14+00:00","description":"Colofon van Berghotel Hohegei\u00df: Belangrijke juridische informatie over contact, adres en disclaimer.","breadcrumb":{"@id":"https:\/\/berghotel-hohegeiss.com\/impressum#breadcrumb"},"inLanguage":"nl-NL","potentialAction":[{"@type":"ReadAction","target":["https:\/\/berghotel-hohegeiss.com\/impressum"]}]},{"@type":"BreadcrumbList","@id":"https:\/\/berghotel-hohegeiss.com\/impressum#breadcrumb","itemListElement":[{"@type":"ListItem","position":1,"name":"Home","item":"https:\/\/berghotel-hohegeiss.com\/"},{"@type":"ListItem","position":2,"name":"Impressum"}]},{"@type":"WebSite","@id":"https:\/\/berghotel-hohegeiss.com\/#website","url":"https:\/\/berghotel-hohegeiss.com\/","name":"Berghotel Hohegeiss","description":"hotel pension hohegeiss hohegei\u00df","potentialAction":[{"@type":"SearchAction","target":{"@type":"EntryPoint","urlTemplate":"https:\/\/berghotel-hohegeiss.com\/?s={search_term_string}"},"query-input":{"@type":"PropertyValueSpecification","valueRequired":true,"valueName":"search_term_string"}}],"inLanguage":"nl-NL"}]}},"jetpack_sharing_enabled":true,"_links":{"self":[{"href":"https:\/\/berghotel-hohegeiss.com\/nl\/wp-json\/wp\/v2\/pages\/128","targetHints":{"allow":["GET"]}}],"collection":[{"href":"https:\/\/berghotel-hohegeiss.com\/nl\/wp-json\/wp\/v2\/pages"}],"about":[{"href":"https:\/\/berghotel-hohegeiss.com\/nl\/wp-json\/wp\/v2\/types\/page"}],"author":[{"embeddable":true,"href":"https:\/\/berghotel-hohegeiss.com\/nl\/wp-json\/wp\/v2\/users\/1"}],"replies":[{"embeddable":true,"href":"https:\/\/berghotel-hohegeiss.com\/nl\/wp-json\/wp\/v2\/comments?post=128"}],"version-history":[{"count":12,"href":"https:\/\/berghotel-hohegeiss.com\/nl\/wp-json\/wp\/v2\/pages\/128\/revisions"}],"predecessor-version":[{"id":3395,"href":"https:\/\/berghotel-hohegeiss.com\/nl\/wp-json\/wp\/v2\/pages\/128\/revisions\/3395"}],"wp:attachment":[{"href":"https:\/\/berghotel-hohegeiss.com\/nl\/wp-json\/wp\/v2\/media?parent=128"}],"curies":[{"name":"wp","href":"https:\/\/api.w.org\/{rel}","templated":true}]}}