{"id":136,"date":"2022-02-05T15:32:07","date_gmt":"2022-02-05T15:32:07","guid":{"rendered":"http:\/\/s900162362.online.de\/?page_id=136"},"modified":"2025-06-06T15:51:55","modified_gmt":"2025-06-06T15:51:55","slug":"dataprotection","status":"publish","type":"page","link":"https:\/\/berghotel-hohegeiss.com\/nl\/datenschutz","title":{"rendered":"Privacybeleid"},"content":{"rendered":"<h2 class=\"wp-block-heading\">Privacybeleid<strong> voor de website van Berghotel Hohegei\u00df<\/strong><\/h2>\n\n\n\n<p>De bescherming van uw persoonlijke gegevens is erg belangrijk voor ons. Hieronder informeren wij u over de verwerking van uw persoonlijke gegevens wanneer u onze website gebruikt.<\/p>\n\n\n\n<h3 class=\"wp-block-heading\"><strong>1. verantwoordelijke persoon<\/strong><\/h3>\n\n\n\n<p><strong>Berghotel Hohegei\u00df<\/strong><\/p>\n\n\n\n<p>Hubertusstra\u00dfe 2, 38700 Braunlage OT Hohegei\u00df, Duitsland<\/p>\n\n\n\n<p>E-mail: hallo@berghotel-hohegeiss.com<\/p>\n\n\n\n<p>Telefoon: +49 5583 9229027<\/p>\n\n\n\n<p>Mobiel \/ WhatsApp: +49 151 72406386<\/p>\n\n\n\n<h3 class=\"wp-block-heading\"><strong>2. verzamelen en verwerken van persoonlijke gegevens<\/strong><\/h3>\n\n\n\n<h4 class=\"wp-block-heading\">a. De website bezoeken<\/h4>\n\n\n\n<p>Wanneer u onze website bezoekt, worden automatisch gegevens verzameld zoals uw IP-adres, browsertype en toegangstijd. Deze gegevens worden gebruikt om de werking en verbetering van onze website te garanderen.<\/p>\n\n\n\n<h4 class=\"wp-block-heading\">b. Contactformulier en boekingen<\/h4>\n\n\n\n<p>Als u contact met ons opneemt via het contactformulier of bij het maken van een boeking, worden de door u verstrekte gegevens (bijv. naam, e-mailadres) gebruikt voor de verwerking.<\/p>\n\n\n\n<p>Om een kamer te reserveren, gebruik je de <strong>Viato CBE<\/strong>-boekingssysteem van Viato GmbH. Uw gegevens worden alleen gebruikt om het contract uit te voeren en worden vertrouwelijk behandeld.<\/p>\n\n\n\n<h3 class=\"wp-block-heading\"><strong>3. SSL\/TLS-codering<\/strong><\/h3>\n\n\n\n<p>Onze website maakt gebruik van een <strong>SSL of TLS-versleuteling<\/strong> voor de veilige overdracht van vertrouwelijke inhoud, zoals aanvragen of boekingen die u naar ons stuurt. Deze versleuteling voorkomt dat derden de door u verzonden gegevens kunnen lezen. U kunt de versleutelde verbinding herkennen aan de adresregel van de browser (\"https:\/\/\") en het slotsymbool.<\/p>\n\n\n\n<h3 class=\"wp-block-heading\"><strong>4. rechtsgrondslag voor gegevensverwerking<\/strong><\/h3>\n\n\n\n<p>Uw gegevens worden verwerkt op basis van art. 6 lid 1 lit. a, b en f GDPR.<\/p>\n\n\n\n<h3 class=\"wp-block-heading\"><strong>5. bekendmaking van gegevens aan derden<\/strong><\/h3>\n\n\n\n<p>Uw persoonlijke gegevens worden alleen doorgegeven als dit noodzakelijk is voor de uitvoering van het contract of vanwege wettelijke voorschriften.<\/p>\n\n\n\n<h3 class=\"wp-block-heading\"><strong>6. opslagperiode<\/strong><\/h3>\n\n\n\n<p>Uw gegevens worden niet langer bewaard dan nodig is voor het betreffende doel of zoals vereist door de wet.<\/p>\n\n\n\n<h3 class=\"wp-block-heading\"><strong>7. cookies en toestemmingshulpmiddelen (cookiebanner)<\/strong><\/h3>\n\n\n\n<p>Onze website maakt gebruik van cookies om functies aan te bieden en het gebruik te analyseren. Wanneer u de site voor het eerst bezoekt, wordt u gevraagd om toestemming te geven voor het gebruik van bepaalde cookies via een <strong>Cookiebanner<\/strong> om ze te accepteren of te weigeren. U kunt uw cookie-instellingen op elk gewenst moment aanpassen via de banner of in uw browserinstellingen.<\/p>\n\n\n\n<h3 class=\"wp-block-heading\"><strong>8. google analytics<\/strong><\/h3>\n\n\n\n<p>Onze website maakt gebruik van <strong>Google Analytics<\/strong>een webanalysedienst van Google. Google Analytics maakt gebruik van cookies om het gebruik van onze website te analyseren. De door de cookies gegenereerde informatie (met inbegrip van uw IP-adres) wordt doorgaans overgebracht naar servers van Google in de VS. Wij gebruiken Google Analytics met geactiveerde IP-anonimisering. Meer informatie vindt u in de <a href=\"https:\/\/policies.google.com\/privacy\">Privacybeleid van Google<\/a>.<\/p>\n\n\n\n<h3 class=\"wp-block-heading\"><strong>9. hosting met IONOS<\/strong><\/h3>\n\n\n\n<p>Onze website wordt gehost door <strong>IONOS<\/strong> die serverlogbestanden (bijv. IP-adressen) opslaat om de veiligheid en stabiliteit te garanderen. Meer informatie is te vinden in de <a href=\"https:\/\/www.ionos.de\/terms-gtc\/terms-privacy\/\">IONOS privacybeleid<\/a>.<\/p>\n\n\n\n<h3 class=\"wp-block-heading\"><strong>10e konijn CDN<\/strong><\/h3>\n\n\n\n<p>We gebruiken <strong>Konijntje CDN<\/strong> om de laadtijden van onze website te optimaliseren. Wanneer u onze website bezoekt, worden uw gegevens (bijv. IP-adres) doorgegeven aan de Bunny CDN-servers. Meer informatie kunt u vinden in de <a href=\"https:\/\/bunny.net\/privacy\/\">Privacybeleid van Bunny CDN<\/a>.<\/p>\n\n\n\n<h3 class=\"wp-block-heading\"><strong>11. google web fonts<\/strong><\/h3>\n\n\n\n<p>Deze website maakt gebruik van <strong>Google-lettertypen<\/strong> voor de gestandaardiseerde weergave van lettertypen. De lettertypen worden lokaal ge\u00efnstalleerd, zodat er geen gegevens naar Google-servers worden verzonden.<\/p>\n\n\n\n<h3 class=\"wp-block-heading\"><strong>12e Font Awesome<\/strong><\/h3>\n\n\n\n<p>We gebruiken <strong>Font Ontzagwekkend<\/strong> voor de weergave van pictogrammen. Deze worden lokaal ge\u00efnstalleerd zodat er geen gegevens worden overgedragen naar Font Awesome.<\/p>\n\n\n\n<h3 class=\"wp-block-heading\"><strong>13 Google Maps<\/strong><\/h3>\n\n\n\n<p>Onze website maakt gebruik van <strong>Google Maps<\/strong>om u geografische informatie te tonen. Wanneer u Google Maps gebruikt, worden gegevens zoals uw IP-adres doorgestuurd naar Google in de Verenigde Staten. Meer informatie vindt u in de <a href=\"https:\/\/policies.google.com\/privacy\">Privacybeleid van Google<\/a>.<\/p>\n\n\n\n<h3 class=\"wp-block-heading\"><strong>14. sociale media<\/strong><\/h3>\n\n\n\n<p>Onze website bevat links naar onze profielen op sociale mediaplatforms (bijv. Facebook, Instagram). Als u deze gebruikt, is het privacybeleid van de respectieve aanbieders van toepassing.<\/p>\n\n\n\n<h3 class=\"wp-block-heading\"><strong>15 Uw rechten<\/strong><\/h3>\n\n\n\n<p>U hebt recht op informatie, correctie, verwijdering, beperking van de verwerking en bezwaar tegen de verwerking van uw gegevens. Neem hiervoor contact met ons op via bovenstaande contactgegevens.<\/p>\n\n\n\n<h3 class=\"wp-block-heading\"><strong>16. beveiliging van uw gegevens<\/strong><\/h3>\n\n\n\n<p>We gebruiken technische en organisatorische maatregelen om uw gegevens te beschermen tegen verlies, misbruik en ongeautoriseerde toegang.<\/p>\n\n\n\n<h3 class=\"wp-block-heading\"><strong>17. wijzigingen in het privacybeleid<\/strong><\/h3>\n\n\n\n<p>We behouden ons het recht voor om dit privacybeleid indien nodig aan te passen. De huidige versie is altijd beschikbaar op onze website.<\/p>\n\n\n\n<h3 class=\"wp-block-heading\"><strong>18. contact<\/strong><\/h3>\n\n\n\n<p>Als u vragen hebt over gegevensbescherming, kunt u te allen tijde contact met ons opnemen via de contactgegevens.<\/p>\n\n\n\n<p><\/p>\n\n\n\n<p><\/p>\n\n\n\n<p><\/p>\n\n\n\n<p><\/p>\n\n\n\n<p><\/p>\n\n\n\n<p><\/p>","protected":false},"excerpt":{"rendered":"<p>Privacybeleid voor de website van Berghotel Hohegei\u00df De bescherming van uw persoonlijke gegevens is zeer belangrijk voor ons. Hieronder informeren wij u over de verwerking van uw persoonlijke gegevens bij het gebruik van onze website. 1. verantwoordelijke persoon Berghotel Hohegei\u00df Hubertusstra\u00dfe 2, 38700 Braunlage OT Hohegei\u00df, Duitsland E-Mail: hallo@berghotel-hohegeiss.com Telefoon: +49 5583 9229027 Mobiel \/ WhatsApp: +49 151 72406386 ... <\/p>\n<p class=\"link-more\"><a href=\"https:\/\/berghotel-hohegeiss.com\/nl\/datenschutz\" class=\"more-link\"><span class=\"screen-reader-text\"> prova \"Gegevensbescherming<\/span><\/a><\/p>","protected":false},"author":1,"featured_media":0,"parent":0,"menu_order":0,"comment_status":"closed","ping_status":"closed","template":"","meta":{"footnotes":""},"class_list":["post-136","page","type-page","status-publish","hentry"],"yoast_head":"<!-- This site is optimized with the Yoast SEO plugin v27.4 - https:\/\/yoast.com\/product\/yoast-seo-wordpress\/ -->\n<title>Datenschutz - Berghotel Hohegeiss<\/title>\n<meta name=\"description\" content=\"Ihre Daten sind bei uns sicher \u2013 erfahren Sie in unserer Datenschutzerkl\u00e4rung, wie das Berghotel Hohegei\u00df mit personenbezogenen Daten umgeht.\" \/>\n<meta name=\"robots\" content=\"index, follow, max-snippet:-1, max-image-preview:large, max-video-preview:-1\" \/>\n<link rel=\"canonical\" href=\"https:\/\/berghotel-hohegeiss.com\/nl\/dataprotection\/\" \/>\n<meta property=\"og:locale\" content=\"nl_NL\" \/>\n<meta property=\"og:type\" content=\"article\" \/>\n<meta property=\"og:title\" content=\"Datenschutz - Berghotel Hohegeiss\" \/>\n<meta property=\"og:description\" content=\"Ihre Daten sind bei uns sicher \u2013 erfahren Sie in unserer Datenschutzerkl\u00e4rung, wie das Berghotel Hohegei\u00df mit personenbezogenen Daten umgeht.\" \/>\n<meta property=\"og:url\" content=\"https:\/\/berghotel-hohegeiss.com\/nl\/dataprotection\/\" \/>\n<meta property=\"og:site_name\" content=\"Berghotel Hohegeiss\" \/>\n<meta property=\"article:publisher\" content=\"https:\/\/www.facebook.com\/Berghotel-Hohegeiss-101262279197312\" \/>\n<meta property=\"article:modified_time\" content=\"2025-06-06T15:51:55+00:00\" \/>\n<script type=\"application\/ld+json\" class=\"yoast-schema-graph\">{\"@context\":\"https:\\\/\\\/schema.org\",\"@graph\":[{\"@type\":\"WebPage\",\"@id\":\"https:\\\/\\\/berghotel-hohegeiss.com\\\/datenschutz\",\"url\":\"https:\\\/\\\/berghotel-hohegeiss.com\\\/datenschutz\",\"name\":\"Datenschutz - Berghotel Hohegeiss\",\"isPartOf\":{\"@id\":\"https:\\\/\\\/berghotel-hohegeiss.com\\\/#website\"},\"datePublished\":\"2022-02-05T15:32:07+00:00\",\"dateModified\":\"2025-06-06T15:51:55+00:00\",\"description\":\"Ihre Daten sind bei uns sicher \u2013 erfahren Sie in unserer Datenschutzerkl\u00e4rung, wie das Berghotel Hohegei\u00df mit personenbezogenen Daten umgeht.\",\"breadcrumb\":{\"@id\":\"https:\\\/\\\/berghotel-hohegeiss.com\\\/datenschutz#breadcrumb\"},\"inLanguage\":\"nl-NL\",\"potentialAction\":[{\"@type\":\"ReadAction\",\"target\":[\"https:\\\/\\\/berghotel-hohegeiss.com\\\/datenschutz\"]}]},{\"@type\":\"BreadcrumbList\",\"@id\":\"https:\\\/\\\/berghotel-hohegeiss.com\\\/datenschutz#breadcrumb\",\"itemListElement\":[{\"@type\":\"ListItem\",\"position\":1,\"name\":\"Home\",\"item\":\"https:\\\/\\\/berghotel-hohegeiss.com\\\/\"},{\"@type\":\"ListItem\",\"position\":2,\"name\":\"Datenschutz\"}]},{\"@type\":\"WebSite\",\"@id\":\"https:\\\/\\\/berghotel-hohegeiss.com\\\/#website\",\"url\":\"https:\\\/\\\/berghotel-hohegeiss.com\\\/\",\"name\":\"Berghotel Hohegeiss\",\"description\":\"hotel pension hohegeiss hohegei\u00df\",\"potentialAction\":[{\"@type\":\"SearchAction\",\"target\":{\"@type\":\"EntryPoint\",\"urlTemplate\":\"https:\\\/\\\/berghotel-hohegeiss.com\\\/?s={search_term_string}\"},\"query-input\":{\"@type\":\"PropertyValueSpecification\",\"valueRequired\":true,\"valueName\":\"search_term_string\"}}],\"inLanguage\":\"nl-NL\"}]}<\/script>\n<!-- \/ Yoast SEO plugin. -->","yoast_head_json":{"title":"Gegevensbescherming - Berghotel Hohegeiss","description":"Uw gegevens zijn veilig bij ons - hoe het Berghotel Hohegei\u00df met persoonlijke gegevens omgaat, leest u in ons privacybeleid.","robots":{"index":"index","follow":"follow","max-snippet":"max-snippet:-1","max-image-preview":"max-image-preview:large","max-video-preview":"max-video-preview:-1"},"canonical":"https:\/\/berghotel-hohegeiss.com\/nl\/dataprotection\/","og_locale":"nl_NL","og_type":"article","og_title":"Datenschutz - Berghotel Hohegeiss","og_description":"Ihre Daten sind bei uns sicher \u2013 erfahren Sie in unserer Datenschutzerkl\u00e4rung, wie das Berghotel Hohegei\u00df mit personenbezogenen Daten umgeht.","og_url":"https:\/\/berghotel-hohegeiss.com\/nl\/dataprotection\/","og_site_name":"Berghotel Hohegeiss","article_publisher":"https:\/\/www.facebook.com\/Berghotel-Hohegeiss-101262279197312","article_modified_time":"2025-06-06T15:51:55+00:00","schema":{"@context":"https:\/\/schema.org","@graph":[{"@type":"WebPage","@id":"https:\/\/berghotel-hohegeiss.com\/datenschutz","url":"https:\/\/berghotel-hohegeiss.com\/datenschutz","name":"Gegevensbescherming - Berghotel Hohegeiss","isPartOf":{"@id":"https:\/\/berghotel-hohegeiss.com\/#website"},"datePublished":"2022-02-05T15:32:07+00:00","dateModified":"2025-06-06T15:51:55+00:00","description":"Uw gegevens zijn veilig bij ons - hoe het Berghotel Hohegei\u00df met persoonlijke gegevens omgaat, leest u in ons privacybeleid.","breadcrumb":{"@id":"https:\/\/berghotel-hohegeiss.com\/datenschutz#breadcrumb"},"inLanguage":"nl-NL","potentialAction":[{"@type":"ReadAction","target":["https:\/\/berghotel-hohegeiss.com\/datenschutz"]}]},{"@type":"BreadcrumbList","@id":"https:\/\/berghotel-hohegeiss.com\/datenschutz#breadcrumb","itemListElement":[{"@type":"ListItem","position":1,"name":"Home","item":"https:\/\/berghotel-hohegeiss.com\/"},{"@type":"ListItem","position":2,"name":"Datenschutz"}]},{"@type":"WebSite","@id":"https:\/\/berghotel-hohegeiss.com\/#website","url":"https:\/\/berghotel-hohegeiss.com\/","name":"Berghotel Hohegeiss","description":"hotel pension hohegeiss hohegei\u00df","potentialAction":[{"@type":"SearchAction","target":{"@type":"EntryPoint","urlTemplate":"https:\/\/berghotel-hohegeiss.com\/?s={search_term_string}"},"query-input":{"@type":"PropertyValueSpecification","valueRequired":true,"valueName":"search_term_string"}}],"inLanguage":"nl-NL"}]}},"jetpack_sharing_enabled":true,"_links":{"self":[{"href":"https:\/\/berghotel-hohegeiss.com\/nl\/wp-json\/wp\/v2\/pages\/136","targetHints":{"allow":["GET"]}}],"collection":[{"href":"https:\/\/berghotel-hohegeiss.com\/nl\/wp-json\/wp\/v2\/pages"}],"about":[{"href":"https:\/\/berghotel-hohegeiss.com\/nl\/wp-json\/wp\/v2\/types\/page"}],"author":[{"embeddable":true,"href":"https:\/\/berghotel-hohegeiss.com\/nl\/wp-json\/wp\/v2\/users\/1"}],"replies":[{"embeddable":true,"href":"https:\/\/berghotel-hohegeiss.com\/nl\/wp-json\/wp\/v2\/comments?post=136"}],"version-history":[{"count":10,"href":"https:\/\/berghotel-hohegeiss.com\/nl\/wp-json\/wp\/v2\/pages\/136\/revisions"}],"predecessor-version":[{"id":3439,"href":"https:\/\/berghotel-hohegeiss.com\/nl\/wp-json\/wp\/v2\/pages\/136\/revisions\/3439"}],"wp:attachment":[{"href":"https:\/\/berghotel-hohegeiss.com\/nl\/wp-json\/wp\/v2\/media?parent=136"}],"curies":[{"name":"wp","href":"https:\/\/api.w.org\/{rel}","templated":true}]}}