{"id":287,"date":"2022-02-12T15:57:26","date_gmt":"2022-02-12T15:57:26","guid":{"rendered":"http:\/\/s900162362.online.de\/?page_id=287"},"modified":"2022-02-13T15:00:40","modified_gmt":"2022-02-13T15:00:40","slug":"dutz","status":"publish","type":"page","link":"https:\/\/berghotel-hohegeiss.com\/nl\/dutz-collection-haendler","title":{"rendered":"DUTZ collectie"},"content":{"rendered":"<p>Ik ben al jaren een grote fan van DUTZ-glaswerk en heb zelf inmiddels een mooie collectie. Daarom ben ik er trots op om DUTZ-verkooppunt te zijn in de Harz. Ik nodig u uit om het glaswerk te komen bekijken en wellicht gaat u met een mooie schaal of vaas naar huis.<\/p>\n\n\n\n<p>Liefs Anja<\/p>\n\n\n\n<figure class=\"wp-block-gallery has-nested-images columns-default is-cropped wp-block-gallery-2 is-layout-flex wp-block-gallery-is-layout-flex\">\n<figure class=\"wp-block-image size-large\"><img decoding=\"async\" width=\"1024\" height=\"681\" data-attachment-id=\"306\" data-permalink=\"https:\/\/berghotel-hohegeiss.com\/nl\/dutz-collection-haendler\/dutz-1\" data-orig-file=\"https:\/\/berghotel-hohegeiss.com\/wp-content\/uploads\/2022\/02\/Dutz-1.jpg\" data-orig-size=\"1600,1064\" data-comments-opened=\"1\" data-image-meta=\"{&quot;aperture&quot;:&quot;0&quot;,&quot;credit&quot;:&quot;&quot;,&quot;camera&quot;:&quot;&quot;,&quot;caption&quot;:&quot;&quot;,&quot;created_timestamp&quot;:&quot;0&quot;,&quot;copyright&quot;:&quot;&quot;,&quot;focal_length&quot;:&quot;0&quot;,&quot;iso&quot;:&quot;0&quot;,&quot;shutter_speed&quot;:&quot;0&quot;,&quot;title&quot;:&quot;&quot;,&quot;orientation&quot;:&quot;0&quot;,&quot;lens&quot;:&quot;&quot;}\" data-image-title=\"Dutz-1\" data-image-description=\"\" data-image-caption=\"\" data-medium-file=\"https:\/\/berghotel-hohegeiss.com\/wp-content\/uploads\/2022\/02\/Dutz-1-300x200.jpg\" data-large-file=\"https:\/\/berghotel-hohegeiss.com\/wp-content\/uploads\/2022\/02\/Dutz-1-1024x681.jpg\" data-id=\"306\" src=\"http:\/\/s900162362.online.de\/wp-content\/uploads\/2022\/02\/Dutz-1-1024x681.jpg\" alt=\"\" class=\"wp-image-306\" srcset=\"https:\/\/berghotel-hohegeiss.com\/wp-content\/uploads\/2022\/02\/Dutz-1-1024x681.jpg 1024w, https:\/\/berghotel-hohegeiss.com\/wp-content\/uploads\/2022\/02\/Dutz-1-300x200.jpg 300w, https:\/\/berghotel-hohegeiss.com\/wp-content\/uploads\/2022\/02\/Dutz-1-768x511.jpg 768w, https:\/\/berghotel-hohegeiss.com\/wp-content\/uploads\/2022\/02\/Dutz-1-1536x1021.jpg 1536w, https:\/\/berghotel-hohegeiss.com\/wp-content\/uploads\/2022\/02\/Dutz-1-18x12.jpg 18w, https:\/\/berghotel-hohegeiss.com\/wp-content\/uploads\/2022\/02\/Dutz-1-480x319.jpg 480w, https:\/\/berghotel-hohegeiss.com\/wp-content\/uploads\/2022\/02\/Dutz-1-722x480.jpg 722w, https:\/\/berghotel-hohegeiss.com\/wp-content\/uploads\/2022\/02\/Dutz-1-250x166.jpg 250w, https:\/\/berghotel-hohegeiss.com\/wp-content\/uploads\/2022\/02\/Dutz-1-376x250.jpg 376w, https:\/\/berghotel-hohegeiss.com\/wp-content\/uploads\/2022\/02\/Dutz-1-150x100.jpg 150w, https:\/\/berghotel-hohegeiss.com\/wp-content\/uploads\/2022\/02\/Dutz-1.jpg 1600w\" sizes=\"(max-width: 1024px) 100vw, 1024px\" \/><\/figure>\n\n\n\n<figure class=\"wp-block-image size-large\"><img decoding=\"async\" width=\"362\" height=\"362\" data-attachment-id=\"302\" data-permalink=\"https:\/\/berghotel-hohegeiss.com\/nl\/dutz-collection-haendler\/907a76a73b206bc841aa5fbdeca91ab2601d3964\" data-orig-file=\"https:\/\/berghotel-hohegeiss.com\/wp-content\/uploads\/2022\/02\/907a76a73b206bc841aa5fbdeca91ab2601d3964.jpg\" data-orig-size=\"362,362\" data-comments-opened=\"1\" data-image-meta=\"{&quot;aperture&quot;:&quot;0&quot;,&quot;credit&quot;:&quot;&quot;,&quot;camera&quot;:&quot;&quot;,&quot;caption&quot;:&quot;&quot;,&quot;created_timestamp&quot;:&quot;0&quot;,&quot;copyright&quot;:&quot;&quot;,&quot;focal_length&quot;:&quot;0&quot;,&quot;iso&quot;:&quot;0&quot;,&quot;shutter_speed&quot;:&quot;0&quot;,&quot;title&quot;:&quot;&quot;,&quot;orientation&quot;:&quot;0&quot;,&quot;lens&quot;:&quot;&quot;}\" data-image-title=\"907a76a73b206bc841aa5fbdeca91ab2601d3964\" data-image-description=\"\" data-image-caption=\"\" data-medium-file=\"https:\/\/berghotel-hohegeiss.com\/wp-content\/uploads\/2022\/02\/907a76a73b206bc841aa5fbdeca91ab2601d3964-300x300.jpg\" data-large-file=\"https:\/\/berghotel-hohegeiss.com\/wp-content\/uploads\/2022\/02\/907a76a73b206bc841aa5fbdeca91ab2601d3964.jpg\" data-id=\"302\" src=\"http:\/\/s900162362.online.de\/wp-content\/uploads\/2022\/02\/907a76a73b206bc841aa5fbdeca91ab2601d3964.jpg\" alt=\"\" class=\"wp-image-302\" srcset=\"https:\/\/berghotel-hohegeiss.com\/wp-content\/uploads\/2022\/02\/907a76a73b206bc841aa5fbdeca91ab2601d3964.jpg 362w, https:\/\/berghotel-hohegeiss.com\/wp-content\/uploads\/2022\/02\/907a76a73b206bc841aa5fbdeca91ab2601d3964-300x300.jpg 300w, https:\/\/berghotel-hohegeiss.com\/wp-content\/uploads\/2022\/02\/907a76a73b206bc841aa5fbdeca91ab2601d3964-150x150.jpg 150w, https:\/\/berghotel-hohegeiss.com\/wp-content\/uploads\/2022\/02\/907a76a73b206bc841aa5fbdeca91ab2601d3964-12x12.jpg 12w, https:\/\/berghotel-hohegeiss.com\/wp-content\/uploads\/2022\/02\/907a76a73b206bc841aa5fbdeca91ab2601d3964-250x250.jpg 250w\" sizes=\"(max-width: 362px) 100vw, 362px\" \/><\/figure>\n\n\n\n<figure class=\"wp-block-image size-large\"><img decoding=\"async\" width=\"600\" height=\"400\" data-attachment-id=\"303\" data-permalink=\"https:\/\/berghotel-hohegeiss.com\/nl\/dutz-collection-haendler\/dutz_pot_cylinder_apricot\" data-orig-file=\"https:\/\/berghotel-hohegeiss.com\/wp-content\/uploads\/2022\/02\/DutZ_pot_cylinder_apricot.jpg\" data-orig-size=\"600,400\" data-comments-opened=\"1\" data-image-meta=\"{&quot;aperture&quot;:&quot;2&quot;,&quot;credit&quot;:&quot;FERDY DAMMAN&quot;,&quot;camera&quot;:&quot;NIKON D850&quot;,&quot;caption&quot;:&quot;&quot;,&quot;created_timestamp&quot;:&quot;1606386899&quot;,&quot;copyright&quot;:&quot;512069&quot;,&quot;focal_length&quot;:&quot;85&quot;,&quot;iso&quot;:&quot;500&quot;,&quot;shutter_speed&quot;:&quot;0.0015625&quot;,&quot;title&quot;:&quot;&quot;,&quot;orientation&quot;:&quot;1&quot;,&quot;lens&quot;:&quot;85.0 mm f\/1.4&quot;}\" data-image-title=\"DutZ_pot_cylinder_apricot\" data-image-description=\"\" data-image-caption=\"\" data-medium-file=\"https:\/\/berghotel-hohegeiss.com\/wp-content\/uploads\/2022\/02\/DutZ_pot_cylinder_apricot-300x200.jpg\" data-large-file=\"https:\/\/berghotel-hohegeiss.com\/wp-content\/uploads\/2022\/02\/DutZ_pot_cylinder_apricot.jpg\" data-id=\"303\" src=\"http:\/\/s900162362.online.de\/wp-content\/uploads\/2022\/02\/DutZ_pot_cylinder_apricot.jpg\" alt=\"\" class=\"wp-image-303\" srcset=\"https:\/\/berghotel-hohegeiss.com\/wp-content\/uploads\/2022\/02\/DutZ_pot_cylinder_apricot.jpg 600w, https:\/\/berghotel-hohegeiss.com\/wp-content\/uploads\/2022\/02\/DutZ_pot_cylinder_apricot-300x200.jpg 300w, https:\/\/berghotel-hohegeiss.com\/wp-content\/uploads\/2022\/02\/DutZ_pot_cylinder_apricot-18x12.jpg 18w, https:\/\/berghotel-hohegeiss.com\/wp-content\/uploads\/2022\/02\/DutZ_pot_cylinder_apricot-480x320.jpg 480w, https:\/\/berghotel-hohegeiss.com\/wp-content\/uploads\/2022\/02\/DutZ_pot_cylinder_apricot-250x167.jpg 250w, https:\/\/berghotel-hohegeiss.com\/wp-content\/uploads\/2022\/02\/DutZ_pot_cylinder_apricot-375x250.jpg 375w, https:\/\/berghotel-hohegeiss.com\/wp-content\/uploads\/2022\/02\/DutZ_pot_cylinder_apricot-150x100.jpg 150w\" sizes=\"(max-width: 600px) 100vw, 600px\" \/><\/figure>\n\n\n\n<figure class=\"wp-block-image size-full\"><img decoding=\"async\" width=\"1024\" height=\"683\" data-attachment-id=\"311\" data-permalink=\"https:\/\/berghotel-hohegeiss.com\/nl\/dutz-collection-haendler\/dutz_druba_votive_rostbrown-1024x683-1\" data-orig-file=\"https:\/\/berghotel-hohegeiss.com\/wp-content\/uploads\/2022\/02\/DutZ_druba_votive_rostbrown-1024x683-1.jpg\" data-orig-size=\"1024,683\" data-comments-opened=\"1\" data-image-meta=\"{&quot;aperture&quot;:&quot;0&quot;,&quot;credit&quot;:&quot;&quot;,&quot;camera&quot;:&quot;&quot;,&quot;caption&quot;:&quot;&quot;,&quot;created_timestamp&quot;:&quot;0&quot;,&quot;copyright&quot;:&quot;&quot;,&quot;focal_length&quot;:&quot;0&quot;,&quot;iso&quot;:&quot;0&quot;,&quot;shutter_speed&quot;:&quot;0&quot;,&quot;title&quot;:&quot;&quot;,&quot;orientation&quot;:&quot;0&quot;,&quot;lens&quot;:&quot;&quot;}\" data-image-title=\"DutZ_druba_votive_rostbrown-1024x683-1\" data-image-description=\"\" data-image-caption=\"\" data-medium-file=\"https:\/\/berghotel-hohegeiss.com\/wp-content\/uploads\/2022\/02\/DutZ_druba_votive_rostbrown-1024x683-1-300x200.jpg\" data-large-file=\"https:\/\/berghotel-hohegeiss.com\/wp-content\/uploads\/2022\/02\/DutZ_druba_votive_rostbrown-1024x683-1.jpg\" data-id=\"311\" src=\"http:\/\/s900162362.online.de\/wp-content\/uploads\/2022\/02\/DutZ_druba_votive_rostbrown-1024x683-1.jpg\" alt=\"\" class=\"wp-image-311\" srcset=\"https:\/\/berghotel-hohegeiss.com\/wp-content\/uploads\/2022\/02\/DutZ_druba_votive_rostbrown-1024x683-1.jpg 1024w, https:\/\/berghotel-hohegeiss.com\/wp-content\/uploads\/2022\/02\/DutZ_druba_votive_rostbrown-1024x683-1-300x200.jpg 300w, https:\/\/berghotel-hohegeiss.com\/wp-content\/uploads\/2022\/02\/DutZ_druba_votive_rostbrown-1024x683-1-768x512.jpg 768w, https:\/\/berghotel-hohegeiss.com\/wp-content\/uploads\/2022\/02\/DutZ_druba_votive_rostbrown-1024x683-1-18x12.jpg 18w, https:\/\/berghotel-hohegeiss.com\/wp-content\/uploads\/2022\/02\/DutZ_druba_votive_rostbrown-1024x683-1-480x320.jpg 480w, https:\/\/berghotel-hohegeiss.com\/wp-content\/uploads\/2022\/02\/DutZ_druba_votive_rostbrown-1024x683-1-720x480.jpg 720w, https:\/\/berghotel-hohegeiss.com\/wp-content\/uploads\/2022\/02\/DutZ_druba_votive_rostbrown-1024x683-1-250x167.jpg 250w, https:\/\/berghotel-hohegeiss.com\/wp-content\/uploads\/2022\/02\/DutZ_druba_votive_rostbrown-1024x683-1-375x250.jpg 375w, https:\/\/berghotel-hohegeiss.com\/wp-content\/uploads\/2022\/02\/DutZ_druba_votive_rostbrown-1024x683-1-150x100.jpg 150w\" sizes=\"(max-width: 1024px) 100vw, 1024px\" \/><\/figure>\n\n\n\n<figure class=\"wp-block-image size-large\"><img decoding=\"async\" width=\"1024\" height=\"313\" data-attachment-id=\"305\" data-permalink=\"https:\/\/berghotel-hohegeiss.com\/nl\/dutz-collection-haendler\/dutz_tumbling_vases02_a-1536x469-2\" data-orig-file=\"https:\/\/berghotel-hohegeiss.com\/wp-content\/uploads\/2022\/02\/DutZ_tumbling_vases02_a-1536x469-2.jpg\" data-orig-size=\"1536,469\" data-comments-opened=\"1\" data-image-meta=\"{&quot;aperture&quot;:&quot;2.5&quot;,&quot;credit&quot;:&quot;FERDY DAMMAN&quot;,&quot;camera&quot;:&quot;NIKON D850&quot;,&quot;caption&quot;:&quot;&quot;,&quot;created_timestamp&quot;:&quot;1589543963&quot;,&quot;copyright&quot;:&quot;511048&quot;,&quot;focal_length&quot;:&quot;85&quot;,&quot;iso&quot;:&quot;125&quot;,&quot;shutter_speed&quot;:&quot;0.0015625&quot;,&quot;title&quot;:&quot;&quot;,&quot;orientation&quot;:&quot;1&quot;,&quot;lens&quot;:&quot;85.0 mm f\/1.4&quot;}\" data-image-title=\"DutZ_tumbling_vases02_a-1536x469-2\" data-image-description=\"\" data-image-caption=\"\" data-medium-file=\"https:\/\/berghotel-hohegeiss.com\/wp-content\/uploads\/2022\/02\/DutZ_tumbling_vases02_a-1536x469-2-300x92.jpg\" data-large-file=\"https:\/\/berghotel-hohegeiss.com\/wp-content\/uploads\/2022\/02\/DutZ_tumbling_vases02_a-1536x469-2-1024x313.jpg\" data-id=\"305\" src=\"http:\/\/s900162362.online.de\/wp-content\/uploads\/2022\/02\/DutZ_tumbling_vases02_a-1536x469-2-1024x313.jpg\" alt=\"\" class=\"wp-image-305\" srcset=\"https:\/\/berghotel-hohegeiss.com\/wp-content\/uploads\/2022\/02\/DutZ_tumbling_vases02_a-1536x469-2-1024x313.jpg 1024w, https:\/\/berghotel-hohegeiss.com\/wp-content\/uploads\/2022\/02\/DutZ_tumbling_vases02_a-1536x469-2-300x92.jpg 300w, https:\/\/berghotel-hohegeiss.com\/wp-content\/uploads\/2022\/02\/DutZ_tumbling_vases02_a-1536x469-2-768x235.jpg 768w, https:\/\/berghotel-hohegeiss.com\/wp-content\/uploads\/2022\/02\/DutZ_tumbling_vases02_a-1536x469-2-18x5.jpg 18w, https:\/\/berghotel-hohegeiss.com\/wp-content\/uploads\/2022\/02\/DutZ_tumbling_vases02_a-1536x469-2-480x147.jpg 480w, https:\/\/berghotel-hohegeiss.com\/wp-content\/uploads\/2022\/02\/DutZ_tumbling_vases02_a-1536x469-2-250x76.jpg 250w, https:\/\/berghotel-hohegeiss.com\/wp-content\/uploads\/2022\/02\/DutZ_tumbling_vases02_a-1536x469-2-819x250.jpg 819w, https:\/\/berghotel-hohegeiss.com\/wp-content\/uploads\/2022\/02\/DutZ_tumbling_vases02_a-1536x469-2-150x46.jpg 150w, https:\/\/berghotel-hohegeiss.com\/wp-content\/uploads\/2022\/02\/DutZ_tumbling_vases02_a-1536x469-2.jpg 1536w\" sizes=\"(max-width: 1024px) 100vw, 1024px\" \/><\/figure>\n<\/figure>","protected":false},"excerpt":{"rendered":"<p>Ik ben al jaren een grote fan van de DUTZ collectie en heb zelf ook een mooie collectie. Daarom ben ik erg trots om de DUTZ dealer in de Hochharz te zijn.  Ik nodig u uit om al dit moois te bekijken en wie weet gaat u naar huis met een prachtige pot of vaas! Vriendelijke groeten van ... <\/p>\n<p class=\"link-more\"><a href=\"https:\/\/berghotel-hohegeiss.com\/nl\/dutz-collection-haendler\" class=\"more-link\"><span class=\"screen-reader-text\"> prova \"DUTZ collectie<\/span><\/a><\/p>","protected":false},"author":1,"featured_media":289,"parent":0,"menu_order":0,"comment_status":"closed","ping_status":"closed","template":"","meta":{"footnotes":""},"class_list":["post-287","page","type-page","status-publish","has-post-thumbnail","hentry"],"yoast_head":"<!-- This site is optimized with the Yoast SEO plugin v27.3 - https:\/\/yoast.com\/product\/yoast-seo-wordpress\/ -->\n<title>DUTZ collection - Berghotel Hohegeiss<\/title>\n<meta name=\"robots\" content=\"index, follow, max-snippet:-1, max-image-preview:large, max-video-preview:-1\" \/>\n<link rel=\"canonical\" href=\"https:\/\/berghotel-hohegeiss.com\/nl\/dutz\" \/>\n<meta property=\"og:locale\" content=\"nl_NL\" \/>\n<meta property=\"og:type\" content=\"article\" \/>\n<meta property=\"og:title\" content=\"DUTZ collection - Berghotel Hohegeiss\" \/>\n<meta property=\"og:description\" content=\"Ich bin seit Jahren ein gro\u00dfer Fan der DUTZ-collektion und habe selbst eine sch\u00f6ne Sammlung. Deshalb bin ich sehr stolz darauf, der DUTZ-H\u00e4ndler im Hochharz zu sein. &nbsp;Ich lade Sie ein, sich all diese Sch\u00f6nheit anzuschauen und wer wei\u00df, vielleicht gehen Sie ja mit einem sch\u00f6nen Topf oder einer Vase nach Hause! Liebe Gr\u00fc\u00dfe von &hellip; prova &quot;DUTZ collection&quot;\" \/>\n<meta property=\"og:url\" content=\"https:\/\/berghotel-hohegeiss.com\/nl\/dutz\" \/>\n<meta property=\"og:site_name\" content=\"Berghotel Hohegeiss\" \/>\n<meta property=\"article:publisher\" content=\"https:\/\/www.facebook.com\/Berghotel-Hohegeiss-101262279197312\" \/>\n<meta property=\"article:modified_time\" content=\"2022-02-13T15:00:40+00:00\" \/>\n<meta property=\"og:image\" content=\"https:\/\/berghotel-hohegeiss.com\/wp-content\/uploads\/2022\/02\/Dutz.jpg\" \/>\n\t<meta property=\"og:image:width\" content=\"1600\" \/>\n\t<meta property=\"og:image:height\" content=\"1064\" \/>\n\t<meta property=\"og:image:type\" content=\"image\/jpeg\" \/>\n<script type=\"application\/ld+json\" class=\"yoast-schema-graph\">{\"@context\":\"https:\\\/\\\/schema.org\",\"@graph\":[{\"@type\":\"WebPage\",\"@id\":\"https:\\\/\\\/berghotel-hohegeiss.com\\\/nl\\\/dutz-collection-haendler\",\"url\":\"https:\\\/\\\/berghotel-hohegeiss.com\\\/nl\\\/dutz-collection-haendler\",\"name\":\"DUTZ collection - Berghotel Hohegeiss\",\"isPartOf\":{\"@id\":\"https:\\\/\\\/berghotel-hohegeiss.com\\\/#website\"},\"primaryImageOfPage\":{\"@id\":\"https:\\\/\\\/berghotel-hohegeiss.com\\\/nl\\\/dutz-collection-haendler#primaryimage\"},\"image\":{\"@id\":\"https:\\\/\\\/berghotel-hohegeiss.com\\\/nl\\\/dutz-collection-haendler#primaryimage\"},\"thumbnailUrl\":\"https:\\\/\\\/berghotel-hohegeiss.com\\\/wp-content\\\/uploads\\\/2022\\\/02\\\/Dutz.jpg\",\"datePublished\":\"2022-02-12T15:57:26+00:00\",\"dateModified\":\"2022-02-13T15:00:40+00:00\",\"breadcrumb\":{\"@id\":\"https:\\\/\\\/berghotel-hohegeiss.com\\\/nl\\\/dutz-collection-haendler#breadcrumb\"},\"inLanguage\":\"nl-NL\",\"potentialAction\":[{\"@type\":\"ReadAction\",\"target\":[\"https:\\\/\\\/berghotel-hohegeiss.com\\\/nl\\\/dutz-collection-haendler\"]}]},{\"@type\":\"ImageObject\",\"inLanguage\":\"nl-NL\",\"@id\":\"https:\\\/\\\/berghotel-hohegeiss.com\\\/nl\\\/dutz-collection-haendler#primaryimage\",\"url\":\"https:\\\/\\\/berghotel-hohegeiss.com\\\/wp-content\\\/uploads\\\/2022\\\/02\\\/Dutz.jpg\",\"contentUrl\":\"https:\\\/\\\/berghotel-hohegeiss.com\\\/wp-content\\\/uploads\\\/2022\\\/02\\\/Dutz.jpg\",\"width\":1600,\"height\":1064},{\"@type\":\"BreadcrumbList\",\"@id\":\"https:\\\/\\\/berghotel-hohegeiss.com\\\/nl\\\/dutz-collection-haendler#breadcrumb\",\"itemListElement\":[{\"@type\":\"ListItem\",\"position\":1,\"name\":\"Home\",\"item\":\"https:\\\/\\\/berghotel-hohegeiss.com\\\/\"},{\"@type\":\"ListItem\",\"position\":2,\"name\":\"DUTZ collection\"}]},{\"@type\":\"WebSite\",\"@id\":\"https:\\\/\\\/berghotel-hohegeiss.com\\\/#website\",\"url\":\"https:\\\/\\\/berghotel-hohegeiss.com\\\/\",\"name\":\"Berghotel Hohegeiss\",\"description\":\"hotel pension hohegeiss hohegei\u00df\",\"potentialAction\":[{\"@type\":\"SearchAction\",\"target\":{\"@type\":\"EntryPoint\",\"urlTemplate\":\"https:\\\/\\\/berghotel-hohegeiss.com\\\/?s={search_term_string}\"},\"query-input\":{\"@type\":\"PropertyValueSpecification\",\"valueRequired\":true,\"valueName\":\"search_term_string\"}}],\"inLanguage\":\"nl-NL\"}]}<\/script>\n<!-- \/ Yoast SEO plugin. -->","yoast_head_json":{"title":"DUTZ collectie - Berghotel Hohegeiss","robots":{"index":"index","follow":"follow","max-snippet":"max-snippet:-1","max-image-preview":"max-image-preview:large","max-video-preview":"max-video-preview:-1"},"canonical":"https:\/\/berghotel-hohegeiss.com\/nl\/dutz","og_locale":"nl_NL","og_type":"article","og_title":"DUTZ collection - Berghotel Hohegeiss","og_description":"Ich bin seit Jahren ein gro\u00dfer Fan der DUTZ-collektion und habe selbst eine sch\u00f6ne Sammlung. Deshalb bin ich sehr stolz darauf, der DUTZ-H\u00e4ndler im Hochharz zu sein. &nbsp;Ich lade Sie ein, sich all diese Sch\u00f6nheit anzuschauen und wer wei\u00df, vielleicht gehen Sie ja mit einem sch\u00f6nen Topf oder einer Vase nach Hause! Liebe Gr\u00fc\u00dfe von &hellip; prova \"DUTZ collection\"","og_url":"https:\/\/berghotel-hohegeiss.com\/nl\/dutz","og_site_name":"Berghotel Hohegeiss","article_publisher":"https:\/\/www.facebook.com\/Berghotel-Hohegeiss-101262279197312","article_modified_time":"2022-02-13T15:00:40+00:00","og_image":[{"width":1600,"height":1064,"url":"https:\/\/berghotel-hohegeiss.com\/wp-content\/uploads\/2022\/02\/Dutz.jpg","type":"image\/jpeg"}],"schema":{"@context":"https:\/\/schema.org","@graph":[{"@type":"WebPage","@id":"https:\/\/berghotel-hohegeiss.com\/nl\/dutz-collection-haendler","url":"https:\/\/berghotel-hohegeiss.com\/nl\/dutz-collection-haendler","name":"DUTZ collectie - Berghotel Hohegeiss","isPartOf":{"@id":"https:\/\/berghotel-hohegeiss.com\/#website"},"primaryImageOfPage":{"@id":"https:\/\/berghotel-hohegeiss.com\/nl\/dutz-collection-haendler#primaryimage"},"image":{"@id":"https:\/\/berghotel-hohegeiss.com\/nl\/dutz-collection-haendler#primaryimage"},"thumbnailUrl":"https:\/\/berghotel-hohegeiss.com\/wp-content\/uploads\/2022\/02\/Dutz.jpg","datePublished":"2022-02-12T15:57:26+00:00","dateModified":"2022-02-13T15:00:40+00:00","breadcrumb":{"@id":"https:\/\/berghotel-hohegeiss.com\/nl\/dutz-collection-haendler#breadcrumb"},"inLanguage":"nl-NL","potentialAction":[{"@type":"ReadAction","target":["https:\/\/berghotel-hohegeiss.com\/nl\/dutz-collection-haendler"]}]},{"@type":"ImageObject","inLanguage":"nl-NL","@id":"https:\/\/berghotel-hohegeiss.com\/nl\/dutz-collection-haendler#primaryimage","url":"https:\/\/berghotel-hohegeiss.com\/wp-content\/uploads\/2022\/02\/Dutz.jpg","contentUrl":"https:\/\/berghotel-hohegeiss.com\/wp-content\/uploads\/2022\/02\/Dutz.jpg","width":1600,"height":1064},{"@type":"BreadcrumbList","@id":"https:\/\/berghotel-hohegeiss.com\/nl\/dutz-collection-haendler#breadcrumb","itemListElement":[{"@type":"ListItem","position":1,"name":"Home","item":"https:\/\/berghotel-hohegeiss.com\/"},{"@type":"ListItem","position":2,"name":"DUTZ collection"}]},{"@type":"WebSite","@id":"https:\/\/berghotel-hohegeiss.com\/#website","url":"https:\/\/berghotel-hohegeiss.com\/","name":"Berghotel Hohegeiss","description":"hotel pension hohegeiss hohegei\u00df","potentialAction":[{"@type":"SearchAction","target":{"@type":"EntryPoint","urlTemplate":"https:\/\/berghotel-hohegeiss.com\/?s={search_term_string}"},"query-input":{"@type":"PropertyValueSpecification","valueRequired":true,"valueName":"search_term_string"}}],"inLanguage":"nl-NL"}]}},"jetpack_sharing_enabled":true,"_links":{"self":[{"href":"https:\/\/berghotel-hohegeiss.com\/nl\/wp-json\/wp\/v2\/pages\/287","targetHints":{"allow":["GET"]}}],"collection":[{"href":"https:\/\/berghotel-hohegeiss.com\/nl\/wp-json\/wp\/v2\/pages"}],"about":[{"href":"https:\/\/berghotel-hohegeiss.com\/nl\/wp-json\/wp\/v2\/types\/page"}],"author":[{"embeddable":true,"href":"https:\/\/berghotel-hohegeiss.com\/nl\/wp-json\/wp\/v2\/users\/1"}],"replies":[{"embeddable":true,"href":"https:\/\/berghotel-hohegeiss.com\/nl\/wp-json\/wp\/v2\/comments?post=287"}],"version-history":[{"count":0,"href":"https:\/\/berghotel-hohegeiss.com\/nl\/wp-json\/wp\/v2\/pages\/287\/revisions"}],"wp:featuredmedia":[{"embeddable":true,"href":"https:\/\/berghotel-hohegeiss.com\/nl\/wp-json\/wp\/v2\/media\/289"}],"wp:attachment":[{"href":"https:\/\/berghotel-hohegeiss.com\/nl\/wp-json\/wp\/v2\/media?parent=287"}],"curies":[{"name":"wp","href":"https:\/\/api.w.org\/{rel}","templated":true}]}}