{"id":355,"date":"2022-02-14T08:38:54","date_gmt":"2022-02-14T08:38:54","guid":{"rendered":"http:\/\/s900162362.online.de\/?page_id=355"},"modified":"2025-08-22T06:44:56","modified_gmt":"2025-08-22T06:44:56","slug":"faq","status":"publish","type":"page","link":"https:\/\/berghotel-hohegeiss.com\/nl\/faq","title":{"rendered":"FAQ"},"content":{"rendered":"<p>Heeft u vragen over uw boeking, het hotel of andere onderwerpen? Wij hebben de belangrijkste antwoorden hier voor u op een rijtje gezet.<\/p>\n\n\n\n<hr class=\"wp-block-separator has-css-opacity\"\/>\n\n\n\n<div class=\"schema-faq wp-block-yoast-faq-block\"><div class=\"schema-faq-section\" id=\"faq-question-1748694831769\"><strong class=\"schema-faq-question\">Wat zijn de ontbijttijden bij Berghotel Hohegei\u00df?<\/strong> <p class=\"schema-faq-answer\">Het ontbijt wordt dagelijks geserveerd van 08:00 tot 10:00 uur. Er staat een uitgebreid ontbijtbuffet met vers bereide eiergerechten op je te wachten. Het ontbijt is inbegrepen in de kamerprijs.<\/p> <\/div> <div class=\"schema-faq-section\" id=\"faq-question-1748695040165\"><strong class=\"schema-faq-question\">Kan ik mijn elektrische auto opladen?<\/strong> <p class=\"schema-faq-answer\">Vanaf 1 juli 2025 is er een oplaadpunt voor elektrische voertuigen beschikbaar voor onze gasten. Gebruik is mogelijk tegen een vergoeding. Meer informatie over opladen is verkrijgbaar bij de receptie.<\/p> <\/div> <div class=\"schema-faq-section\" id=\"faq-question-1748695070647\"><strong class=\"schema-faq-question\">Is er een parkeerplaats bij het hotel?<\/strong> <p class=\"schema-faq-answer\">Ja, er is gratis parkeergelegenheid direct voor Berghotel Hohegei\u00df. Er zijn nog meer parkeerplaatsen beschikbaar in de Hubertusstra\u00dfe. Reserveren is niet nodig.<\/p> <\/div> <div class=\"schema-faq-section\" id=\"faq-question-1748695094631\"><strong class=\"schema-faq-question\">Wat zijn de openingstijden van de receptie van Berghotel Hohegei\u00df?<\/strong> <p class=\"schema-faq-answer\">Door de kleine omvang van het berghotel is de receptie niet 24 uur per dag bemand. Op de dag van aankomst is het personeel aanwezig vanaf 15.00 uur en op de dag van vertrek vanaf 10.00 uur.<\/p> <\/div> <div class=\"schema-faq-section\" id=\"faq-question-1748695117687\"><strong class=\"schema-faq-question\">Zijn huisdieren toegestaan ?<\/strong> <p class=\"schema-faq-answer\">Niet al onze klanten houden van huisdieren, dus huisdieren zijn niet toegestaan. Zelfs niet de kleinste en schattigste.<\/p> <\/div> <div class=\"schema-faq-section\" id=\"faq-question-1748695138222\"><strong class=\"schema-faq-question\">Wat gebeurt er met verloren voorwerpen in Berghotel Hohegei\u00df?<\/strong> <p class=\"schema-faq-answer\">Gevonden voorwerpen worden drie maanden door ons bewaard. Als je iets mist, neem dan contact met ons op - we helpen je graag.<\/p> <\/div> <div class=\"schema-faq-section\" id=\"faq-question-1748695164622\"><strong class=\"schema-faq-question\">Hoeveel bedraagt de toeristenbelasting bij Berghotel Hohegei\u00df?<\/strong> <p class=\"schema-faq-answer\">Al onze prijzen zijn exclusief de verplichte toeristenbelasting van de stad Braunlage.<br\/>Volwassenen: \u20ac 3,00 per persoon per nacht<br\/>Kinderen van 7 tot 17 jaar: \u20ac 1,65 per persoon per nacht<br\/>Kinderen jonger dan 7 jaar zijn vrijgesteld van toeristenbelasting<\/p> <\/div> <\/div>","protected":false},"excerpt":{"rendered":"<p>Heeft u vragen over uw boeking, het hotel of andere onderwerpen? Wij hebben de belangrijkste antwoorden hier voor u op een rijtje gezet.<\/p>","protected":false},"author":1,"featured_media":0,"parent":0,"menu_order":0,"comment_status":"closed","ping_status":"closed","template":"","meta":{"footnotes":""},"class_list":["post-355","page","type-page","status-publish","hentry"],"yoast_head":"<!-- This site is optimized with the Yoast SEO plugin v27.4 - https:\/\/yoast.com\/product\/yoast-seo-wordpress\/ -->\n<title>FAQ - Berghotel Hohegeiss<\/title>\n<meta name=\"description\" content=\"Antworten auf h\u00e4ufig gestellte Fragen zu Fr\u00fchst\u00fcck, Check-in, Kurtaxe, Parkpl\u00e4tzen und mehr im Berghotel Hohegei\u00df.\" \/>\n<meta name=\"robots\" content=\"index, follow, max-snippet:-1, max-image-preview:large, max-video-preview:-1\" \/>\n<link rel=\"canonical\" href=\"https:\/\/berghotel-hohegeiss.com\/nl\/faq\/\" \/>\n<meta property=\"og:locale\" content=\"nl_NL\" \/>\n<meta property=\"og:type\" content=\"article\" \/>\n<meta property=\"og:title\" content=\"FAQ - Berghotel Hohegeiss\" \/>\n<meta property=\"og:description\" content=\"Antworten auf h\u00e4ufig gestellte Fragen zu Fr\u00fchst\u00fcck, Check-in, Kurtaxe, Parkpl\u00e4tzen und mehr im Berghotel Hohegei\u00df.\" \/>\n<meta property=\"og:url\" content=\"https:\/\/berghotel-hohegeiss.com\/nl\/faq\/\" \/>\n<meta property=\"og:site_name\" content=\"Berghotel Hohegeiss\" \/>\n<meta property=\"article:publisher\" content=\"https:\/\/www.facebook.com\/Berghotel-Hohegeiss-101262279197312\" \/>\n<meta property=\"article:modified_time\" content=\"2025-08-22T06:44:56+00:00\" \/>\n<script type=\"application\/ld+json\" class=\"yoast-schema-graph\">{\"@context\":\"https:\\\/\\\/schema.org\",\"@graph\":[{\"@type\":[\"WebPage\",\"FAQPage\"],\"@id\":\"https:\\\/\\\/berghotel-hohegeiss.com\\\/faq\",\"url\":\"https:\\\/\\\/berghotel-hohegeiss.com\\\/faq\",\"name\":\"FAQ - Berghotel Hohegeiss\",\"isPartOf\":{\"@id\":\"https:\\\/\\\/berghotel-hohegeiss.com\\\/#website\"},\"datePublished\":\"2022-02-14T08:38:54+00:00\",\"dateModified\":\"2025-08-22T06:44:56+00:00\",\"description\":\"Antworten auf h\u00e4ufig gestellte Fragen zu Fr\u00fchst\u00fcck, Check-in, Kurtaxe, Parkpl\u00e4tzen und mehr im Berghotel Hohegei\u00df.\",\"breadcrumb\":{\"@id\":\"https:\\\/\\\/berghotel-hohegeiss.com\\\/faq#breadcrumb\"},\"mainEntity\":[{\"@id\":\"https:\\\/\\\/berghotel-hohegeiss.com\\\/faq#faq-question-1748694831769\"},{\"@id\":\"https:\\\/\\\/berghotel-hohegeiss.com\\\/faq#faq-question-1748695040165\"},{\"@id\":\"https:\\\/\\\/berghotel-hohegeiss.com\\\/faq#faq-question-1748695070647\"},{\"@id\":\"https:\\\/\\\/berghotel-hohegeiss.com\\\/faq#faq-question-1748695094631\"},{\"@id\":\"https:\\\/\\\/berghotel-hohegeiss.com\\\/faq#faq-question-1748695117687\"},{\"@id\":\"https:\\\/\\\/berghotel-hohegeiss.com\\\/faq#faq-question-1748695138222\"},{\"@id\":\"https:\\\/\\\/berghotel-hohegeiss.com\\\/faq#faq-question-1748695164622\"}],\"inLanguage\":\"nl-NL\",\"potentialAction\":[{\"@type\":\"ReadAction\",\"target\":[\"https:\\\/\\\/berghotel-hohegeiss.com\\\/faq\"]}]},{\"@type\":\"BreadcrumbList\",\"@id\":\"https:\\\/\\\/berghotel-hohegeiss.com\\\/faq#breadcrumb\",\"itemListElement\":[{\"@type\":\"ListItem\",\"position\":1,\"name\":\"Home\",\"item\":\"https:\\\/\\\/berghotel-hohegeiss.com\\\/\"},{\"@type\":\"ListItem\",\"position\":2,\"name\":\"FAQ\"}]},{\"@type\":\"WebSite\",\"@id\":\"https:\\\/\\\/berghotel-hohegeiss.com\\\/#website\",\"url\":\"https:\\\/\\\/berghotel-hohegeiss.com\\\/\",\"name\":\"Berghotel Hohegeiss\",\"description\":\"hotel pension hohegeiss hohegei\u00df\",\"potentialAction\":[{\"@type\":\"SearchAction\",\"target\":{\"@type\":\"EntryPoint\",\"urlTemplate\":\"https:\\\/\\\/berghotel-hohegeiss.com\\\/?s={search_term_string}\"},\"query-input\":{\"@type\":\"PropertyValueSpecification\",\"valueRequired\":true,\"valueName\":\"search_term_string\"}}],\"inLanguage\":\"nl-NL\"},{\"@type\":\"Question\",\"@id\":\"https:\\\/\\\/berghotel-hohegeiss.com\\\/faq#faq-question-1748694831769\",\"position\":1,\"url\":\"https:\\\/\\\/berghotel-hohegeiss.com\\\/faq#faq-question-1748694831769\",\"name\":\"Wie sind die Fr\u00fchst\u00fcckszeiten im Berghotel Hohegei\u00df?\",\"answerCount\":1,\"acceptedAnswer\":{\"@type\":\"Answer\",\"text\":\"Das Fr\u00fchst\u00fcck wird t\u00e4glich von 08:00 bis 10:00 Uhr serviert. Es erwartet Sie ein reichhaltiges Fr\u00fchst\u00fccksbuffet mit frisch zubereiteten Eierspeisen. Das Fr\u00fchst\u00fcck ist im Zimmerpreis inbegriffen.\",\"inLanguage\":\"nl-NL\"},\"inLanguage\":\"nl-NL\"},{\"@type\":\"Question\",\"@id\":\"https:\\\/\\\/berghotel-hohegeiss.com\\\/faq#faq-question-1748695040165\",\"position\":2,\"url\":\"https:\\\/\\\/berghotel-hohegeiss.com\\\/faq#faq-question-1748695040165\",\"name\":\"Kann ich mein Elektroauto laden?\",\"answerCount\":1,\"acceptedAnswer\":{\"@type\":\"Answer\",\"text\":\"Ab dem 1. Juli 2025 steht unseren G\u00e4sten eine Lades\u00e4ule f\u00fcr Elektrofahrzeuge zur Verf\u00fcgung. Die Nutzung ist gegen Geb\u00fchr m\u00f6glich. Weitere Informationen zur Abrechnung erhalten Sie an der Rezeption.\",\"inLanguage\":\"nl-NL\"},\"inLanguage\":\"nl-NL\"},{\"@type\":\"Question\",\"@id\":\"https:\\\/\\\/berghotel-hohegeiss.com\\\/faq#faq-question-1748695070647\",\"position\":3,\"url\":\"https:\\\/\\\/berghotel-hohegeiss.com\\\/faq#faq-question-1748695070647\",\"name\":\"Gibt es Parkpl\u00e4tze am Hotel?\",\"answerCount\":1,\"acceptedAnswer\":{\"@type\":\"Answer\",\"text\":\"Ja, direkt vor dem Berghotel Hohegei\u00df stehen Ihnen kostenfreie Parkpl\u00e4tze zur Verf\u00fcgung. Weitere Parkm\u00f6glichkeiten befinden sich an der Hubertusstra\u00dfe. Eine Reservierung ist nicht erforderlich.\",\"inLanguage\":\"nl-NL\"},\"inLanguage\":\"nl-NL\"},{\"@type\":\"Question\",\"@id\":\"https:\\\/\\\/berghotel-hohegeiss.com\\\/faq#faq-question-1748695094631\",\"position\":4,\"url\":\"https:\\\/\\\/berghotel-hohegeiss.com\\\/faq#faq-question-1748695094631\",\"name\":\"Wie sind die \u00d6ffnungszeiten der Rezeption im Berghotel Hohegei\u00df?\",\"answerCount\":1,\"acceptedAnswer\":{\"@type\":\"Answer\",\"text\":\"Aufgrund der geringen Gr\u00f6\u00dfe des Berghotels ist die Rezeption nicht rund um die Uhr besetzt. Am Anreisetag ist das Personal ab 15:00 Uhr und am Abreisetag ab 10:00 Uhr anwesend.\",\"inLanguage\":\"nl-NL\"},\"inLanguage\":\"nl-NL\"},{\"@type\":\"Question\",\"@id\":\"https:\\\/\\\/berghotel-hohegeiss.com\\\/faq#faq-question-1748695117687\",\"position\":5,\"url\":\"https:\\\/\\\/berghotel-hohegeiss.com\\\/faq#faq-question-1748695117687\",\"name\":\"Sind Haustiere erlaubt ?\",\"answerCount\":1,\"acceptedAnswer\":{\"@type\":\"Answer\",\"text\":\"Nicht alle unsere Kunden m\u00f6gen Haustiere, daher sind keine Haustiere erlaubt. Auch nicht noch so klein und niedlich.\",\"inLanguage\":\"nl-NL\"},\"inLanguage\":\"nl-NL\"},{\"@type\":\"Question\",\"@id\":\"https:\\\/\\\/berghotel-hohegeiss.com\\\/faq#faq-question-1748695138222\",\"position\":6,\"url\":\"https:\\\/\\\/berghotel-hohegeiss.com\\\/faq#faq-question-1748695138222\",\"name\":\"Was passiert mit verlorenen Gegenst\u00e4nden im Berghotel Hohegei\u00df?\",\"answerCount\":1,\"acceptedAnswer\":{\"@type\":\"Answer\",\"text\":\"Gefundene Gegenst\u00e4nde werden bei uns drei Monate lang aufbewahrt. Wenn Sie etwas vermissen, kontaktieren Sie uns bitte \u2013 wir helfen Ihnen gerne weiter.\",\"inLanguage\":\"nl-NL\"},\"inLanguage\":\"nl-NL\"},{\"@type\":\"Question\",\"@id\":\"https:\\\/\\\/berghotel-hohegeiss.com\\\/faq#faq-question-1748695164622\",\"position\":7,\"url\":\"https:\\\/\\\/berghotel-hohegeiss.com\\\/faq#faq-question-1748695164622\",\"name\":\"Wie hoch ist die Kurtaxe im Berghotel Hohegei\u00df?\",\"answerCount\":1,\"acceptedAnswer\":{\"@type\":\"Answer\",\"text\":\"Alle unsere Preise verstehen sich zuz\u00fcglich der obligatorischen Kurtaxe der Stadt Braunlage.<br\\\/>Erwachsene: 3,00\u202f\u20ac pro Person und Nacht<br\\\/>Kinder von 7 bis 17 Jahren: 1,65\u202f\u20ac pro Person und Nacht<br\\\/>Kinder unter 7 Jahren sind von der Kurtaxe befreit\",\"inLanguage\":\"nl-NL\"},\"inLanguage\":\"nl-NL\"}]}<\/script>\n<!-- \/ Yoast SEO plugin. -->","yoast_head_json":{"title":"FAQ - Berghotel Hohegeiss","description":"Antwoorden op veelgestelde vragen over ontbijt, inchecken, toeristenbelasting, parkeerplaatsen en meer bij Berghotel Hohegei\u00df.","robots":{"index":"index","follow":"follow","max-snippet":"max-snippet:-1","max-image-preview":"max-image-preview:large","max-video-preview":"max-video-preview:-1"},"canonical":"https:\/\/berghotel-hohegeiss.com\/nl\/faq\/","og_locale":"nl_NL","og_type":"article","og_title":"FAQ - Berghotel Hohegeiss","og_description":"Antworten auf h\u00e4ufig gestellte Fragen zu Fr\u00fchst\u00fcck, Check-in, Kurtaxe, Parkpl\u00e4tzen und mehr im Berghotel Hohegei\u00df.","og_url":"https:\/\/berghotel-hohegeiss.com\/nl\/faq\/","og_site_name":"Berghotel Hohegeiss","article_publisher":"https:\/\/www.facebook.com\/Berghotel-Hohegeiss-101262279197312","article_modified_time":"2025-08-22T06:44:56+00:00","schema":{"@context":"https:\/\/schema.org","@graph":[{"@type":["WebPage","FAQPage"],"@id":"https:\/\/berghotel-hohegeiss.com\/faq","url":"https:\/\/berghotel-hohegeiss.com\/faq","name":"FAQ - Berghotel Hohegeiss","isPartOf":{"@id":"https:\/\/berghotel-hohegeiss.com\/#website"},"datePublished":"2022-02-14T08:38:54+00:00","dateModified":"2025-08-22T06:44:56+00:00","description":"Antwoorden op veelgestelde vragen over ontbijt, inchecken, toeristenbelasting, parkeerplaatsen en meer bij Berghotel Hohegei\u00df.","breadcrumb":{"@id":"https:\/\/berghotel-hohegeiss.com\/faq#breadcrumb"},"mainEntity":[{"@id":"https:\/\/berghotel-hohegeiss.com\/faq#faq-question-1748694831769"},{"@id":"https:\/\/berghotel-hohegeiss.com\/faq#faq-question-1748695040165"},{"@id":"https:\/\/berghotel-hohegeiss.com\/faq#faq-question-1748695070647"},{"@id":"https:\/\/berghotel-hohegeiss.com\/faq#faq-question-1748695094631"},{"@id":"https:\/\/berghotel-hohegeiss.com\/faq#faq-question-1748695117687"},{"@id":"https:\/\/berghotel-hohegeiss.com\/faq#faq-question-1748695138222"},{"@id":"https:\/\/berghotel-hohegeiss.com\/faq#faq-question-1748695164622"}],"inLanguage":"nl-NL","potentialAction":[{"@type":"ReadAction","target":["https:\/\/berghotel-hohegeiss.com\/faq"]}]},{"@type":"BreadcrumbList","@id":"https:\/\/berghotel-hohegeiss.com\/faq#breadcrumb","itemListElement":[{"@type":"ListItem","position":1,"name":"Home","item":"https:\/\/berghotel-hohegeiss.com\/"},{"@type":"ListItem","position":2,"name":"FAQ"}]},{"@type":"WebSite","@id":"https:\/\/berghotel-hohegeiss.com\/#website","url":"https:\/\/berghotel-hohegeiss.com\/","name":"Berghotel Hohegeiss","description":"hotel pension hohegeiss hohegei\u00df","potentialAction":[{"@type":"SearchAction","target":{"@type":"EntryPoint","urlTemplate":"https:\/\/berghotel-hohegeiss.com\/?s={search_term_string}"},"query-input":{"@type":"PropertyValueSpecification","valueRequired":true,"valueName":"search_term_string"}}],"inLanguage":"nl-NL"},{"@type":"Question","@id":"https:\/\/berghotel-hohegeiss.com\/faq#faq-question-1748694831769","position":1,"url":"https:\/\/berghotel-hohegeiss.com\/faq#faq-question-1748694831769","name":"Wat zijn de ontbijttijden bij Berghotel Hohegei\u00df?","answerCount":1,"acceptedAnswer":{"@type":"Answer","text":"Das Fr\u00fchst\u00fcck wird t\u00e4glich von 08:00 bis 10:00 Uhr serviert. Es erwartet Sie ein reichhaltiges Fr\u00fchst\u00fccksbuffet mit frisch zubereiteten Eierspeisen. Das Fr\u00fchst\u00fcck ist im Zimmerpreis inbegriffen.","inLanguage":"nl-NL"},"inLanguage":"nl-NL"},{"@type":"Question","@id":"https:\/\/berghotel-hohegeiss.com\/faq#faq-question-1748695040165","position":2,"url":"https:\/\/berghotel-hohegeiss.com\/faq#faq-question-1748695040165","name":"Kan ik mijn elektrische auto opladen?","answerCount":1,"acceptedAnswer":{"@type":"Answer","text":"Ab dem 1. Juli 2025 steht unseren G\u00e4sten eine Lades\u00e4ule f\u00fcr Elektrofahrzeuge zur Verf\u00fcgung. Die Nutzung ist gegen Geb\u00fchr m\u00f6glich. Weitere Informationen zur Abrechnung erhalten Sie an der Rezeption.","inLanguage":"nl-NL"},"inLanguage":"nl-NL"},{"@type":"Question","@id":"https:\/\/berghotel-hohegeiss.com\/faq#faq-question-1748695070647","position":3,"url":"https:\/\/berghotel-hohegeiss.com\/faq#faq-question-1748695070647","name":"Is er een parkeerplaats bij het hotel?","answerCount":1,"acceptedAnswer":{"@type":"Answer","text":"Ja, direkt vor dem Berghotel Hohegei\u00df stehen Ihnen kostenfreie Parkpl\u00e4tze zur Verf\u00fcgung. Weitere Parkm\u00f6glichkeiten befinden sich an der Hubertusstra\u00dfe. Eine Reservierung ist nicht erforderlich.","inLanguage":"nl-NL"},"inLanguage":"nl-NL"},{"@type":"Question","@id":"https:\/\/berghotel-hohegeiss.com\/faq#faq-question-1748695094631","position":4,"url":"https:\/\/berghotel-hohegeiss.com\/faq#faq-question-1748695094631","name":"Wat zijn de openingstijden van de receptie van Berghotel Hohegei\u00df?","answerCount":1,"acceptedAnswer":{"@type":"Answer","text":"Aufgrund der geringen Gr\u00f6\u00dfe des Berghotels ist die Rezeption nicht rund um die Uhr besetzt. Am Anreisetag ist das Personal ab 15:00 Uhr und am Abreisetag ab 10:00 Uhr anwesend.","inLanguage":"nl-NL"},"inLanguage":"nl-NL"},{"@type":"Question","@id":"https:\/\/berghotel-hohegeiss.com\/faq#faq-question-1748695117687","position":5,"url":"https:\/\/berghotel-hohegeiss.com\/faq#faq-question-1748695117687","name":"Zijn huisdieren toegestaan ?","answerCount":1,"acceptedAnswer":{"@type":"Answer","text":"Nicht alle unsere Kunden m\u00f6gen Haustiere, daher sind keine Haustiere erlaubt. Auch nicht noch so klein und niedlich.","inLanguage":"nl-NL"},"inLanguage":"nl-NL"},{"@type":"Question","@id":"https:\/\/berghotel-hohegeiss.com\/faq#faq-question-1748695138222","position":6,"url":"https:\/\/berghotel-hohegeiss.com\/faq#faq-question-1748695138222","name":"Wat gebeurt er met verloren voorwerpen in Berghotel Hohegei\u00df?","answerCount":1,"acceptedAnswer":{"@type":"Answer","text":"Gefundene Gegenst\u00e4nde werden bei uns drei Monate lang aufbewahrt. Wenn Sie etwas vermissen, kontaktieren Sie uns bitte \u2013 wir helfen Ihnen gerne weiter.","inLanguage":"nl-NL"},"inLanguage":"nl-NL"},{"@type":"Question","@id":"https:\/\/berghotel-hohegeiss.com\/faq#faq-question-1748695164622","position":7,"url":"https:\/\/berghotel-hohegeiss.com\/faq#faq-question-1748695164622","name":"Hoeveel bedraagt de toeristenbelasting bij Berghotel Hohegei\u00df?","answerCount":1,"acceptedAnswer":{"@type":"Answer","text":"Alle unsere Preise verstehen sich zuz\u00fcglich der obligatorischen Kurtaxe der Stadt Braunlage.<br\/>Erwachsene: 3,00\u202f\u20ac pro Person und Nacht<br\/>Kinder von 7 bis 17 Jahren: 1,65\u202f\u20ac pro Person und Nacht<br\/>Kinder unter 7 Jahren sind von der Kurtaxe befreit","inLanguage":"nl-NL"},"inLanguage":"nl-NL"}]}},"jetpack_sharing_enabled":true,"_links":{"self":[{"href":"https:\/\/berghotel-hohegeiss.com\/nl\/wp-json\/wp\/v2\/pages\/355","targetHints":{"allow":["GET"]}}],"collection":[{"href":"https:\/\/berghotel-hohegeiss.com\/nl\/wp-json\/wp\/v2\/pages"}],"about":[{"href":"https:\/\/berghotel-hohegeiss.com\/nl\/wp-json\/wp\/v2\/types\/page"}],"author":[{"embeddable":true,"href":"https:\/\/berghotel-hohegeiss.com\/nl\/wp-json\/wp\/v2\/users\/1"}],"replies":[{"embeddable":true,"href":"https:\/\/berghotel-hohegeiss.com\/nl\/wp-json\/wp\/v2\/comments?post=355"}],"version-history":[{"count":14,"href":"https:\/\/berghotel-hohegeiss.com\/nl\/wp-json\/wp\/v2\/pages\/355\/revisions"}],"predecessor-version":[{"id":5492,"href":"https:\/\/berghotel-hohegeiss.com\/nl\/wp-json\/wp\/v2\/pages\/355\/revisions\/5492"}],"wp:attachment":[{"href":"https:\/\/berghotel-hohegeiss.com\/nl\/wp-json\/wp\/v2\/media?parent=355"}],"curies":[{"name":"wp","href":"https:\/\/api.w.org\/{rel}","templated":true}]}}