{"id":510,"date":"2022-03-17T14:20:07","date_gmt":"2022-03-17T14:20:07","guid":{"rendered":"https:\/\/berghotel-hohegeiss.com\/?page_id=510"},"modified":"2022-04-14T07:50:29","modified_gmt":"2022-04-14T07:50:29","slug":"bezoek-historische-stadjes","status":"publish","type":"page","link":"https:\/\/berghotel-hohegeiss.com\/nl\/besuch-historischer-staedte","title":{"rendered":"Bezoek historische stadjes"},"content":{"rendered":"<div class=\"wp-block-group\"><div class=\"wp-block-group__inner-container is-layout-flow wp-block-group-is-layout-flow\">\n<div class=\"wp-block-columns is-layout-flex wp-container-core-columns-is-layout-9d6595d7 wp-block-columns-is-layout-flex\">\n<div class=\"wp-block-column is-layout-flow wp-block-column-is-layout-flow\">\n<p><strong>Goslar<\/strong><\/p>\n\n\n\n<p>Goslar en de ertsmijn Rammelsberg staan sinds 1992 op de Werelderfgoedlijst van de UNESCO. De unieke sfeer in de smalle middeleeuwse straatjes of op het levendige marktplein met zijn caf\u00e9s nodigen uit tot flaneren en genieten. In de winter vindt op het marktplein een zeer gezellige kerstmarkt plaats.<\/p>\n<\/div>\n\n\n\n<div class=\"wp-block-column is-layout-flow wp-block-column-is-layout-flow\">\n<figure class=\"wp-block-image size-large\"><img decoding=\"async\" width=\"1024\" height=\"684\" data-attachment-id=\"547\" data-permalink=\"https:\/\/berghotel-hohegeiss.com\/nl\/besuch-historischer-staedte\/goslar-gd5728c896_1280\" data-orig-file=\"https:\/\/berghotel-hohegeiss.com\/wp-content\/uploads\/2022\/04\/goslar-gd5728c896_1280.jpg\" data-orig-size=\"1280,855\" data-comments-opened=\"1\" data-image-meta=\"{&quot;aperture&quot;:&quot;0&quot;,&quot;credit&quot;:&quot;&quot;,&quot;camera&quot;:&quot;&quot;,&quot;caption&quot;:&quot;&quot;,&quot;created_timestamp&quot;:&quot;0&quot;,&quot;copyright&quot;:&quot;&quot;,&quot;focal_length&quot;:&quot;0&quot;,&quot;iso&quot;:&quot;0&quot;,&quot;shutter_speed&quot;:&quot;0&quot;,&quot;title&quot;:&quot;&quot;,&quot;orientation&quot;:&quot;0&quot;,&quot;lens&quot;:&quot;&quot;}\" data-image-title=\"goslar-gd5728c896_1280\" data-image-description=\"\" data-image-caption=\"\" data-medium-file=\"https:\/\/berghotel-hohegeiss.com\/wp-content\/uploads\/2022\/04\/goslar-gd5728c896_1280-300x200.jpg\" data-large-file=\"https:\/\/berghotel-hohegeiss.com\/wp-content\/uploads\/2022\/04\/goslar-gd5728c896_1280-1024x684.jpg\" src=\"https:\/\/berghotel-hohegeiss.com\/wp-content\/uploads\/2022\/04\/goslar-gd5728c896_1280-1024x684.jpg\" alt=\"\" class=\"wp-image-547\" srcset=\"https:\/\/berghotel-hohegeiss.com\/wp-content\/uploads\/2022\/04\/goslar-gd5728c896_1280-1024x684.jpg 1024w, https:\/\/berghotel-hohegeiss.com\/wp-content\/uploads\/2022\/04\/goslar-gd5728c896_1280-300x200.jpg 300w, https:\/\/berghotel-hohegeiss.com\/wp-content\/uploads\/2022\/04\/goslar-gd5728c896_1280-768x513.jpg 768w, https:\/\/berghotel-hohegeiss.com\/wp-content\/uploads\/2022\/04\/goslar-gd5728c896_1280-18x12.jpg 18w, https:\/\/berghotel-hohegeiss.com\/wp-content\/uploads\/2022\/04\/goslar-gd5728c896_1280-480x321.jpg 480w, https:\/\/berghotel-hohegeiss.com\/wp-content\/uploads\/2022\/04\/goslar-gd5728c896_1280-719x480.jpg 719w, https:\/\/berghotel-hohegeiss.com\/wp-content\/uploads\/2022\/04\/goslar-gd5728c896_1280-250x167.jpg 250w, https:\/\/berghotel-hohegeiss.com\/wp-content\/uploads\/2022\/04\/goslar-gd5728c896_1280-374x250.jpg 374w, https:\/\/berghotel-hohegeiss.com\/wp-content\/uploads\/2022\/04\/goslar-gd5728c896_1280-150x100.jpg 150w, https:\/\/berghotel-hohegeiss.com\/wp-content\/uploads\/2022\/04\/goslar-gd5728c896_1280.jpg 1280w\" sizes=\"(max-width: 1024px) 100vw, 1024px\" \/><figcaption>Peterstrasse in Goslar<\/figcaption><\/figure>\n<\/div>\n<\/div>\n<\/div><\/div>\n\n\n\n<hr class=\"wp-block-separator\"\/>\n\n\n\n<div class=\"wp-block-columns is-layout-flex wp-container-core-columns-is-layout-9d6595d7 wp-block-columns-is-layout-flex\">\n<div class=\"wp-block-column is-layout-flow wp-block-column-is-layout-flow\">\n<figure class=\"wp-block-image size-large\"><img decoding=\"async\" width=\"1024\" height=\"567\" data-attachment-id=\"548\" data-permalink=\"https:\/\/berghotel-hohegeiss.com\/nl\/besuch-historischer-staedte\/marketplace-g63a6c83c5_1280\" data-orig-file=\"https:\/\/berghotel-hohegeiss.com\/wp-content\/uploads\/2022\/04\/marketplace-g63a6c83c5_1280.jpg\" data-orig-size=\"1280,709\" data-comments-opened=\"1\" data-image-meta=\"{&quot;aperture&quot;:&quot;2.2&quot;,&quot;credit&quot;:&quot;&quot;,&quot;camera&quot;:&quot;SM-G901F&quot;,&quot;caption&quot;:&quot;&quot;,&quot;created_timestamp&quot;:&quot;0&quot;,&quot;copyright&quot;:&quot;&quot;,&quot;focal_length&quot;:&quot;4.8&quot;,&quot;iso&quot;:&quot;50&quot;,&quot;shutter_speed&quot;:&quot;0.00076219512195122&quot;,&quot;title&quot;:&quot;&quot;,&quot;orientation&quot;:&quot;0&quot;,&quot;lens&quot;:&quot;&quot;}\" data-image-title=\"marketplace-g63a6c83c5_1280\" data-image-description=\"\" data-image-caption=\"\" data-medium-file=\"https:\/\/berghotel-hohegeiss.com\/wp-content\/uploads\/2022\/04\/marketplace-g63a6c83c5_1280-300x166.jpg\" data-large-file=\"https:\/\/berghotel-hohegeiss.com\/wp-content\/uploads\/2022\/04\/marketplace-g63a6c83c5_1280-1024x567.jpg\" src=\"https:\/\/berghotel-hohegeiss.com\/wp-content\/uploads\/2022\/04\/marketplace-g63a6c83c5_1280-1024x567.jpg\" alt=\"\" class=\"wp-image-548\" srcset=\"https:\/\/berghotel-hohegeiss.com\/wp-content\/uploads\/2022\/04\/marketplace-g63a6c83c5_1280-1024x567.jpg 1024w, https:\/\/berghotel-hohegeiss.com\/wp-content\/uploads\/2022\/04\/marketplace-g63a6c83c5_1280-300x166.jpg 300w, https:\/\/berghotel-hohegeiss.com\/wp-content\/uploads\/2022\/04\/marketplace-g63a6c83c5_1280-768x425.jpg 768w, https:\/\/berghotel-hohegeiss.com\/wp-content\/uploads\/2022\/04\/marketplace-g63a6c83c5_1280-18x10.jpg 18w, https:\/\/berghotel-hohegeiss.com\/wp-content\/uploads\/2022\/04\/marketplace-g63a6c83c5_1280-480x266.jpg 480w, https:\/\/berghotel-hohegeiss.com\/wp-content\/uploads\/2022\/04\/marketplace-g63a6c83c5_1280-867x480.jpg 867w, https:\/\/berghotel-hohegeiss.com\/wp-content\/uploads\/2022\/04\/marketplace-g63a6c83c5_1280-250x138.jpg 250w, https:\/\/berghotel-hohegeiss.com\/wp-content\/uploads\/2022\/04\/marketplace-g63a6c83c5_1280-451x250.jpg 451w, https:\/\/berghotel-hohegeiss.com\/wp-content\/uploads\/2022\/04\/marketplace-g63a6c83c5_1280-150x83.jpg 150w, https:\/\/berghotel-hohegeiss.com\/wp-content\/uploads\/2022\/04\/marketplace-g63a6c83c5_1280.jpg 1280w\" sizes=\"(max-width: 1024px) 100vw, 1024px\" \/><figcaption>Stadhuis van Wernigerode<\/figcaption><\/figure>\n<\/div>\n\n\n\n<div class=\"wp-block-column is-layout-flow wp-block-column-is-layout-flow\">\n<p><strong>Wernigerode<\/strong><\/p>\n\n\n\n<p>Wernigerode ligt op 35 minuten met de auto van Hohegei\u00df en aan de noordelijke rand van het Harzgebergte. De aanblik van Wernigerode met zijn centrum van voornamelijk vakwerkhuizen getuigt van de geschiedenis van deze stad. Het mooie stadhuis werd waarschijnlijk in de 13e eeuw gebouwd. Het is een van de mooiste stadhuizen van Europa. Een andere bezienswaardigheid is het kasteel van Wernigerode, dat boven de stad uittorent.<\/p>\n<\/div>\n<\/div>\n\n\n\n<hr class=\"wp-block-separator\"\/>\n\n\n\n<div class=\"wp-block-columns is-layout-flex wp-container-core-columns-is-layout-9d6595d7 wp-block-columns-is-layout-flex\">\n<div class=\"wp-block-column is-layout-flow wp-block-column-is-layout-flow\">\n<p><strong>Quedlinburg<\/strong><\/p>\n\n\n\n<p>Quedlinburg ligt op ongeveer een uur rijden van Berghotel Hohegeiss en is een van de mooiste vakwerkstadjes van Duitsland. De middeleeuwse binnenstad van Quedlinburg is bijna volledig bewaard gebleven en staat terecht op de Werelderfgoedlijst. Ga zeker Kasetorten eten in Caf\u00e9 Vincent, dat 114 soorten aanbiedt en elke dag vers wordt gebakken.<\/p>\n<\/div>\n\n\n\n<div class=\"wp-block-column is-layout-flow wp-block-column-is-layout-flow\">\n<figure class=\"wp-block-image size-large\"><img decoding=\"async\" width=\"1024\" height=\"576\" data-attachment-id=\"549\" data-permalink=\"https:\/\/berghotel-hohegeiss.com\/nl\/besuch-historischer-staedte\/world-heritage-site-quedlinburg-g8a19c3446_1280\" data-orig-file=\"https:\/\/berghotel-hohegeiss.com\/wp-content\/uploads\/2022\/04\/world-heritage-site-quedlinburg-g8a19c3446_1280.jpg\" data-orig-size=\"1280,720\" data-comments-opened=\"1\" data-image-meta=\"{&quot;aperture&quot;:&quot;0&quot;,&quot;credit&quot;:&quot;&quot;,&quot;camera&quot;:&quot;&quot;,&quot;caption&quot;:&quot;&quot;,&quot;created_timestamp&quot;:&quot;0&quot;,&quot;copyright&quot;:&quot;&quot;,&quot;focal_length&quot;:&quot;0&quot;,&quot;iso&quot;:&quot;0&quot;,&quot;shutter_speed&quot;:&quot;0&quot;,&quot;title&quot;:&quot;&quot;,&quot;orientation&quot;:&quot;0&quot;,&quot;lens&quot;:&quot;&quot;}\" data-image-title=\"world-heritage-site-quedlinburg-g8a19c3446_1280\" data-image-description=\"\" data-image-caption=\"\" data-medium-file=\"https:\/\/berghotel-hohegeiss.com\/wp-content\/uploads\/2022\/04\/world-heritage-site-quedlinburg-g8a19c3446_1280-300x169.jpg\" data-large-file=\"https:\/\/berghotel-hohegeiss.com\/wp-content\/uploads\/2022\/04\/world-heritage-site-quedlinburg-g8a19c3446_1280-1024x576.jpg\" src=\"https:\/\/berghotel-hohegeiss.com\/wp-content\/uploads\/2022\/04\/world-heritage-site-quedlinburg-g8a19c3446_1280-1024x576.jpg\" alt=\"\" class=\"wp-image-549\" srcset=\"https:\/\/berghotel-hohegeiss.com\/wp-content\/uploads\/2022\/04\/world-heritage-site-quedlinburg-g8a19c3446_1280-1024x576.jpg 1024w, https:\/\/berghotel-hohegeiss.com\/wp-content\/uploads\/2022\/04\/world-heritage-site-quedlinburg-g8a19c3446_1280-300x169.jpg 300w, https:\/\/berghotel-hohegeiss.com\/wp-content\/uploads\/2022\/04\/world-heritage-site-quedlinburg-g8a19c3446_1280-768x432.jpg 768w, https:\/\/berghotel-hohegeiss.com\/wp-content\/uploads\/2022\/04\/world-heritage-site-quedlinburg-g8a19c3446_1280-18x10.jpg 18w, https:\/\/berghotel-hohegeiss.com\/wp-content\/uploads\/2022\/04\/world-heritage-site-quedlinburg-g8a19c3446_1280-480x270.jpg 480w, https:\/\/berghotel-hohegeiss.com\/wp-content\/uploads\/2022\/04\/world-heritage-site-quedlinburg-g8a19c3446_1280-853x480.jpg 853w, https:\/\/berghotel-hohegeiss.com\/wp-content\/uploads\/2022\/04\/world-heritage-site-quedlinburg-g8a19c3446_1280-250x141.jpg 250w, https:\/\/berghotel-hohegeiss.com\/wp-content\/uploads\/2022\/04\/world-heritage-site-quedlinburg-g8a19c3446_1280-444x250.jpg 444w, https:\/\/berghotel-hohegeiss.com\/wp-content\/uploads\/2022\/04\/world-heritage-site-quedlinburg-g8a19c3446_1280-150x84.jpg 150w, https:\/\/berghotel-hohegeiss.com\/wp-content\/uploads\/2022\/04\/world-heritage-site-quedlinburg-g8a19c3446_1280.jpg 1280w\" sizes=\"(max-width: 1024px) 100vw, 1024px\" \/><figcaption>Kasteel Quedlinburg<\/figcaption><\/figure>\n<\/div>\n<\/div>\n\n\n\n<hr class=\"wp-block-separator\"\/>\n\n\n\n<p class=\"has-text-align-center\">Han en Anja helpen u graag met tips en trucs in deze steden.<\/p>","protected":false},"excerpt":{"rendered":"<p>Goslar Goslar en de ertsmijn Rammelsberg staan sinds 1992 op de Werelderfgoedlijst van de UNESCO. De unieke sfeer in de smalle middeleeuwse straatjes of op het levendige marktplein met zijn caf\u00e9s nodigen uit tot flaneren en genieten. In de winter wordt op het marktplein een zeer gezellige kerstmarkt gehouden. Wernigerode Wernigerode ligt op 35 minuten met de auto van Hohegei\u00df ... <\/p>\n<p class=\"link-more\"><a href=\"https:\/\/berghotel-hohegeiss.com\/nl\/besuch-historischer-staedte\" class=\"more-link\"><span class=\"screen-reader-text\"> proza \"Historische steden bezoeken\"<\/span><\/a><\/p>","protected":false},"author":1,"featured_media":188,"parent":0,"menu_order":0,"comment_status":"closed","ping_status":"closed","template":"","meta":{"footnotes":""},"class_list":["post-510","page","type-page","status-publish","has-post-thumbnail","hentry"],"yoast_head":"<!-- This site is optimized with the Yoast SEO plugin v27.3 - https:\/\/yoast.com\/product\/yoast-seo-wordpress\/ -->\n<title>Besuch historischer St\u00e4dte - Berghotel Hohegeiss<\/title>\n<meta name=\"description\" content=\"Besuchen Sie historische St\u00e4dte im Harz. Goslar, Wernigerode oder Quedlinburg, sie sind weniger als eine Autostunde von Hohegei\u00df entfernt.\" \/>\n<meta name=\"robots\" content=\"index, follow, max-snippet:-1, max-image-preview:large, max-video-preview:-1\" \/>\n<link rel=\"canonical\" href=\"https:\/\/berghotel-hohegeiss.com\/nl\/bezoek-historische-stadjes\/\" \/>\n<meta property=\"og:locale\" content=\"nl_NL\" \/>\n<meta property=\"og:type\" content=\"article\" \/>\n<meta property=\"og:title\" content=\"Besuch historischer St\u00e4dte - Berghotel Hohegeiss\" \/>\n<meta property=\"og:description\" content=\"Besuchen Sie historische St\u00e4dte im Harz. Goslar, Wernigerode oder Quedlinburg, sie sind weniger als eine Autostunde von Hohegei\u00df entfernt.\" \/>\n<meta property=\"og:url\" content=\"https:\/\/berghotel-hohegeiss.com\/nl\/bezoek-historische-stadjes\/\" \/>\n<meta property=\"og:site_name\" content=\"Berghotel Hohegeiss\" \/>\n<meta property=\"article:publisher\" content=\"https:\/\/www.facebook.com\/Berghotel-Hohegeiss-101262279197312\" \/>\n<meta property=\"article:modified_time\" content=\"2022-04-14T07:50:29+00:00\" \/>\n<meta property=\"og:image\" content=\"https:\/\/berghotel-hohegeiss.com\/wp-content\/uploads\/2022\/02\/Web-2240-duitsland_harz_quedlinburg_kasteel_heuvel_kerk_shutterstock.jpeg\" \/>\n\t<meta property=\"og:image:width\" content=\"2240\" \/>\n\t<meta property=\"og:image:height\" content=\"1265\" \/>\n\t<meta property=\"og:image:type\" content=\"image\/jpeg\" \/>\n<script type=\"application\/ld+json\" class=\"yoast-schema-graph\">{\"@context\":\"https:\\\/\\\/schema.org\",\"@graph\":[{\"@type\":\"WebPage\",\"@id\":\"https:\\\/\\\/berghotel-hohegeiss.com\\\/besuch-historischer-staedte\",\"url\":\"https:\\\/\\\/berghotel-hohegeiss.com\\\/besuch-historischer-staedte\",\"name\":\"Besuch historischer St\u00e4dte - Berghotel Hohegeiss\",\"isPartOf\":{\"@id\":\"https:\\\/\\\/berghotel-hohegeiss.com\\\/#website\"},\"primaryImageOfPage\":{\"@id\":\"https:\\\/\\\/berghotel-hohegeiss.com\\\/besuch-historischer-staedte#primaryimage\"},\"image\":{\"@id\":\"https:\\\/\\\/berghotel-hohegeiss.com\\\/besuch-historischer-staedte#primaryimage\"},\"thumbnailUrl\":\"https:\\\/\\\/berghotel-hohegeiss.com\\\/wp-content\\\/uploads\\\/2022\\\/02\\\/Web-2240-duitsland_harz_quedlinburg_kasteel_heuvel_kerk_shutterstock.jpeg\",\"datePublished\":\"2022-03-17T14:20:07+00:00\",\"dateModified\":\"2022-04-14T07:50:29+00:00\",\"description\":\"Besuchen Sie historische St\u00e4dte im Harz. Goslar, Wernigerode oder Quedlinburg, sie sind weniger als eine Autostunde von Hohegei\u00df entfernt.\",\"breadcrumb\":{\"@id\":\"https:\\\/\\\/berghotel-hohegeiss.com\\\/besuch-historischer-staedte#breadcrumb\"},\"inLanguage\":\"nl-NL\",\"potentialAction\":[{\"@type\":\"ReadAction\",\"target\":[\"https:\\\/\\\/berghotel-hohegeiss.com\\\/besuch-historischer-staedte\"]}]},{\"@type\":\"ImageObject\",\"inLanguage\":\"nl-NL\",\"@id\":\"https:\\\/\\\/berghotel-hohegeiss.com\\\/besuch-historischer-staedte#primaryimage\",\"url\":\"https:\\\/\\\/berghotel-hohegeiss.com\\\/wp-content\\\/uploads\\\/2022\\\/02\\\/Web-2240-duitsland_harz_quedlinburg_kasteel_heuvel_kerk_shutterstock.jpeg\",\"contentUrl\":\"https:\\\/\\\/berghotel-hohegeiss.com\\\/wp-content\\\/uploads\\\/2022\\\/02\\\/Web-2240-duitsland_harz_quedlinburg_kasteel_heuvel_kerk_shutterstock.jpeg\",\"width\":2240,\"height\":1265,\"caption\":\"Harz Quedlinburg Burcht\"},{\"@type\":\"BreadcrumbList\",\"@id\":\"https:\\\/\\\/berghotel-hohegeiss.com\\\/besuch-historischer-staedte#breadcrumb\",\"itemListElement\":[{\"@type\":\"ListItem\",\"position\":1,\"name\":\"Home\",\"item\":\"https:\\\/\\\/berghotel-hohegeiss.com\\\/\"},{\"@type\":\"ListItem\",\"position\":2,\"name\":\"Besuch historischer St\u00e4dte\"}]},{\"@type\":\"WebSite\",\"@id\":\"https:\\\/\\\/berghotel-hohegeiss.com\\\/#website\",\"url\":\"https:\\\/\\\/berghotel-hohegeiss.com\\\/\",\"name\":\"Berghotel Hohegeiss\",\"description\":\"hotel pension hohegeiss hohegei\u00df\",\"potentialAction\":[{\"@type\":\"SearchAction\",\"target\":{\"@type\":\"EntryPoint\",\"urlTemplate\":\"https:\\\/\\\/berghotel-hohegeiss.com\\\/?s={search_term_string}\"},\"query-input\":{\"@type\":\"PropertyValueSpecification\",\"valueRequired\":true,\"valueName\":\"search_term_string\"}}],\"inLanguage\":\"nl-NL\"}]}<\/script>\n<!-- \/ Yoast SEO plugin. -->","yoast_head_json":{"title":"Bezoek historische steden - Berghotel Hohegeiss","description":"Bezoek historische steden in het Harz gebergte. Goslar, Wernigerode of Quedlinburg, ze liggen op minder dan een uur rijden van Hohegei\u00df.","robots":{"index":"index","follow":"follow","max-snippet":"max-snippet:-1","max-image-preview":"max-image-preview:large","max-video-preview":"max-video-preview:-1"},"canonical":"https:\/\/berghotel-hohegeiss.com\/nl\/bezoek-historische-stadjes\/","og_locale":"nl_NL","og_type":"article","og_title":"Besuch historischer St\u00e4dte - Berghotel Hohegeiss","og_description":"Besuchen Sie historische St\u00e4dte im Harz. Goslar, Wernigerode oder Quedlinburg, sie sind weniger als eine Autostunde von Hohegei\u00df entfernt.","og_url":"https:\/\/berghotel-hohegeiss.com\/nl\/bezoek-historische-stadjes\/","og_site_name":"Berghotel Hohegeiss","article_publisher":"https:\/\/www.facebook.com\/Berghotel-Hohegeiss-101262279197312","article_modified_time":"2022-04-14T07:50:29+00:00","og_image":[{"width":2240,"height":1265,"url":"https:\/\/berghotel-hohegeiss.com\/wp-content\/uploads\/2022\/02\/Web-2240-duitsland_harz_quedlinburg_kasteel_heuvel_kerk_shutterstock.jpeg","type":"image\/jpeg"}],"schema":{"@context":"https:\/\/schema.org","@graph":[{"@type":"WebPage","@id":"https:\/\/berghotel-hohegeiss.com\/besuch-historischer-staedte","url":"https:\/\/berghotel-hohegeiss.com\/besuch-historischer-staedte","name":"Bezoek historische steden - Berghotel Hohegeiss","isPartOf":{"@id":"https:\/\/berghotel-hohegeiss.com\/#website"},"primaryImageOfPage":{"@id":"https:\/\/berghotel-hohegeiss.com\/besuch-historischer-staedte#primaryimage"},"image":{"@id":"https:\/\/berghotel-hohegeiss.com\/besuch-historischer-staedte#primaryimage"},"thumbnailUrl":"https:\/\/berghotel-hohegeiss.com\/wp-content\/uploads\/2022\/02\/Web-2240-duitsland_harz_quedlinburg_kasteel_heuvel_kerk_shutterstock.jpeg","datePublished":"2022-03-17T14:20:07+00:00","dateModified":"2022-04-14T07:50:29+00:00","description":"Bezoek historische steden in het Harz gebergte. Goslar, Wernigerode of Quedlinburg, ze liggen op minder dan een uur rijden van Hohegei\u00df.","breadcrumb":{"@id":"https:\/\/berghotel-hohegeiss.com\/besuch-historischer-staedte#breadcrumb"},"inLanguage":"nl-NL","potentialAction":[{"@type":"ReadAction","target":["https:\/\/berghotel-hohegeiss.com\/besuch-historischer-staedte"]}]},{"@type":"ImageObject","inLanguage":"nl-NL","@id":"https:\/\/berghotel-hohegeiss.com\/besuch-historischer-staedte#primaryimage","url":"https:\/\/berghotel-hohegeiss.com\/wp-content\/uploads\/2022\/02\/Web-2240-duitsland_harz_quedlinburg_kasteel_heuvel_kerk_shutterstock.jpeg","contentUrl":"https:\/\/berghotel-hohegeiss.com\/wp-content\/uploads\/2022\/02\/Web-2240-duitsland_harz_quedlinburg_kasteel_heuvel_kerk_shutterstock.jpeg","width":2240,"height":1265,"caption":"Harz Quedlinburg Burcht"},{"@type":"BreadcrumbList","@id":"https:\/\/berghotel-hohegeiss.com\/besuch-historischer-staedte#breadcrumb","itemListElement":[{"@type":"ListItem","position":1,"name":"Home","item":"https:\/\/berghotel-hohegeiss.com\/"},{"@type":"ListItem","position":2,"name":"Besuch historischer St\u00e4dte"}]},{"@type":"WebSite","@id":"https:\/\/berghotel-hohegeiss.com\/#website","url":"https:\/\/berghotel-hohegeiss.com\/","name":"Berghotel Hohegeiss","description":"hotel pension hohegeiss hohegei\u00df","potentialAction":[{"@type":"SearchAction","target":{"@type":"EntryPoint","urlTemplate":"https:\/\/berghotel-hohegeiss.com\/?s={search_term_string}"},"query-input":{"@type":"PropertyValueSpecification","valueRequired":true,"valueName":"search_term_string"}}],"inLanguage":"nl-NL"}]}},"jetpack_sharing_enabled":true,"_links":{"self":[{"href":"https:\/\/berghotel-hohegeiss.com\/nl\/wp-json\/wp\/v2\/pages\/510","targetHints":{"allow":["GET"]}}],"collection":[{"href":"https:\/\/berghotel-hohegeiss.com\/nl\/wp-json\/wp\/v2\/pages"}],"about":[{"href":"https:\/\/berghotel-hohegeiss.com\/nl\/wp-json\/wp\/v2\/types\/page"}],"author":[{"embeddable":true,"href":"https:\/\/berghotel-hohegeiss.com\/nl\/wp-json\/wp\/v2\/users\/1"}],"replies":[{"embeddable":true,"href":"https:\/\/berghotel-hohegeiss.com\/nl\/wp-json\/wp\/v2\/comments?post=510"}],"version-history":[{"count":0,"href":"https:\/\/berghotel-hohegeiss.com\/nl\/wp-json\/wp\/v2\/pages\/510\/revisions"}],"wp:featuredmedia":[{"embeddable":true,"href":"https:\/\/berghotel-hohegeiss.com\/nl\/wp-json\/wp\/v2\/media\/188"}],"wp:attachment":[{"href":"https:\/\/berghotel-hohegeiss.com\/nl\/wp-json\/wp\/v2\/media?parent=510"}],"curies":[{"name":"wp","href":"https:\/\/api.w.org\/{rel}","templated":true}]}}