{"id":516,"date":"2022-03-17T14:37:11","date_gmt":"2022-03-17T14:37:11","guid":{"rendered":"https:\/\/berghotel-hohegeiss.com\/?page_id=516"},"modified":"2025-09-07T08:55:42","modified_gmt":"2025-09-07T08:55:42","slug":"waldschwimmbad-hohegeiss","status":"publish","type":"page","link":"https:\/\/berghotel-hohegeiss.com\/nl\/waldschwimmbad-hohegeiss","title":{"rendered":"Hohegeiss Waldschwimbad"},"content":{"rendered":"<h2 class=\"wp-block-heading\">Zomerpret met panoramisch uitzicht<\/h2>\n\n\n\n<p>Het idyllische boszwembad ligt aan de rand van het Hohegei\u00df bos, op slechts een paar minuten lopen van Berghotel Hohegeiss. Met een prachtig uitzicht op het Harzgebergte, grote ligweiden en een zwembad van 50 meter is het een populaire ontmoetingsplaats voor jong en oud.<\/p>\n\n\n\n<h3 class=\"wp-block-heading\">Opmerking over het badseizoen<\/h3>\n\n\n\n<p><br>Het boszwembad is geopend van <strong>8 september 2025<\/strong> gesloten voor dit seizoen. We willen al onze gasten bedanken voor een heerlijke zomer en kijken uit naar het volgende seizoen!<\/p>\n\n\n\n<h3 class=\"wp-block-heading\">Extra's<\/h3>\n\n\n\n<ul class=\"wp-block-list\">\n<li>Zwembad van 50 meter met gedeelte voor niet-zwemmers<\/li>\n\n\n\n<li>Pierenbad voor kinderen<\/li>\n\n\n\n<li>Grote zonneweiden met zonnige en schaduwrijke plekken<\/li>\n\n\n\n<li>Kiosk met snacks, ijs en drankjes<\/li>\n\n\n\n<li>Sanitaire voorzieningen met kleedkamers en douches<\/li>\n<\/ul>\n\n\n\n<p>Het zwembad ligt op slechts 10 minuten lopen van Berghotel Hohegei\u00df.<\/p>\n\n\n\n\n\t\t<style type=\"text\/css\">\n\t\t\t#gallery-1 {\n\t\t\t\tmargin: auto;\n\t\t\t}\n\t\t\t#gallery-1 .gallery-item {\n\t\t\t\tfloat: left;\n\t\t\t\tmargin-top: 10px;\n\t\t\t\ttext-align: center;\n\t\t\t\twidth: 33%;\n\t\t\t}\n\t\t\t#gallery-1 img {\n\t\t\t\tborder: 2px solid #cfcfcf;\n\t\t\t}\n\t\t\t#gallery-1 .gallery-caption {\n\t\t\t\tmargin-left: 0;\n\t\t\t}\n\t\t\t\/* see gallery_shortcode() in wp-includes\/media.php *\/\n\t\t<\/style>\n\t\t<div data-carousel-extra='{&quot;blog_id&quot;:1,&quot;permalink&quot;:&quot;https:\/\/berghotel-hohegeiss.com\/nl\/waldschwimmbad-hohegeiss&quot;}' id='gallery-1' class='gallery galleryid-516 gallery-columns-3 gallery-size-thumbnail'><dl class='gallery-item'>\n\t\t\t<dt class='gallery-icon landscape'>\n\t\t\t\t<a href='https:\/\/berghotel-hohegeiss.com\/nl\/waldschwimmbad-hohegeiss\/img_4390'><img decoding=\"async\" width=\"150\" height=\"150\" src=\"https:\/\/berghotel-hohegeiss.com\/wp-content\/uploads\/2024\/08\/waldschwimmbad-hohegeiss-50-meter-becken-harz-150x150.jpeg\" class=\"attachment-thumbnail size-thumbnail\" alt=\"Zwembad van 50 meter in het bos van Hohegei\u00df met uitzicht op het Harzgebergte\" aria-describedby=\"gallery-1-2934\" srcset=\"https:\/\/berghotel-hohegeiss.com\/wp-content\/uploads\/2024\/08\/waldschwimmbad-hohegeiss-50-meter-becken-harz-150x150.jpeg 150w, https:\/\/berghotel-hohegeiss.com\/wp-content\/uploads\/2024\/08\/waldschwimmbad-hohegeiss-50-meter-becken-harz-480x480.jpeg 480w\" sizes=\"(max-width: 150px) 100vw, 150px\" data-attachment-id=\"2934\" data-permalink=\"https:\/\/berghotel-hohegeiss.com\/nl\/waldschwimmbad-hohegeiss\/img_4390\" data-orig-file=\"https:\/\/berghotel-hohegeiss.com\/wp-content\/uploads\/2024\/08\/waldschwimmbad-hohegeiss-50-meter-becken-harz.jpeg\" data-orig-size=\"640,480\" data-comments-opened=\"0\" data-image-meta=\"{&quot;aperture&quot;:&quot;2.4&quot;,&quot;credit&quot;:&quot;&quot;,&quot;camera&quot;:&quot;iPhone 13&quot;,&quot;caption&quot;:&quot;&quot;,&quot;created_timestamp&quot;:&quot;1723468680&quot;,&quot;copyright&quot;:&quot;&quot;,&quot;focal_length&quot;:&quot;1.54&quot;,&quot;iso&quot;:&quot;32&quot;,&quot;shutter_speed&quot;:&quot;0.00067204301075269&quot;,&quot;title&quot;:&quot;&quot;,&quot;orientation&quot;:&quot;1&quot;,&quot;lens&quot;:&quot;iPhone 13 back dual wide camera 1.54mm f\/2.4&quot;}\" data-image-title=\"50-Meter-Becken im Waldschwimmbad Hohegei\u00df\" data-image-description=\"&lt;p&gt;Das gro\u00dfe Schwimmbecken des Waldschwimmbads Hohegei\u00df liegt malerisch am Hang der Harzer Berge und bietet ideale Bedingungen f\u00fcr sportliche Schwimmer und entspannte Badeg\u00e4ste.&lt;\/p&gt;\" data-image-caption=\"&lt;p&gt;50-Meter-Becken im Waldschwimmbad Hohegei\u00df&lt;\/p&gt;\" data-medium-file=\"https:\/\/berghotel-hohegeiss.com\/wp-content\/uploads\/2024\/08\/waldschwimmbad-hohegeiss-50-meter-becken-harz-300x225.jpeg\" data-large-file=\"https:\/\/berghotel-hohegeiss.com\/wp-content\/uploads\/2024\/08\/waldschwimmbad-hohegeiss-50-meter-becken-harz.jpeg\" \/><\/a>\n\t\t\t<\/dt>\n\t\t\t\t<dd class='wp-caption-text gallery-caption' id='gallery-1-2934'>\n\t\t\t\t50 meter bad in het boszwembad van Hohegei\u00df\n\t\t\t\t<\/dd><\/dl><dl class='gallery-item'>\n\t\t\t<dt class='gallery-icon landscape'>\n\t\t\t\t<a href='https:\/\/berghotel-hohegeiss.com\/nl\/waldschwimmbad-hohegeiss\/img_4391'><img decoding=\"async\" width=\"150\" height=\"150\" src=\"https:\/\/berghotel-hohegeiss.com\/wp-content\/uploads\/2024\/08\/waldschwimmbad-hohegeiss-kinderbecken-rutsche-150x150.jpeg\" class=\"attachment-thumbnail size-thumbnail\" alt=\"Kinderbad met glijbaan in het boszwembad Hohegei\u00df\" aria-describedby=\"gallery-1-2933\" srcset=\"https:\/\/berghotel-hohegeiss.com\/wp-content\/uploads\/2024\/08\/waldschwimmbad-hohegeiss-kinderbecken-rutsche-150x150.jpeg 150w, https:\/\/berghotel-hohegeiss.com\/wp-content\/uploads\/2024\/08\/waldschwimmbad-hohegeiss-kinderbecken-rutsche-480x480.jpeg 480w\" sizes=\"(max-width: 150px) 100vw, 150px\" data-attachment-id=\"2933\" data-permalink=\"https:\/\/berghotel-hohegeiss.com\/nl\/waldschwimmbad-hohegeiss\/img_4391\" data-orig-file=\"https:\/\/berghotel-hohegeiss.com\/wp-content\/uploads\/2024\/08\/waldschwimmbad-hohegeiss-kinderbecken-rutsche.jpeg\" data-orig-size=\"640,480\" data-comments-opened=\"0\" data-image-meta=\"{&quot;aperture&quot;:&quot;2.4&quot;,&quot;credit&quot;:&quot;&quot;,&quot;camera&quot;:&quot;iPhone 13&quot;,&quot;caption&quot;:&quot;&quot;,&quot;created_timestamp&quot;:&quot;1723468691&quot;,&quot;copyright&quot;:&quot;&quot;,&quot;focal_length&quot;:&quot;1.54&quot;,&quot;iso&quot;:&quot;32&quot;,&quot;shutter_speed&quot;:&quot;0.00073691967575534&quot;,&quot;title&quot;:&quot;&quot;,&quot;orientation&quot;:&quot;1&quot;,&quot;lens&quot;:&quot;iPhone 13 back dual wide camera 1.54mm f\/2.4&quot;}\" data-image-title=\"Kinderbereich mit Rutsche im Waldschwimmbad Hohegei\u00df\" data-image-description=\"&lt;p&gt;Das flache Kinderbecken mit bunter Rutsche bietet sicheren Badespa\u00df f\u00fcr die kleinen G\u00e4ste im Waldschwimmbad Hohegei\u00df \u2013 ideal f\u00fcr Familien mit Kindern.&lt;\/p&gt;\" data-image-caption=\"&lt;p&gt;Kinderbereich mit Rutsche im Waldschwimmbad Hohegei\u00df&lt;\/p&gt;\" data-medium-file=\"https:\/\/berghotel-hohegeiss.com\/wp-content\/uploads\/2024\/08\/waldschwimmbad-hohegeiss-kinderbecken-rutsche-300x225.jpeg\" data-large-file=\"https:\/\/berghotel-hohegeiss.com\/wp-content\/uploads\/2024\/08\/waldschwimmbad-hohegeiss-kinderbecken-rutsche.jpeg\" \/><\/a>\n\t\t\t<\/dt>\n\t\t\t\t<dd class='wp-caption-text gallery-caption' id='gallery-1-2933'>\n\t\t\t\tKindergedeelte met glijbaan in het boszwembad van Hohegei\u00df\n\t\t\t\t<\/dd><\/dl><dl class='gallery-item'>\n\t\t\t<dt class='gallery-icon landscape'>\n\t\t\t\t<a href='https:\/\/berghotel-hohegeiss.com\/nl\/waldschwimmbad-hohegeiss\/img_4392'><img decoding=\"async\" width=\"150\" height=\"150\" src=\"https:\/\/berghotel-hohegeiss.com\/wp-content\/uploads\/2024\/08\/waldschwimmbad-hohegeiss-sprungturm-1m-3m-150x150.jpeg\" class=\"attachment-thumbnail size-thumbnail\" alt=\"Duiktoren met 1-meter en 3-meter planken in het Hohegei\u00df boszwembad\" aria-describedby=\"gallery-1-2932\" srcset=\"https:\/\/berghotel-hohegeiss.com\/wp-content\/uploads\/2024\/08\/waldschwimmbad-hohegeiss-sprungturm-1m-3m-150x150.jpeg 150w, https:\/\/berghotel-hohegeiss.com\/wp-content\/uploads\/2024\/08\/waldschwimmbad-hohegeiss-sprungturm-1m-3m-480x480.jpeg 480w\" sizes=\"(max-width: 150px) 100vw, 150px\" data-attachment-id=\"2932\" data-permalink=\"https:\/\/berghotel-hohegeiss.com\/nl\/waldschwimmbad-hohegeiss\/img_4392\" data-orig-file=\"https:\/\/berghotel-hohegeiss.com\/wp-content\/uploads\/2024\/08\/waldschwimmbad-hohegeiss-sprungturm-1m-3m.jpeg\" data-orig-size=\"640,480\" data-comments-opened=\"0\" data-image-meta=\"{&quot;aperture&quot;:&quot;1.6&quot;,&quot;credit&quot;:&quot;&quot;,&quot;camera&quot;:&quot;iPhone 13&quot;,&quot;caption&quot;:&quot;&quot;,&quot;created_timestamp&quot;:&quot;1723468826&quot;,&quot;copyright&quot;:&quot;&quot;,&quot;focal_length&quot;:&quot;5.1&quot;,&quot;iso&quot;:&quot;50&quot;,&quot;shutter_speed&quot;:&quot;0.00029299736302373&quot;,&quot;title&quot;:&quot;&quot;,&quot;orientation&quot;:&quot;1&quot;,&quot;lens&quot;:&quot;iPhone 13 back dual wide camera 5.1mm f\/1.6&quot;}\" data-image-title=\"Sprungturm im Waldschwimmbad Hohegei\u00df\" data-image-description=\"&lt;p&gt;Die beliebte Sprunganlage mit einem 1-Meter- und einem 3-Meter-Brett sorgt im Waldschwimmbad Hohegei\u00df f\u00fcr Spa\u00df und Action bei Gro\u00df und Klein.&lt;\/p&gt;\" data-image-caption=\"&lt;p&gt;Sprungturm im Waldschwimmbad Hohegei\u00df&lt;\/p&gt;\" data-medium-file=\"https:\/\/berghotel-hohegeiss.com\/wp-content\/uploads\/2024\/08\/waldschwimmbad-hohegeiss-sprungturm-1m-3m-300x225.jpeg\" data-large-file=\"https:\/\/berghotel-hohegeiss.com\/wp-content\/uploads\/2024\/08\/waldschwimmbad-hohegeiss-sprungturm-1m-3m.jpeg\" \/><\/a>\n\t\t\t<\/dt>\n\t\t\t\t<dd class='wp-caption-text gallery-caption' id='gallery-1-2932'>\n\t\t\t\tDuiktoren in het boszwembad van Hohegei\u00df\n\t\t\t\t<\/dd><\/dl><br style=\"clear: both\" \/><dl class='gallery-item'>\n\t\t\t<dt class='gallery-icon landscape'>\n\t\t\t\t<a href='https:\/\/berghotel-hohegeiss.com\/nl\/waldschwimmbad-hohegeiss\/img_4393'><img decoding=\"async\" width=\"150\" height=\"150\" src=\"https:\/\/berghotel-hohegeiss.com\/wp-content\/uploads\/2024\/08\/waldschwimmbad-hohegeiss-babybecken-kleinkinder-150x150.jpeg\" class=\"attachment-thumbnail size-thumbnail\" alt=\"Pierenbad voor peuters in het boszwembad Hohegei\u00df\" aria-describedby=\"gallery-1-2931\" srcset=\"https:\/\/berghotel-hohegeiss.com\/wp-content\/uploads\/2024\/08\/waldschwimmbad-hohegeiss-babybecken-kleinkinder-150x150.jpeg 150w, https:\/\/berghotel-hohegeiss.com\/wp-content\/uploads\/2024\/08\/waldschwimmbad-hohegeiss-babybecken-kleinkinder-480x480.jpeg 480w\" sizes=\"(max-width: 150px) 100vw, 150px\" data-attachment-id=\"2931\" data-permalink=\"https:\/\/berghotel-hohegeiss.com\/nl\/waldschwimmbad-hohegeiss\/img_4393\" data-orig-file=\"https:\/\/berghotel-hohegeiss.com\/wp-content\/uploads\/2024\/08\/waldschwimmbad-hohegeiss-babybecken-kleinkinder.jpeg\" data-orig-size=\"640,480\" data-comments-opened=\"0\" data-image-meta=\"{&quot;aperture&quot;:&quot;1.6&quot;,&quot;credit&quot;:&quot;&quot;,&quot;camera&quot;:&quot;iPhone 13&quot;,&quot;caption&quot;:&quot;&quot;,&quot;created_timestamp&quot;:&quot;1723468866&quot;,&quot;copyright&quot;:&quot;&quot;,&quot;focal_length&quot;:&quot;5.1&quot;,&quot;iso&quot;:&quot;50&quot;,&quot;shutter_speed&quot;:&quot;0.00023201856148492&quot;,&quot;title&quot;:&quot;&quot;,&quot;orientation&quot;:&quot;1&quot;,&quot;lens&quot;:&quot;iPhone 13 back dual wide camera 5.1mm f\/1.6&quot;}\" data-image-title=\"Planschbecken f\u00fcr die Kleinsten\" data-image-description=\"&lt;p&gt;Das liebevoll gestaltete Planschbecken ist speziell f\u00fcr Babys und Kleinkinder gedacht \u2013 perfekt f\u00fcr erste Wassererfahrungen im Waldschwimmbad Hohegei\u00df.&lt;\/p&gt;\" data-image-caption=\"&lt;p&gt;Planschbecken f\u00fcr die Kleinsten&lt;\/p&gt;\" data-medium-file=\"https:\/\/berghotel-hohegeiss.com\/wp-content\/uploads\/2024\/08\/waldschwimmbad-hohegeiss-babybecken-kleinkinder-300x225.jpeg\" data-large-file=\"https:\/\/berghotel-hohegeiss.com\/wp-content\/uploads\/2024\/08\/waldschwimmbad-hohegeiss-babybecken-kleinkinder.jpeg\" \/><\/a>\n\t\t\t<\/dt>\n\t\t\t\t<dd class='wp-caption-text gallery-caption' id='gallery-1-2931'>\n\t\t\t\tPierenbadje voor de kleintjes\n\t\t\t\t<\/dd><\/dl>\n\t\t\t<br style='clear: both' \/>\n\t\t<\/div>","protected":false},"excerpt":{"rendered":"<p>Zomerplezier met panoramisch uitzicht Het idyllische boszwembad ligt aan de rand van het Hohegei\u00df-bos, op slechts een paar minuten lopen van Berghotel Hohegeiss. Met een prachtig uitzicht op het Harzgebergte, grote ligweiden en een 50 meter lang zwembad is het een populaire ontmoetingsplaats voor jong en oud. Opmerking over het badseizoen Het boszwembad is dit seizoen gesloten vanaf 8 september 2025. ... <\/p>\n<p class=\"link-more\"><a href=\"https:\/\/berghotel-hohegeiss.com\/nl\/waldschwimmbad-hohegeiss\" class=\"more-link\"><span class=\"screen-reader-text\"> prova \"boszwembad Hohegeiss<\/span><\/a><\/p>","protected":false},"author":1,"featured_media":2934,"parent":0,"menu_order":0,"comment_status":"closed","ping_status":"closed","template":"","meta":{"footnotes":""},"class_list":["post-516","page","type-page","status-publish","has-post-thumbnail","hentry"],"yoast_head":"<!-- This site is optimized with the Yoast SEO plugin v27.3 - https:\/\/yoast.com\/product\/yoast-seo-wordpress\/ -->\n<title>Waldschwimbad Hohegeiss - Berghotel Hohegeiss<\/title>\n<meta name=\"description\" content=\"Das Waldschwimmbad Hohegei\u00df ist ab 31. Mai 2025 ge\u00f6ffnet \u2013 nur 10 Gehminuten vom Berghotel entfernt. Ideal f\u00fcr Erholung, Panorama und Badespa\u00df.\" \/>\n<meta name=\"robots\" content=\"index, follow, max-snippet:-1, max-image-preview:large, max-video-preview:-1\" \/>\n<link rel=\"canonical\" href=\"https:\/\/berghotel-hohegeiss.com\/nl\/waldschwimmbad-hohegeiss\/\" \/>\n<meta property=\"og:locale\" content=\"nl_NL\" \/>\n<meta property=\"og:type\" content=\"article\" \/>\n<meta property=\"og:title\" content=\"Waldschwimbad Hohegeiss - Berghotel Hohegeiss\" \/>\n<meta property=\"og:description\" content=\"Das Waldschwimmbad Hohegei\u00df ist ab 31. Mai 2025 ge\u00f6ffnet \u2013 nur 10 Gehminuten vom Berghotel entfernt. Ideal f\u00fcr Erholung, Panorama und Badespa\u00df.\" \/>\n<meta property=\"og:url\" content=\"https:\/\/berghotel-hohegeiss.com\/nl\/waldschwimmbad-hohegeiss\/\" \/>\n<meta property=\"og:site_name\" content=\"Berghotel Hohegeiss\" \/>\n<meta property=\"article:publisher\" content=\"https:\/\/www.facebook.com\/Berghotel-Hohegeiss-101262279197312\" \/>\n<meta property=\"article:modified_time\" content=\"2025-09-07T08:55:42+00:00\" \/>\n<meta property=\"og:image\" content=\"https:\/\/berghotel-hohegeiss.com\/wp-content\/uploads\/2024\/08\/waldschwimmbad-hohegeiss-50-meter-becken-harz.jpeg\" \/>\n\t<meta property=\"og:image:width\" content=\"640\" \/>\n\t<meta property=\"og:image:height\" content=\"480\" \/>\n\t<meta property=\"og:image:type\" content=\"image\/jpeg\" \/>\n<script type=\"application\/ld+json\" class=\"yoast-schema-graph\">{\"@context\":\"https:\\\/\\\/schema.org\",\"@graph\":[{\"@type\":\"WebPage\",\"@id\":\"https:\\\/\\\/berghotel-hohegeiss.com\\\/waldschwimmbad-hohegeiss\",\"url\":\"https:\\\/\\\/berghotel-hohegeiss.com\\\/waldschwimmbad-hohegeiss\",\"name\":\"Waldschwimbad Hohegeiss - Berghotel Hohegeiss\",\"isPartOf\":{\"@id\":\"https:\\\/\\\/berghotel-hohegeiss.com\\\/#website\"},\"primaryImageOfPage\":{\"@id\":\"https:\\\/\\\/berghotel-hohegeiss.com\\\/waldschwimmbad-hohegeiss#primaryimage\"},\"image\":{\"@id\":\"https:\\\/\\\/berghotel-hohegeiss.com\\\/waldschwimmbad-hohegeiss#primaryimage\"},\"thumbnailUrl\":\"https:\\\/\\\/berghotel-hohegeiss.com\\\/wp-content\\\/uploads\\\/2024\\\/08\\\/waldschwimmbad-hohegeiss-50-meter-becken-harz.jpeg\",\"datePublished\":\"2022-03-17T14:37:11+00:00\",\"dateModified\":\"2025-09-07T08:55:42+00:00\",\"description\":\"Das Waldschwimmbad Hohegei\u00df ist ab 31. Mai 2025 ge\u00f6ffnet \u2013 nur 10 Gehminuten vom Berghotel entfernt. Ideal f\u00fcr Erholung, Panorama und Badespa\u00df.\",\"breadcrumb\":{\"@id\":\"https:\\\/\\\/berghotel-hohegeiss.com\\\/waldschwimmbad-hohegeiss#breadcrumb\"},\"inLanguage\":\"nl-NL\",\"potentialAction\":[{\"@type\":\"ReadAction\",\"target\":[\"https:\\\/\\\/berghotel-hohegeiss.com\\\/waldschwimmbad-hohegeiss\"]}]},{\"@type\":\"ImageObject\",\"inLanguage\":\"nl-NL\",\"@id\":\"https:\\\/\\\/berghotel-hohegeiss.com\\\/waldschwimmbad-hohegeiss#primaryimage\",\"url\":\"https:\\\/\\\/berghotel-hohegeiss.com\\\/wp-content\\\/uploads\\\/2024\\\/08\\\/waldschwimmbad-hohegeiss-50-meter-becken-harz.jpeg\",\"contentUrl\":\"https:\\\/\\\/berghotel-hohegeiss.com\\\/wp-content\\\/uploads\\\/2024\\\/08\\\/waldschwimmbad-hohegeiss-50-meter-becken-harz.jpeg\",\"width\":640,\"height\":480,\"caption\":\"50-Meter-Becken im Waldschwimmbad Hohegei\u00df\"},{\"@type\":\"BreadcrumbList\",\"@id\":\"https:\\\/\\\/berghotel-hohegeiss.com\\\/waldschwimmbad-hohegeiss#breadcrumb\",\"itemListElement\":[{\"@type\":\"ListItem\",\"position\":1,\"name\":\"Home\",\"item\":\"https:\\\/\\\/berghotel-hohegeiss.com\\\/\"},{\"@type\":\"ListItem\",\"position\":2,\"name\":\"Waldschwimbad Hohegeiss\"}]},{\"@type\":\"WebSite\",\"@id\":\"https:\\\/\\\/berghotel-hohegeiss.com\\\/#website\",\"url\":\"https:\\\/\\\/berghotel-hohegeiss.com\\\/\",\"name\":\"Berghotel Hohegeiss\",\"description\":\"hotel pension hohegeiss hohegei\u00df\",\"potentialAction\":[{\"@type\":\"SearchAction\",\"target\":{\"@type\":\"EntryPoint\",\"urlTemplate\":\"https:\\\/\\\/berghotel-hohegeiss.com\\\/?s={search_term_string}\"},\"query-input\":{\"@type\":\"PropertyValueSpecification\",\"valueRequired\":true,\"valueName\":\"search_term_string\"}}],\"inLanguage\":\"nl-NL\"}]}<\/script>\n<!-- \/ Yoast SEO plugin. -->","yoast_head_json":{"title":"Waldschwimbad Hohegeiss - Berghotel Hohegeiss","description":"Het boszwembad Hohegei\u00df is geopend vanaf 31 mei 2025 - op slechts 10 minuten lopen van het Berghotel. Ideaal voor ontspanning, panoramisch uitzicht en zwemplezier.","robots":{"index":"index","follow":"follow","max-snippet":"max-snippet:-1","max-image-preview":"max-image-preview:large","max-video-preview":"max-video-preview:-1"},"canonical":"https:\/\/berghotel-hohegeiss.com\/nl\/waldschwimmbad-hohegeiss\/","og_locale":"nl_NL","og_type":"article","og_title":"Waldschwimbad Hohegeiss - Berghotel Hohegeiss","og_description":"Das Waldschwimmbad Hohegei\u00df ist ab 31. Mai 2025 ge\u00f6ffnet \u2013 nur 10 Gehminuten vom Berghotel entfernt. Ideal f\u00fcr Erholung, Panorama und Badespa\u00df.","og_url":"https:\/\/berghotel-hohegeiss.com\/nl\/waldschwimmbad-hohegeiss\/","og_site_name":"Berghotel Hohegeiss","article_publisher":"https:\/\/www.facebook.com\/Berghotel-Hohegeiss-101262279197312","article_modified_time":"2025-09-07T08:55:42+00:00","og_image":[{"width":640,"height":480,"url":"https:\/\/berghotel-hohegeiss.com\/wp-content\/uploads\/2024\/08\/waldschwimmbad-hohegeiss-50-meter-becken-harz.jpeg","type":"image\/jpeg"}],"schema":{"@context":"https:\/\/schema.org","@graph":[{"@type":"WebPage","@id":"https:\/\/berghotel-hohegeiss.com\/waldschwimmbad-hohegeiss","url":"https:\/\/berghotel-hohegeiss.com\/waldschwimmbad-hohegeiss","name":"Waldschwimbad Hohegeiss - Berghotel Hohegeiss","isPartOf":{"@id":"https:\/\/berghotel-hohegeiss.com\/#website"},"primaryImageOfPage":{"@id":"https:\/\/berghotel-hohegeiss.com\/waldschwimmbad-hohegeiss#primaryimage"},"image":{"@id":"https:\/\/berghotel-hohegeiss.com\/waldschwimmbad-hohegeiss#primaryimage"},"thumbnailUrl":"https:\/\/berghotel-hohegeiss.com\/wp-content\/uploads\/2024\/08\/waldschwimmbad-hohegeiss-50-meter-becken-harz.jpeg","datePublished":"2022-03-17T14:37:11+00:00","dateModified":"2025-09-07T08:55:42+00:00","description":"Het boszwembad Hohegei\u00df is geopend vanaf 31 mei 2025 - op slechts 10 minuten lopen van het Berghotel. Ideaal voor ontspanning, panoramisch uitzicht en zwemplezier.","breadcrumb":{"@id":"https:\/\/berghotel-hohegeiss.com\/waldschwimmbad-hohegeiss#breadcrumb"},"inLanguage":"nl-NL","potentialAction":[{"@type":"ReadAction","target":["https:\/\/berghotel-hohegeiss.com\/waldschwimmbad-hohegeiss"]}]},{"@type":"ImageObject","inLanguage":"nl-NL","@id":"https:\/\/berghotel-hohegeiss.com\/waldschwimmbad-hohegeiss#primaryimage","url":"https:\/\/berghotel-hohegeiss.com\/wp-content\/uploads\/2024\/08\/waldschwimmbad-hohegeiss-50-meter-becken-harz.jpeg","contentUrl":"https:\/\/berghotel-hohegeiss.com\/wp-content\/uploads\/2024\/08\/waldschwimmbad-hohegeiss-50-meter-becken-harz.jpeg","width":640,"height":480,"caption":"50-Meter-Becken im Waldschwimmbad Hohegei\u00df"},{"@type":"BreadcrumbList","@id":"https:\/\/berghotel-hohegeiss.com\/waldschwimmbad-hohegeiss#breadcrumb","itemListElement":[{"@type":"ListItem","position":1,"name":"Home","item":"https:\/\/berghotel-hohegeiss.com\/"},{"@type":"ListItem","position":2,"name":"Waldschwimbad Hohegeiss"}]},{"@type":"WebSite","@id":"https:\/\/berghotel-hohegeiss.com\/#website","url":"https:\/\/berghotel-hohegeiss.com\/","name":"Berghotel Hohegeiss","description":"hotel pension hohegeiss hohegei\u00df","potentialAction":[{"@type":"SearchAction","target":{"@type":"EntryPoint","urlTemplate":"https:\/\/berghotel-hohegeiss.com\/?s={search_term_string}"},"query-input":{"@type":"PropertyValueSpecification","valueRequired":true,"valueName":"search_term_string"}}],"inLanguage":"nl-NL"}]}},"jetpack_sharing_enabled":true,"_links":{"self":[{"href":"https:\/\/berghotel-hohegeiss.com\/nl\/wp-json\/wp\/v2\/pages\/516","targetHints":{"allow":["GET"]}}],"collection":[{"href":"https:\/\/berghotel-hohegeiss.com\/nl\/wp-json\/wp\/v2\/pages"}],"about":[{"href":"https:\/\/berghotel-hohegeiss.com\/nl\/wp-json\/wp\/v2\/types\/page"}],"author":[{"embeddable":true,"href":"https:\/\/berghotel-hohegeiss.com\/nl\/wp-json\/wp\/v2\/users\/1"}],"replies":[{"embeddable":true,"href":"https:\/\/berghotel-hohegeiss.com\/nl\/wp-json\/wp\/v2\/comments?post=516"}],"version-history":[{"count":9,"href":"https:\/\/berghotel-hohegeiss.com\/nl\/wp-json\/wp\/v2\/pages\/516\/revisions"}],"predecessor-version":[{"id":5828,"href":"https:\/\/berghotel-hohegeiss.com\/nl\/wp-json\/wp\/v2\/pages\/516\/revisions\/5828"}],"wp:featuredmedia":[{"embeddable":true,"href":"https:\/\/berghotel-hohegeiss.com\/nl\/wp-json\/wp\/v2\/media\/2934"}],"wp:attachment":[{"href":"https:\/\/berghotel-hohegeiss.com\/nl\/wp-json\/wp\/v2\/media?parent=516"}],"curies":[{"name":"wp","href":"https:\/\/api.w.org\/{rel}","templated":true}]}}