{"id":5541,"date":"2025-06-06T12:17:31","date_gmt":"2025-06-06T12:17:31","guid":{"rendered":"https:\/\/berghotel-hohegeiss.com\/?page_id=5541"},"modified":"2025-08-24T12:29:09","modified_gmt":"2025-08-24T12:29:09","slug":"wandelingen-met-gids-rondom-hohegeiss","status":"publish","type":"page","link":"https:\/\/berghotel-hohegeiss.com\/nl\/fuer-die-wanderer\/gefuehrte-wanderungen-rund-um-hohegeiss","title":{"rendered":"Begeleide wandelingen rond Hohegei\u00df"},"content":{"rendered":"<p>Ontdek de Harz natuur rond Hohegei\u00df tijdens gevarieerde wandelingen onder leiding van een gids. Langs historische grenspaden of door stille bossen - op deze tochten leer je spannende dingen over het landschap, de geschiedenis en de toekomst van onze regio.<\/p>\n\n\n\n<h2 class=\"wp-block-heading\">Elke dinsdag: rondwandeling rond Hohegei\u00df<\/h2>\n\n\n\n<div class=\"wp-block-group is-vertical is-layout-flex wp-container-core-group-is-layout-8cf370e7 wp-block-group-is-layout-flex\">\n<p><strong>Starttijd:<\/strong> 10:30 uur.<\/p>\n\n\n\n<p><strong>Duur:<\/strong> ongeveer 3,5 uur<\/p>\n\n\n\n<p><strong>Lengte:<\/strong> ca. 10-12 km, 300 hoogtemeters<\/p>\n\n\n\n<p><strong>Speciale functies:<\/strong><\/p>\n\n\n\n<p>Onderweg kom je langs twee stempelpunten van Harzer Wandernadel:<\/p>\n\n\n\n<p>- <strong>Nr. 45 \"Draaigebied op de beukenhelling\".<\/strong><\/p>\n\n\n\n<p>- <strong>Nr. 206 \"Brandesbank<\/strong><\/p>\n\n\n\n<p><strong>Ontmoetingspunt:<\/strong> Tourist-Info Hohegei\u00df, Kirchstra\u00dfe 15a<\/p>\n\n\n\n<p><strong>Kosten:<\/strong> Gratis met gastenkaart<\/p>\n\n\n\n<p><strong>Registratie en info:<\/strong> tourist-info@hohegeiss.de of bel 05583-241<\/p>\n<\/div>\n\n\n\n<h2 class=\"wp-block-heading\">Elke donderdag: themawandeling \"Harz-grensroute &amp; ritje met de stoomtrein\".<\/h2>\n\n\n\n<div class=\"wp-block-group is-vertical is-layout-flex wp-container-core-group-is-layout-8cf370e7 wp-block-group-is-layout-flex\">\n<p><strong>Starttijd:<\/strong> 10:00 a.m.<\/p>\n\n\n\n<p><strong>Duur:<\/strong> ongeveer 4 uur<\/p>\n\n\n\n<p><strong>Lengte:<\/strong> ca. 11 km, 300 hoogtemeters<\/p>\n\n\n\n<p><strong>Inhoud:<\/strong> Begeleide wandeling langs de Groene Gordel - de voormalige Duitse binnengrens - gevolgd door een ritje met de Harzer smalspoortrein.<\/p>\n\n\n\n<p><strong>Stempelpunt:<\/strong><\/p>\n\n\n\n<p>- <strong>Nr. 46 \"Grensmuseum aan de Herinneringsring\".<\/strong><\/p>\n\n\n\n<p><strong>Terugtrekken:<\/strong> Mogelijkheid om te stoppen voor een verfrissing aan het einde van de tour<\/p>\n\n\n\n<p><strong>Ontmoetingspunt:<\/strong> Tourist-Info Hohegei\u00df, Kirchstra\u00dfe 15a<\/p>\n\n\n\n<p><strong>Kosten:<\/strong> 8 \u20ac voor volwassenen, 5 \u20ac voor kinderen vanaf 7 jaar (incl. treinreis)<\/p>\n\n\n\n<p><strong>Registratie:<\/strong> Uiterlijk woensdag 12:00 uur door te bellen naar 05583-241 of tourist-info@hohegeiss.de<\/p>\n<\/div>\n\n\n\n<h2 class=\"wp-block-heading\">Winterhoogtepunt: fakkelwandeling in Hohegei\u00df<\/h2>\n\n\n\n<div class=\"wp-block-group is-vertical is-layout-flex wp-container-core-group-is-layout-8cf370e7 wp-block-group-is-layout-flex\">\n<p>Wanneer de sneeuw het bergdorp omtovert tot een winterwonderland, wordt het bijzonder romantisch:<\/p>\n\n\n\n<p><strong>Elke zaterdag in de winter<\/strong> begint bij <strong>18:00<\/strong> een atmosferische <strong>Fakkeltocht<\/strong> door Hohegei\u00df.<\/p>\n\n\n\n<p>De tocht is ongeveer drie kilometer lang en voert door het besneeuwde dorp. De fakkels baden de omgeving in warm licht en maken de tocht tot een onvergetelijke ervaring - vooral voor gezinnen met kinderen.<\/p>\n\n\n\n<p><strong>Na afloop is er gl\u00fchwein en braadworst<\/strong>direct voor het toeristeninformatiecentrum - vers geprepareerd door de schietvereniging.<\/p>\n\n\n\n<p><strong>Deelname en registratie:<\/strong><\/p>\n\n\n\n<p>- <strong>Kosten:<\/strong> 3,50 \u20ac per persoon (incl. zaklamp)<\/p>\n\n\n\n<p>- <strong>Registratie tot vrijdag 17:00<\/strong> onder tel. 05583-241<\/p>\n\n\n\n<p>- <strong>Ontmoetingspunt:<\/strong> Tourist-Info Hohegei\u00df, Kirchstra\u00dfe 15a<\/p>\n<\/div>\n\n\n\n\n\t\t<style type=\"text\/css\">\n\t\t\t#gallery-1 {\n\t\t\t\tmargin: auto;\n\t\t\t}\n\t\t\t#gallery-1 .gallery-item {\n\t\t\t\tfloat: left;\n\t\t\t\tmargin-top: 10px;\n\t\t\t\ttext-align: center;\n\t\t\t\twidth: 33%;\n\t\t\t}\n\t\t\t#gallery-1 img {\n\t\t\t\tborder: 2px solid #cfcfcf;\n\t\t\t}\n\t\t\t#gallery-1 .gallery-caption {\n\t\t\t\tmargin-left: 0;\n\t\t\t}\n\t\t\t\/* see gallery_shortcode() in wp-includes\/media.php *\/\n\t\t<\/style>\n\t\t<div data-carousel-extra='{&quot;blog_id&quot;:1,&quot;permalink&quot;:&quot;https:\/\/berghotel-hohegeiss.com\/nl\/fuer-die-wanderer\/gefuehrte-wanderungen-rund-um-hohegeiss&quot;}' id='gallery-1' class='gallery galleryid-5541 gallery-columns-3 gallery-size-thumbnail'><dl class='gallery-item'>\n\t\t\t<dt class='gallery-icon landscape'>\n\t\t\t\t<a href='https:\/\/berghotel-hohegeiss.com\/nl\/ilseaxel3'><img decoding=\"async\" width=\"150\" height=\"150\" src=\"https:\/\/berghotel-hohegeiss.com\/wp-content\/uploads\/2025\/08\/gids-wandergruppe-hsb-spur-hohegeiss-150x150.jpg\" class=\"attachment-thumbnail size-thumbnail\" alt=\"Wandelgids legt de geschiedenis van de Harzer smalspoorbaan uit aan de groep op het spoor\" aria-describedby=\"gallery-1-5807\" srcset=\"https:\/\/berghotel-hohegeiss.com\/wp-content\/uploads\/2025\/08\/gids-wandergruppe-hsb-spur-hohegeiss-150x150.jpg 150w, https:\/\/berghotel-hohegeiss.com\/wp-content\/uploads\/2025\/08\/gids-wandergruppe-hsb-spur-hohegeiss-480x480.jpg 480w\" sizes=\"(max-width: 150px) 100vw, 150px\" data-attachment-id=\"5807\" data-permalink=\"https:\/\/berghotel-hohegeiss.com\/nl\/ilseaxel3\" data-orig-file=\"https:\/\/berghotel-hohegeiss.com\/wp-content\/uploads\/2025\/08\/gids-wandergruppe-hsb-spur-hohegeiss-scaled.jpg\" data-orig-size=\"2560,2040\" data-comments-opened=\"0\" data-image-meta=\"{&quot;aperture&quot;:&quot;4.5&quot;,&quot;credit&quot;:&quot;&quot;,&quot;camera&quot;:&quot;X100V&quot;,&quot;caption&quot;:&quot;&quot;,&quot;created_timestamp&quot;:&quot;0&quot;,&quot;copyright&quot;:&quot;&quot;,&quot;focal_length&quot;:&quot;23&quot;,&quot;iso&quot;:&quot;160&quot;,&quot;shutter_speed&quot;:&quot;0.002&quot;,&quot;title&quot;:&quot;Ilse\\u0026amp;Axel3&quot;,&quot;orientation&quot;:&quot;1&quot;,&quot;lens&quot;:&quot;&quot;}\" data-image-title=\"harzer-schmalspurbahn-wanderung-hohegeiss\" data-image-description=\"&lt;p&gt;Auf dem Weg entlang der Harzer Schmalspurbahn nimmt der Wanderf\u00fchrer die Gruppe mit in die bewegte Geschichte dieser einzigartigen Strecke. Die HSB war nicht nur ein Verkehrsmittel, sondern auch ein stiller Zeitzeuge der innerdeutschen Teilung. Heute ist sie ein Highlight der Themenwanderung rund um Hohegei\u00df.&lt;\/p&gt;\" data-image-caption=\"&lt;p&gt;Einblicke entlang der Schmalspurbahn \u2013 der Wanderf\u00fchrer berichtet \u00fcber die historische Strecke&lt;\/p&gt;\" data-medium-file=\"https:\/\/berghotel-hohegeiss.com\/wp-content\/uploads\/2025\/08\/gids-wandergruppe-hsb-spur-hohegeiss-300x239.jpg\" data-large-file=\"https:\/\/berghotel-hohegeiss.com\/wp-content\/uploads\/2025\/08\/gids-wandergruppe-hsb-spur-hohegeiss-1024x816.jpg\" \/><\/a>\n\t\t\t<\/dt>\n\t\t\t\t<dd class='wp-caption-text gallery-caption' id='gallery-1-5807'>\n\t\t\t\tInzichten langs het smalspoor - de wandelgids doet verslag van de historische route\n\t\t\t\t<\/dd><\/dl><dl class='gallery-item'>\n\t\t\t<dt class='gallery-icon landscape'>\n\t\t\t\t<a href='https:\/\/berghotel-hohegeiss.com\/nl\/axelilse2'><img decoding=\"async\" width=\"150\" height=\"150\" src=\"https:\/\/berghotel-hohegeiss.com\/wp-content\/uploads\/2025\/08\/themenwanderung-harzer-grenzweg-hohegeiss-150x150.jpg\" class=\"attachment-thumbnail size-thumbnail\" alt=\"Wandelgroep op het Harz-grenspad bij Hohegei\u00df met uitzicht op de natuur\" aria-describedby=\"gallery-1-5806\" srcset=\"https:\/\/berghotel-hohegeiss.com\/wp-content\/uploads\/2025\/08\/themenwanderung-harzer-grenzweg-hohegeiss-150x150.jpg 150w, https:\/\/berghotel-hohegeiss.com\/wp-content\/uploads\/2025\/08\/themenwanderung-harzer-grenzweg-hohegeiss-480x480.jpg 480w\" sizes=\"(max-width: 150px) 100vw, 150px\" data-attachment-id=\"5806\" data-permalink=\"https:\/\/berghotel-hohegeiss.com\/nl\/axelilse2\" data-orig-file=\"https:\/\/berghotel-hohegeiss.com\/wp-content\/uploads\/2025\/08\/themenwanderung-harzer-grenzweg-hohegeiss-scaled.jpg\" data-orig-size=\"2560,1959\" data-comments-opened=\"0\" data-image-meta=\"{&quot;aperture&quot;:&quot;4&quot;,&quot;credit&quot;:&quot;&quot;,&quot;camera&quot;:&quot;X100V&quot;,&quot;caption&quot;:&quot;&quot;,&quot;created_timestamp&quot;:&quot;0&quot;,&quot;copyright&quot;:&quot;&quot;,&quot;focal_length&quot;:&quot;23&quot;,&quot;iso&quot;:&quot;160&quot;,&quot;shutter_speed&quot;:&quot;0.002&quot;,&quot;title&quot;:&quot;Axel\\u0026amp;Ilse2&quot;,&quot;orientation&quot;:&quot;1&quot;,&quot;lens&quot;:&quot;&quot;}\" data-image-title=\"harzer-grenzweg-dampfzug-wanderung\" data-image-description=\"&lt;p&gt;Diese Aufnahme zeigt eine Wandergruppe auf dem Harzer Grenzweg bei Hohegei\u00df. Die gef\u00fchrte Tour thematisiert die spannende Geschichte der ehemaligen innerdeutschen Grenze und f\u00fchrt durch eine beeindruckende Naturlandschaft.&lt;\/p&gt;\" data-image-caption=\"&lt;p&gt;Auf dem Harzer Grenzweg \u2013 gef\u00fchrte Themenwanderung durch die Grenzlandschaft bei Hohegei\u00df&lt;\/p&gt;\" data-medium-file=\"https:\/\/berghotel-hohegeiss.com\/wp-content\/uploads\/2025\/08\/themenwanderung-harzer-grenzweg-hohegeiss-300x230.jpg\" data-large-file=\"https:\/\/berghotel-hohegeiss.com\/wp-content\/uploads\/2025\/08\/themenwanderung-harzer-grenzweg-hohegeiss-1024x784.jpg\" \/><\/a>\n\t\t\t<\/dt>\n\t\t\t\t<dd class='wp-caption-text gallery-caption' id='gallery-1-5806'>\n\t\t\t\tOp het Harz-grenspad - begeleide themawandeling door het grenslandschap bij Hohegei\u00df\n\t\t\t\t<\/dd><\/dl><dl class='gallery-item'>\n\t\t\t<dt class='gallery-icon landscape'>\n\t\t\t\t<a href='https:\/\/berghotel-hohegeiss.com\/nl\/axel-ilse1'><img decoding=\"async\" width=\"150\" height=\"150\" src=\"https:\/\/berghotel-hohegeiss.com\/wp-content\/uploads\/2025\/08\/innerdeutsche-grenze-sorge-themenwanderung-150x150.jpg\" class=\"attachment-thumbnail size-thumbnail\" alt=\"Wandelgroep bij het grenshek van het Sorge openluchtmuseum op de Harz grensroute\" aria-describedby=\"gallery-1-5805\" srcset=\"https:\/\/berghotel-hohegeiss.com\/wp-content\/uploads\/2025\/08\/innerdeutsche-grenze-sorge-themenwanderung-150x150.jpg 150w, https:\/\/berghotel-hohegeiss.com\/wp-content\/uploads\/2025\/08\/innerdeutsche-grenze-sorge-themenwanderung-480x480.jpg 480w\" sizes=\"(max-width: 150px) 100vw, 150px\" data-attachment-id=\"5805\" data-permalink=\"https:\/\/berghotel-hohegeiss.com\/nl\/axel-ilse1\" data-orig-file=\"https:\/\/berghotel-hohegeiss.com\/wp-content\/uploads\/2025\/08\/innerdeutsche-grenze-sorge-themenwanderung-scaled.jpg\" data-orig-size=\"2560,1893\" data-comments-opened=\"0\" data-image-meta=\"{&quot;aperture&quot;:&quot;4&quot;,&quot;credit&quot;:&quot;&quot;,&quot;camera&quot;:&quot;X100V&quot;,&quot;caption&quot;:&quot;&quot;,&quot;created_timestamp&quot;:&quot;0&quot;,&quot;copyright&quot;:&quot;&quot;,&quot;focal_length&quot;:&quot;23&quot;,&quot;iso&quot;:&quot;160&quot;,&quot;shutter_speed&quot;:&quot;0.002&quot;,&quot;title&quot;:&quot;&quot;,&quot;orientation&quot;:&quot;1&quot;,&quot;lens&quot;:&quot;&quot;}\" data-image-title=\"harz-freiluftmuseum-sorge-wanderung\" data-image-description=\"&lt;p&gt;Die Themenwanderung entlang des Harzer Grenzwegs f\u00fchrt auch zum Freiluftmuseum in Sorge. Hier steht ein original erhaltener Grenzzaun, der eindrucksvoll an die innerdeutsche Teilung erinnert. Die gef\u00fchrte Tour macht an diesem historischen Ort Station und bietet spannende Einblicke in die deutsch-deutsche Geschichte.&lt;\/p&gt;\" data-image-caption=\"&lt;p&gt;Halt am ehemaligen Grenzzaun \u2013 Freiluftmuseum Sorge als Station der Themenwanderung&lt;\/p&gt;\" data-medium-file=\"https:\/\/berghotel-hohegeiss.com\/wp-content\/uploads\/2025\/08\/innerdeutsche-grenze-sorge-themenwanderung-300x222.jpg\" data-large-file=\"https:\/\/berghotel-hohegeiss.com\/wp-content\/uploads\/2025\/08\/innerdeutsche-grenze-sorge-themenwanderung-1024x757.jpg\" \/><\/a>\n\t\t\t<\/dt>\n\t\t\t\t<dd class='wp-caption-text gallery-caption' id='gallery-1-5805'>\n\t\t\t\tStop bij het voormalige grenshek - Sorge openluchtmuseum als stop op de themawandeling\n\t\t\t\t<\/dd><\/dl><br style=\"clear: both\" \/>\n\t\t<\/div>","protected":false},"excerpt":{"rendered":"<p>Elke dinsdag en donderdag nodigen we je uit voor begeleide wandelingen rond Hohegei\u00df. Ontdek de natuur en geschiedenis van onze regio - in de winter met een romantische fakkelwandeling.<\/p>","protected":false},"author":1,"featured_media":0,"parent":5551,"menu_order":0,"comment_status":"closed","ping_status":"closed","template":"","meta":{"footnotes":""},"class_list":["post-5541","page","type-page","status-publish","hentry"],"yoast_head":"<!-- This site is optimized with the Yoast SEO plugin v27.3 - https:\/\/yoast.com\/product\/yoast-seo-wordpress\/ -->\n<title>Gef\u00fchrte Wanderungen rund um Hohegei\u00df - Berghotel Hohegeiss<\/title>\n<meta name=\"description\" content=\"Gef\u00fchrte Wanderungen rund um Hohegei\u00df: Entdecken Sie den Harz zu Fu\u00df \u2013 dienstags, donnerstags und im Winter auch mit Fackel! Jetzt mehr erfahren und Stempel sammeln.\" \/>\n<meta name=\"robots\" content=\"index, follow, max-snippet:-1, max-image-preview:large, max-video-preview:-1\" \/>\n<link rel=\"canonical\" href=\"https:\/\/berghotel-hohegeiss.com\/nl\/voor-de-wandelaars\/wandelingen-met-gids-rondom-hohegeiss\/\" \/>\n<meta property=\"og:locale\" content=\"nl_NL\" \/>\n<meta property=\"og:type\" content=\"article\" \/>\n<meta property=\"og:title\" content=\"Gef\u00fchrte Wanderungen rund um Hohegei\u00df - Berghotel Hohegeiss\" \/>\n<meta property=\"og:description\" content=\"Gef\u00fchrte Wanderungen rund um Hohegei\u00df: Entdecken Sie den Harz zu Fu\u00df \u2013 dienstags, donnerstags und im Winter auch mit Fackel! Jetzt mehr erfahren und Stempel sammeln.\" \/>\n<meta property=\"og:url\" content=\"https:\/\/berghotel-hohegeiss.com\/nl\/voor-de-wandelaars\/wandelingen-met-gids-rondom-hohegeiss\/\" \/>\n<meta property=\"og:site_name\" content=\"Berghotel Hohegeiss\" \/>\n<meta property=\"article:publisher\" content=\"https:\/\/www.facebook.com\/Berghotel-Hohegeiss-101262279197312\" \/>\n<meta property=\"article:modified_time\" content=\"2025-08-24T12:29:09+00:00\" \/>\n<meta property=\"og:image\" content=\"https:\/\/berghotel-hohegeiss.com\/wp-content\/uploads\/2025\/08\/gids-wandergruppe-hsb-spur-hohegeiss-1024x816.jpg\" \/>\n<script type=\"application\/ld+json\" class=\"yoast-schema-graph\">{\"@context\":\"https:\\\/\\\/schema.org\",\"@graph\":[{\"@type\":\"WebPage\",\"@id\":\"https:\\\/\\\/berghotel-hohegeiss.com\\\/fuer-die-wanderer\\\/gefuehrte-wanderungen-rund-um-hohegeiss\",\"url\":\"https:\\\/\\\/berghotel-hohegeiss.com\\\/fuer-die-wanderer\\\/gefuehrte-wanderungen-rund-um-hohegeiss\",\"name\":\"Gef\u00fchrte Wanderungen rund um Hohegei\u00df - Berghotel Hohegeiss\",\"isPartOf\":{\"@id\":\"https:\\\/\\\/berghotel-hohegeiss.com\\\/#website\"},\"datePublished\":\"2025-06-06T12:17:31+00:00\",\"dateModified\":\"2025-08-24T12:29:09+00:00\",\"description\":\"Gef\u00fchrte Wanderungen rund um Hohegei\u00df: Entdecken Sie den Harz zu Fu\u00df \u2013 dienstags, donnerstags und im Winter auch mit Fackel! Jetzt mehr erfahren und Stempel sammeln.\",\"breadcrumb\":{\"@id\":\"https:\\\/\\\/berghotel-hohegeiss.com\\\/fuer-die-wanderer\\\/gefuehrte-wanderungen-rund-um-hohegeiss#breadcrumb\"},\"inLanguage\":\"nl-NL\",\"potentialAction\":[{\"@type\":\"ReadAction\",\"target\":[\"https:\\\/\\\/berghotel-hohegeiss.com\\\/fuer-die-wanderer\\\/gefuehrte-wanderungen-rund-um-hohegeiss\"]}]},{\"@type\":\"BreadcrumbList\",\"@id\":\"https:\\\/\\\/berghotel-hohegeiss.com\\\/fuer-die-wanderer\\\/gefuehrte-wanderungen-rund-um-hohegeiss#breadcrumb\",\"itemListElement\":[{\"@type\":\"ListItem\",\"position\":1,\"name\":\"Home\",\"item\":\"https:\\\/\\\/berghotel-hohegeiss.com\\\/\"},{\"@type\":\"ListItem\",\"position\":2,\"name\":\"F\u00fcr die Wanderer\",\"item\":\"https:\\\/\\\/berghotel-hohegeiss.com\\\/fuer-die-wanderer\"},{\"@type\":\"ListItem\",\"position\":3,\"name\":\"Gef\u00fchrte Wanderungen rund um Hohegei\u00df\"}]},{\"@type\":\"WebSite\",\"@id\":\"https:\\\/\\\/berghotel-hohegeiss.com\\\/#website\",\"url\":\"https:\\\/\\\/berghotel-hohegeiss.com\\\/\",\"name\":\"Berghotel Hohegeiss\",\"description\":\"hotel pension hohegeiss hohegei\u00df\",\"potentialAction\":[{\"@type\":\"SearchAction\",\"target\":{\"@type\":\"EntryPoint\",\"urlTemplate\":\"https:\\\/\\\/berghotel-hohegeiss.com\\\/?s={search_term_string}\"},\"query-input\":{\"@type\":\"PropertyValueSpecification\",\"valueRequired\":true,\"valueName\":\"search_term_string\"}}],\"inLanguage\":\"nl-NL\"}]}<\/script>\n<!-- \/ Yoast SEO plugin. -->","yoast_head_json":{"title":"Begeleide wandelingen rond Hohegei\u00df - Berghotel Hohegeiss","description":"Begeleide wandelingen rond Hohegei\u00df: Ontdek het Harzgebergte te voet - op dinsdag, donderdag en in de winter ook met fakkels! Kom nu meer te weten en verzamel postzegels.","robots":{"index":"index","follow":"follow","max-snippet":"max-snippet:-1","max-image-preview":"max-image-preview:large","max-video-preview":"max-video-preview:-1"},"canonical":"https:\/\/berghotel-hohegeiss.com\/nl\/voor-de-wandelaars\/wandelingen-met-gids-rondom-hohegeiss\/","og_locale":"nl_NL","og_type":"article","og_title":"Gef\u00fchrte Wanderungen rund um Hohegei\u00df - Berghotel Hohegeiss","og_description":"Gef\u00fchrte Wanderungen rund um Hohegei\u00df: Entdecken Sie den Harz zu Fu\u00df \u2013 dienstags, donnerstags und im Winter auch mit Fackel! Jetzt mehr erfahren und Stempel sammeln.","og_url":"https:\/\/berghotel-hohegeiss.com\/nl\/voor-de-wandelaars\/wandelingen-met-gids-rondom-hohegeiss\/","og_site_name":"Berghotel Hohegeiss","article_publisher":"https:\/\/www.facebook.com\/Berghotel-Hohegeiss-101262279197312","article_modified_time":"2025-08-24T12:29:09+00:00","og_image":[{"url":"https:\/\/berghotel-hohegeiss.com\/wp-content\/uploads\/2025\/08\/gids-wandergruppe-hsb-spur-hohegeiss-1024x816.jpg","type":"","width":"","height":""}],"schema":{"@context":"https:\/\/schema.org","@graph":[{"@type":"WebPage","@id":"https:\/\/berghotel-hohegeiss.com\/fuer-die-wanderer\/gefuehrte-wanderungen-rund-um-hohegeiss","url":"https:\/\/berghotel-hohegeiss.com\/fuer-die-wanderer\/gefuehrte-wanderungen-rund-um-hohegeiss","name":"Begeleide wandelingen rond Hohegei\u00df - Berghotel Hohegeiss","isPartOf":{"@id":"https:\/\/berghotel-hohegeiss.com\/#website"},"datePublished":"2025-06-06T12:17:31+00:00","dateModified":"2025-08-24T12:29:09+00:00","description":"Begeleide wandelingen rond Hohegei\u00df: Ontdek het Harzgebergte te voet - op dinsdag, donderdag en in de winter ook met fakkels! Kom nu meer te weten en verzamel postzegels.","breadcrumb":{"@id":"https:\/\/berghotel-hohegeiss.com\/fuer-die-wanderer\/gefuehrte-wanderungen-rund-um-hohegeiss#breadcrumb"},"inLanguage":"nl-NL","potentialAction":[{"@type":"ReadAction","target":["https:\/\/berghotel-hohegeiss.com\/fuer-die-wanderer\/gefuehrte-wanderungen-rund-um-hohegeiss"]}]},{"@type":"BreadcrumbList","@id":"https:\/\/berghotel-hohegeiss.com\/fuer-die-wanderer\/gefuehrte-wanderungen-rund-um-hohegeiss#breadcrumb","itemListElement":[{"@type":"ListItem","position":1,"name":"Home","item":"https:\/\/berghotel-hohegeiss.com\/"},{"@type":"ListItem","position":2,"name":"F\u00fcr die Wanderer","item":"https:\/\/berghotel-hohegeiss.com\/fuer-die-wanderer"},{"@type":"ListItem","position":3,"name":"Gef\u00fchrte Wanderungen rund um Hohegei\u00df"}]},{"@type":"WebSite","@id":"https:\/\/berghotel-hohegeiss.com\/#website","url":"https:\/\/berghotel-hohegeiss.com\/","name":"Berghotel Hohegeiss","description":"hotel pension hohegeiss hohegei\u00df","potentialAction":[{"@type":"SearchAction","target":{"@type":"EntryPoint","urlTemplate":"https:\/\/berghotel-hohegeiss.com\/?s={search_term_string}"},"query-input":{"@type":"PropertyValueSpecification","valueRequired":true,"valueName":"search_term_string"}}],"inLanguage":"nl-NL"}]}},"jetpack_sharing_enabled":true,"_links":{"self":[{"href":"https:\/\/berghotel-hohegeiss.com\/nl\/wp-json\/wp\/v2\/pages\/5541","targetHints":{"allow":["GET"]}}],"collection":[{"href":"https:\/\/berghotel-hohegeiss.com\/nl\/wp-json\/wp\/v2\/pages"}],"about":[{"href":"https:\/\/berghotel-hohegeiss.com\/nl\/wp-json\/wp\/v2\/types\/page"}],"author":[{"embeddable":true,"href":"https:\/\/berghotel-hohegeiss.com\/nl\/wp-json\/wp\/v2\/users\/1"}],"replies":[{"embeddable":true,"href":"https:\/\/berghotel-hohegeiss.com\/nl\/wp-json\/wp\/v2\/comments?post=5541"}],"version-history":[{"count":3,"href":"https:\/\/berghotel-hohegeiss.com\/nl\/wp-json\/wp\/v2\/pages\/5541\/revisions"}],"predecessor-version":[{"id":5808,"href":"https:\/\/berghotel-hohegeiss.com\/nl\/wp-json\/wp\/v2\/pages\/5541\/revisions\/5808"}],"up":[{"embeddable":true,"href":"https:\/\/berghotel-hohegeiss.com\/nl\/wp-json\/wp\/v2\/pages\/5551"}],"wp:attachment":[{"href":"https:\/\/berghotel-hohegeiss.com\/nl\/wp-json\/wp\/v2\/media?parent=5541"}],"curies":[{"name":"wp","href":"https:\/\/api.w.org\/{rel}","templated":true}]}}