{"id":5743,"date":"2025-08-20T10:36:23","date_gmt":"2025-08-20T10:36:23","guid":{"rendered":"https:\/\/berghotel-hohegeiss.com\/?p=5743"},"modified":"2026-01-09T15:36:40","modified_gmt":"2026-01-09T15:36:40","slug":"tweepersoonskamer-met-balkon","status":"publish","type":"page","link":"https:\/\/berghotel-hohegeiss.com\/nl\/unsere-zimmer\/doppelzimmer-mit-balkon","title":{"rendered":"Tweepersoonskamer met balkon"},"content":{"rendered":"\n<p>Im Berghotel Hohegei\u00df steht Ihnen unser sch\u00f6nstes und komfortabelstes Doppelzimmer mit Balkon zur Verf\u00fcgung \u2013 modern eingerichtet und mit herrlichem Blick auf den Harz.<\/p>\n\n\n\n<ul class=\"wp-block-list\">\n<li>Zimmergr\u00f6\u00dfe 24 m<sup>2<\/sup><\/li>\n\n\n\n<li>Komfortabeles Doppelbett 180 x 200 cm<\/li>\n\n\n\n<li>Flachbildschirm-TV 50\" mit Satellitenprogrammen<\/li>\n\n\n\n<li>Kleiderschrank<\/li>\n\n\n\n<li>Balkon mit M\u00f6beln<\/li>\n\n\n\n<li>Rauch und Haustier frei<\/li>\n\n\n\n<li>2025 neu gestaltet<\/li>\n<\/ul>\n\n\n\n<div class=\"room-availability\" data-room-code=\"L1zdQRiLuv0F\"><\/div>\n\n\n<div class=\"wpforms-container wpforms-container-full\" id=\"wpforms-5200\"><form id=\"wpforms-form-5200\" class=\"wpforms-validate wpforms-form\" data-formid=\"5200\" method=\"post\" enctype=\"multipart\/form-data\" action=\"\/nl\/wp-json\/wp\/v2\/pages\/5743\" data-token=\"9f382cab03f25de25cae8944d176c214\" data-token-time=\"1775398180\"><noscript class=\"wpforms-error-noscript\">Schakel JavaScript in je browser in om dit formulier in te vullen.<\/noscript><div class=\"wpforms-field-container\">\t\t<div id=\"wpforms-5200-field_1-container\"\n\t\t\tclass=\"wpforms-field wpforms-field-text\"\n\t\t\tdata-field-type=\"text\"\n\t\t\tdata-field-id=\"1\"\n\t\t\t>\n\t\t\t<label class=\"wpforms-field-label\" for=\"wpforms-5200-field_1\" >datum Abreise Anreise<\/label>\n\t\t\t<input type=\"text\" id=\"wpforms-5200-field_1\" class=\"wpforms-field-medium\" name=\"wpforms[fields][1]\" >\n\t\t<\/div>\n\t\t<div id=\"wpforms-5200-field_4-container\" class=\"wpforms-field wpforms-field-text date-icon\" data-field-id=\"4\"><label class=\"wpforms-field-label\" for=\"wpforms-5200-field_4\">Anreise datum<\/label><input type=\"text\" id=\"wpforms-5200-field_4\" class=\"wpforms-field-large\" name=\"wpforms[fields][4]\" value=\"05\/04\/2026\" placeholder=\"DD\/MM\/YYYY\" ><\/div><div id=\"wpforms-5200-field_5-container\" class=\"wpforms-field wpforms-field-text date-icon departure-date\" data-field-id=\"5\"><label class=\"wpforms-field-label\" for=\"wpforms-5200-field_5\">Abreise datum<\/label><input type=\"text\" id=\"wpforms-5200-field_5\" class=\"wpforms-field-large\" name=\"wpforms[fields][5]\" placeholder=\"DD\/MM\/YYYY\" ><\/div><script>\n\t\t\t\t( function() {\n\t\t\t\t\tconst style = document.createElement( 'style' );\n\t\t\t\t\tstyle.appendChild( document.createTextNode( '#wpforms-5200-field_1-container { position: absolute !important; overflow: hidden !important; display: inline !important; height: 1px !important; width: 1px !important; z-index: -1000 !important; padding: 0 !important; } #wpforms-5200-field_1-container input { visibility: hidden; } #wpforms-conversational-form-page #wpforms-5200-field_1-container label { counter-increment: none; }' ) );\n\t\t\t\t\tdocument.head.appendChild( style );\n\t\t\t\t\tdocument.currentScript?.remove();\n\t\t\t\t} )();\n\t\t\t<\/script><\/div><!-- .wpforms-field-container --><div class=\"wpforms-submit-container\" ><input type=\"hidden\" name=\"wpforms[id]\" value=\"5200\"><input type=\"hidden\" name=\"page_title\" value=\"\"><input type=\"hidden\" name=\"page_url\" value=\"https:\/\/berghotel-hohegeiss.com\/nl\/wp-json\/wp\/v2\/pages\/5743\"><input type=\"hidden\" name=\"url_referer\" value=\"\"><button type=\"submit\" name=\"wpforms[submit]\" id=\"wpforms-submit-5200\" class=\"wpforms-submit\" data-alt-text=\"Wird gesendet\u00a0\u2026\" data-submit-text=\"Verf\u00fcgbarkeit pr\u00fcfen\" aria-live=\"assertive\" value=\"wpforms-submit\">Verf\u00fcgbarkeit pr\u00fcfen<\/button><\/div><\/form><\/div>  <!-- .wpforms-container -->\n\n\n\n\n\t\t<style type=\"text\/css\">\n\t\t\t#gallery-1 {\n\t\t\t\tmargin: auto;\n\t\t\t}\n\t\t\t#gallery-1 .gallery-item {\n\t\t\t\tfloat: left;\n\t\t\t\tmargin-top: 10px;\n\t\t\t\ttext-align: center;\n\t\t\t\twidth: 33%;\n\t\t\t}\n\t\t\t#gallery-1 img {\n\t\t\t\tborder: 2px solid #cfcfcf;\n\t\t\t}\n\t\t\t#gallery-1 .gallery-caption {\n\t\t\t\tmargin-left: 0;\n\t\t\t}\n\t\t\t\/* see gallery_shortcode() in wp-includes\/media.php *\/\n\t\t<\/style>\n\t\t<div data-carousel-extra='{&quot;blog_id&quot;:1,&quot;permalink&quot;:&quot;https:\/\/berghotel-hohegeiss.com\/nl\/unsere-zimmer\/doppelzimmer-mit-balkon&quot;}' id='gallery-1' class='gallery galleryid-5743 gallery-columns-3 gallery-size-thumbnail'><dl class='gallery-item'>\n\t\t\t<dt class='gallery-icon landscape'>\n\t\t\t\t<a href='https:\/\/berghotel-hohegeiss.com\/nl\/?attachment_id=5117'><img decoding=\"async\" width=\"150\" height=\"150\" src=\"https:\/\/berghotel-hohegeiss.com\/wp-content\/uploads\/2023\/12\/berghotel-hohegeiss-doppelzimmer-mit-balkon-bild3-150x150.jpeg\" class=\"attachment-thumbnail size-thumbnail\" alt=\"Helles Zimmer mit Blick ins Gr\u00fcne \u2013 Doppelzimmer mit Balkon\" aria-describedby=\"gallery-1-5117\" srcset=\"https:\/\/berghotel-hohegeiss.com\/wp-content\/uploads\/2023\/12\/berghotel-hohegeiss-doppelzimmer-mit-balkon-bild3-150x150.jpeg 150w, https:\/\/berghotel-hohegeiss.com\/wp-content\/uploads\/2023\/12\/berghotel-hohegeiss-doppelzimmer-mit-balkon-bild3-480x480.jpeg 480w\" sizes=\"(max-width: 150px) 100vw, 150px\" data-attachment-id=\"5117\" data-permalink=\"https:\/\/berghotel-hohegeiss.com\/nl\/?attachment_id=5117\" data-orig-file=\"https:\/\/berghotel-hohegeiss.com\/wp-content\/uploads\/2023\/12\/berghotel-hohegeiss-doppelzimmer-mit-balkon-bild3-scaled.jpeg\" data-orig-size=\"2560,1919\" data-comments-opened=\"0\" data-image-meta=\"{&quot;aperture&quot;:&quot;2.2&quot;,&quot;credit&quot;:&quot;&quot;,&quot;camera&quot;:&quot;iPhone 16&quot;,&quot;caption&quot;:&quot;&quot;,&quot;created_timestamp&quot;:&quot;1740229949&quot;,&quot;copyright&quot;:&quot;&quot;,&quot;focal_length&quot;:&quot;2.2200000286119&quot;,&quot;iso&quot;:&quot;160&quot;,&quot;shutter_speed&quot;:&quot;0.0097087378640777&quot;,&quot;title&quot;:&quot;&quot;,&quot;orientation&quot;:&quot;1&quot;,&quot;lens&quot;:&quot;&quot;}\" data-image-title=\"Ger\u00e4umiges Doppelzimmer mit Balkon und komfortablem Boxspringbett\" data-image-description=\"&lt;p&gt;Ger\u00e4umiges Doppelzimmer mit Balkon und komfortablem Boxspringbett&lt;\/p&gt;\n\" data-image-caption=\"&lt;p&gt;Ger\u00e4umiges Doppelzimmer mit Balkon und komfortablem Boxspringbett&lt;\/p&gt;\n\" data-medium-file=\"https:\/\/berghotel-hohegeiss.com\/wp-content\/uploads\/2023\/12\/berghotel-hohegeiss-doppelzimmer-mit-balkon-bild3-300x225.jpeg\" data-large-file=\"https:\/\/berghotel-hohegeiss.com\/wp-content\/uploads\/2023\/12\/berghotel-hohegeiss-doppelzimmer-mit-balkon-bild3-1024x768.jpeg\" \/><\/a>\n\t\t\t<\/dt>\n\t\t\t\t<dd class='wp-caption-text gallery-caption' id='gallery-1-5117'>\n\t\t\t\tGer\u00e4umiges Doppelzimmer mit Balkon und komfortablem Boxspringbett\n\t\t\t\t<\/dd><\/dl><dl class='gallery-item'>\n\t\t\t<dt class='gallery-icon landscape'>\n\t\t\t\t<a href='https:\/\/berghotel-hohegeiss.com\/nl\/?attachment_id=5119'><img decoding=\"async\" width=\"150\" height=\"150\" src=\"https:\/\/berghotel-hohegeiss.com\/wp-content\/uploads\/2023\/12\/berghotel-hohegeiss-doppelzimmer-mit-balkon-150x150.jpeg\" class=\"attachment-thumbnail size-thumbnail\" alt=\"modernes doppelzimmer mit balkon\" aria-describedby=\"gallery-1-5119\" srcset=\"https:\/\/berghotel-hohegeiss.com\/wp-content\/uploads\/2023\/12\/berghotel-hohegeiss-doppelzimmer-mit-balkon-150x150.jpeg 150w, https:\/\/berghotel-hohegeiss.com\/wp-content\/uploads\/2023\/12\/berghotel-hohegeiss-doppelzimmer-mit-balkon-480x480.jpeg 480w\" sizes=\"(max-width: 150px) 100vw, 150px\" data-attachment-id=\"5119\" data-permalink=\"https:\/\/berghotel-hohegeiss.com\/nl\/?attachment_id=5119\" data-orig-file=\"https:\/\/berghotel-hohegeiss.com\/wp-content\/uploads\/2023\/12\/berghotel-hohegeiss-doppelzimmer-mit-balkon-scaled.jpeg\" data-orig-size=\"2560,1920\" data-comments-opened=\"0\" data-image-meta=\"{&quot;aperture&quot;:&quot;1.6&quot;,&quot;credit&quot;:&quot;&quot;,&quot;camera&quot;:&quot;iPhone 16&quot;,&quot;caption&quot;:&quot;&quot;,&quot;created_timestamp&quot;:&quot;1740232811&quot;,&quot;copyright&quot;:&quot;&quot;,&quot;focal_length&quot;:&quot;5.960000038147&quot;,&quot;iso&quot;:&quot;200&quot;,&quot;shutter_speed&quot;:&quot;0.0097087378640777&quot;,&quot;title&quot;:&quot;&quot;,&quot;orientation&quot;:&quot;1&quot;,&quot;lens&quot;:&quot;&quot;}\" data-image-title=\"berghotel hohegeiss doppelzimmer mit balkon 50&quot; flachbildschirm\" data-image-description=\"&lt;p&gt;Modernes doppelzimmer mit Balkon und 50&quot;-Flachbildschim TV&lt;\/p&gt;\n\" data-image-caption=\"&lt;p&gt;modernes doppelzimmer mit 50&quot;-Flachbildschirm TV&lt;\/p&gt;\n\" data-medium-file=\"https:\/\/berghotel-hohegeiss.com\/wp-content\/uploads\/2023\/12\/berghotel-hohegeiss-doppelzimmer-mit-balkon-300x225.jpeg\" data-large-file=\"https:\/\/berghotel-hohegeiss.com\/wp-content\/uploads\/2023\/12\/berghotel-hohegeiss-doppelzimmer-mit-balkon-1024x768.jpeg\" \/><\/a>\n\t\t\t<\/dt>\n\t\t\t\t<dd class='wp-caption-text gallery-caption' id='gallery-1-5119'>\n\t\t\t\tmodernes doppelzimmer mit 50\"-Flachbildschirm TV\n\t\t\t\t<\/dd><\/dl><dl class='gallery-item'>\n\t\t\t<dt class='gallery-icon landscape'>\n\t\t\t\t<a href='https:\/\/berghotel-hohegeiss.com\/nl\/?attachment_id=5023'><img decoding=\"async\" width=\"150\" height=\"150\" src=\"https:\/\/berghotel-hohegeiss.com\/wp-content\/uploads\/2023\/12\/berghotel-hohegeiss-badezimmer-bild1-150x150.jpeg\" class=\"attachment-thumbnail size-thumbnail\" alt=\"Modernes Badezimmer\" aria-describedby=\"gallery-1-5023\" srcset=\"https:\/\/berghotel-hohegeiss.com\/wp-content\/uploads\/2023\/12\/berghotel-hohegeiss-badezimmer-bild1-150x150.jpeg 150w, https:\/\/berghotel-hohegeiss.com\/wp-content\/uploads\/2023\/12\/berghotel-hohegeiss-badezimmer-bild1-480x480.jpeg 480w\" sizes=\"(max-width: 150px) 100vw, 150px\" data-attachment-id=\"5023\" data-permalink=\"https:\/\/berghotel-hohegeiss.com\/nl\/?attachment_id=5023\" data-orig-file=\"https:\/\/berghotel-hohegeiss.com\/wp-content\/uploads\/2023\/12\/berghotel-hohegeiss-badezimmer-bild1-scaled.jpeg\" data-orig-size=\"2560,1920\" data-comments-opened=\"0\" data-image-meta=\"{&quot;aperture&quot;:&quot;2.4&quot;,&quot;credit&quot;:&quot;&quot;,&quot;camera&quot;:&quot;iPhone 13&quot;,&quot;caption&quot;:&quot;&quot;,&quot;created_timestamp&quot;:&quot;1737288196&quot;,&quot;copyright&quot;:&quot;&quot;,&quot;focal_length&quot;:&quot;1.54&quot;,&quot;iso&quot;:&quot;200&quot;,&quot;shutter_speed&quot;:&quot;0.01&quot;,&quot;title&quot;:&quot;&quot;,&quot;orientation&quot;:&quot;1&quot;,&quot;lens&quot;:&quot;&quot;}\" data-image-title=\"Modernes Badezimmer\" data-image-description=\"&lt;p&gt;Modernes Badezimmer mit Regendouche&lt;\/p&gt;\n\" data-image-caption=\"&lt;p&gt;Modernes Badezimmer mit Regendouche&lt;\/p&gt;\n\" data-medium-file=\"https:\/\/berghotel-hohegeiss.com\/wp-content\/uploads\/2023\/12\/berghotel-hohegeiss-badezimmer-bild1-300x225.jpeg\" data-large-file=\"https:\/\/berghotel-hohegeiss.com\/wp-content\/uploads\/2023\/12\/berghotel-hohegeiss-badezimmer-bild1-1024x768.jpeg\" \/><\/a>\n\t\t\t<\/dt>\n\t\t\t\t<dd class='wp-caption-text gallery-caption' id='gallery-1-5023'>\n\t\t\t\tModernes Badezimmer mit Regendouche\n\t\t\t\t<\/dd><\/dl><br style=\"clear: both\" \/><dl class='gallery-item'>\n\t\t\t<dt class='gallery-icon landscape'>\n\t\t\t\t<a href='https:\/\/berghotel-hohegeiss.com\/nl\/?attachment_id=5118'><img decoding=\"async\" width=\"150\" height=\"150\" src=\"https:\/\/berghotel-hohegeiss.com\/wp-content\/uploads\/2023\/12\/berghotel-hohegeiss-doppelzimmer-mit-balkon-bild2-150x150.jpeg\" class=\"attachment-thumbnail size-thumbnail\" alt=\"Modernes Boxspringbett im Doppelzimmer mit Balkon \u2013 Berghotel Hohegei\u00df\" aria-describedby=\"gallery-1-5118\" srcset=\"https:\/\/berghotel-hohegeiss.com\/wp-content\/uploads\/2023\/12\/berghotel-hohegeiss-doppelzimmer-mit-balkon-bild2-150x150.jpeg 150w, https:\/\/berghotel-hohegeiss.com\/wp-content\/uploads\/2023\/12\/berghotel-hohegeiss-doppelzimmer-mit-balkon-bild2-480x480.jpeg 480w\" sizes=\"(max-width: 150px) 100vw, 150px\" data-attachment-id=\"5118\" data-permalink=\"https:\/\/berghotel-hohegeiss.com\/nl\/?attachment_id=5118\" data-orig-file=\"https:\/\/berghotel-hohegeiss.com\/wp-content\/uploads\/2023\/12\/berghotel-hohegeiss-doppelzimmer-mit-balkon-bild2-scaled.jpeg\" data-orig-size=\"2560,1962\" data-comments-opened=\"0\" data-image-meta=\"{&quot;aperture&quot;:&quot;2.2&quot;,&quot;credit&quot;:&quot;&quot;,&quot;camera&quot;:&quot;iPhone 16&quot;,&quot;caption&quot;:&quot;&quot;,&quot;created_timestamp&quot;:&quot;1740229993&quot;,&quot;copyright&quot;:&quot;&quot;,&quot;focal_length&quot;:&quot;2.2200000286119&quot;,&quot;iso&quot;:&quot;320&quot;,&quot;shutter_speed&quot;:&quot;0.016949152542373&quot;,&quot;title&quot;:&quot;&quot;,&quot;orientation&quot;:&quot;1&quot;,&quot;lens&quot;:&quot;&quot;}\" data-image-title=\"Modernes doppelzimmer mit Balkon\" data-image-description=\"&lt;p&gt;Modern gestaltetes Doppelzimmer mit Balkon&lt;\/p&gt;\n\" data-image-caption=\"&lt;p&gt;Doppelzimmer mit Balkon und einem bequemen 180\u202fcm breiten Boxspringbett&lt;\/p&gt;\n\" data-medium-file=\"https:\/\/berghotel-hohegeiss.com\/wp-content\/uploads\/2023\/12\/berghotel-hohegeiss-doppelzimmer-mit-balkon-bild2-300x230.jpeg\" data-large-file=\"https:\/\/berghotel-hohegeiss.com\/wp-content\/uploads\/2023\/12\/berghotel-hohegeiss-doppelzimmer-mit-balkon-bild2-1024x785.jpeg\" \/><\/a>\n\t\t\t<\/dt>\n\t\t\t\t<dd class='wp-caption-text gallery-caption' id='gallery-1-5118'>\n\t\t\t\tDoppelzimmer mit Balkon und einem bequemen 180\u202fcm breiten Boxspringbett\n\t\t\t\t<\/dd><\/dl>\n\t\t\t<br style='clear: both' \/>\n\t\t<\/div>\n\n","protected":false},"excerpt":{"rendered":"<p>Modern ingerichte tweepersoonskamer met balkon.<br \/>Max 2 personen<br \/>\nVanaf \u20ac 95<br \/>incl. ontbijt<\/p>","protected":false},"author":1,"featured_media":5117,"parent":791,"menu_order":0,"comment_status":"closed","ping_status":"closed","template":"","meta":{"footnotes":""},"class_list":["post-5743","page","type-page","status-publish","has-post-thumbnail","hentry"],"yoast_head":"<!-- This site is optimized with the Yoast SEO plugin v27.3 - https:\/\/yoast.com\/product\/yoast-seo-wordpress\/ -->\n<title>Doppelzimmer mit Balkon - Berghotel Hohegeiss<\/title>\n<meta name=\"description\" content=\"Doppelzimmer mit Balkon im Berghotel Hohegei\u00df \u2013 moderner Komfort und traumhafter Blick \u00fcber den Harz. Ideal f\u00fcr Ihren Urlaub.\" \/>\n<meta name=\"robots\" content=\"index, follow, max-snippet:-1, max-image-preview:large, max-video-preview:-1\" \/>\n<link rel=\"canonical\" href=\"https:\/\/berghotel-hohegeiss.com\/nl\/de-kamers\/tweepersoonskamer-met-balkon\/\" \/>\n<meta property=\"og:locale\" content=\"nl_NL\" \/>\n<meta property=\"og:type\" content=\"article\" \/>\n<meta property=\"og:title\" content=\"Doppelzimmer mit Balkon - Berghotel Hohegeiss\" \/>\n<meta property=\"og:description\" content=\"Doppelzimmer mit Balkon im Berghotel Hohegei\u00df \u2013 moderner Komfort und traumhafter Blick \u00fcber den Harz. Ideal f\u00fcr Ihren Urlaub.\" \/>\n<meta property=\"og:url\" content=\"https:\/\/berghotel-hohegeiss.com\/nl\/de-kamers\/tweepersoonskamer-met-balkon\/\" \/>\n<meta property=\"og:site_name\" content=\"Berghotel Hohegeiss\" \/>\n<meta property=\"article:publisher\" content=\"https:\/\/www.facebook.com\/Berghotel-Hohegeiss-101262279197312\" \/>\n<meta property=\"article:modified_time\" content=\"2026-01-09T15:36:40+00:00\" \/>\n<meta property=\"og:image\" content=\"https:\/\/berghotel-hohegeiss.com\/wp-content\/uploads\/2023\/12\/berghotel-hohegeiss-doppelzimmer-mit-balkon-bild3-scaled.jpeg\" \/>\n\t<meta property=\"og:image:width\" content=\"2560\" \/>\n\t<meta property=\"og:image:height\" content=\"1919\" \/>\n\t<meta property=\"og:image:type\" content=\"image\/jpeg\" \/>\n<script type=\"application\/ld+json\" class=\"yoast-schema-graph\">{\"@context\":\"https:\\\/\\\/schema.org\",\"@graph\":[{\"@type\":\"WebPage\",\"@id\":\"https:\\\/\\\/berghotel-hohegeiss.com\\\/unsere-zimmer\\\/doppelzimmer-mit-balkon\",\"url\":\"https:\\\/\\\/berghotel-hohegeiss.com\\\/unsere-zimmer\\\/doppelzimmer-mit-balkon\",\"name\":\"Doppelzimmer mit Balkon - Berghotel Hohegeiss\",\"isPartOf\":{\"@id\":\"https:\\\/\\\/berghotel-hohegeiss.com\\\/#website\"},\"primaryImageOfPage\":{\"@id\":\"https:\\\/\\\/berghotel-hohegeiss.com\\\/unsere-zimmer\\\/doppelzimmer-mit-balkon#primaryimage\"},\"image\":{\"@id\":\"https:\\\/\\\/berghotel-hohegeiss.com\\\/unsere-zimmer\\\/doppelzimmer-mit-balkon#primaryimage\"},\"thumbnailUrl\":\"https:\\\/\\\/berghotel-hohegeiss.com\\\/wp-content\\\/uploads\\\/2023\\\/12\\\/berghotel-hohegeiss-doppelzimmer-mit-balkon-bild3-scaled.jpeg\",\"datePublished\":\"2025-08-20T10:36:23+00:00\",\"dateModified\":\"2026-01-09T15:36:40+00:00\",\"description\":\"Doppelzimmer mit Balkon im Berghotel Hohegei\u00df \u2013 moderner Komfort und traumhafter Blick \u00fcber den Harz. Ideal f\u00fcr Ihren Urlaub.\",\"breadcrumb\":{\"@id\":\"https:\\\/\\\/berghotel-hohegeiss.com\\\/unsere-zimmer\\\/doppelzimmer-mit-balkon#breadcrumb\"},\"inLanguage\":\"nl-NL\",\"potentialAction\":[{\"@type\":\"ReadAction\",\"target\":[\"https:\\\/\\\/berghotel-hohegeiss.com\\\/unsere-zimmer\\\/doppelzimmer-mit-balkon\"]}]},{\"@type\":\"ImageObject\",\"inLanguage\":\"nl-NL\",\"@id\":\"https:\\\/\\\/berghotel-hohegeiss.com\\\/unsere-zimmer\\\/doppelzimmer-mit-balkon#primaryimage\",\"url\":\"https:\\\/\\\/berghotel-hohegeiss.com\\\/wp-content\\\/uploads\\\/2023\\\/12\\\/berghotel-hohegeiss-doppelzimmer-mit-balkon-bild3-scaled.jpeg\",\"contentUrl\":\"https:\\\/\\\/berghotel-hohegeiss.com\\\/wp-content\\\/uploads\\\/2023\\\/12\\\/berghotel-hohegeiss-doppelzimmer-mit-balkon-bild3-scaled.jpeg\",\"width\":2560,\"height\":1919,\"caption\":\"Ger\u00e4umiges Doppelzimmer mit Balkon und komfortablem Boxspringbett\"},{\"@type\":\"BreadcrumbList\",\"@id\":\"https:\\\/\\\/berghotel-hohegeiss.com\\\/unsere-zimmer\\\/doppelzimmer-mit-balkon#breadcrumb\",\"itemListElement\":[{\"@type\":\"ListItem\",\"position\":1,\"name\":\"Home\",\"item\":\"https:\\\/\\\/berghotel-hohegeiss.com\\\/\"},{\"@type\":\"ListItem\",\"position\":2,\"name\":\"Unsere Zimmer\",\"item\":\"https:\\\/\\\/berghotel-hohegeiss.com\\\/unsere-zimmer\"},{\"@type\":\"ListItem\",\"position\":3,\"name\":\"Doppelzimmer mit Balkon\"}]},{\"@type\":\"WebSite\",\"@id\":\"https:\\\/\\\/berghotel-hohegeiss.com\\\/#website\",\"url\":\"https:\\\/\\\/berghotel-hohegeiss.com\\\/\",\"name\":\"Berghotel Hohegeiss\",\"description\":\"hotel pension hohegeiss hohegei\u00df\",\"potentialAction\":[{\"@type\":\"SearchAction\",\"target\":{\"@type\":\"EntryPoint\",\"urlTemplate\":\"https:\\\/\\\/berghotel-hohegeiss.com\\\/?s={search_term_string}\"},\"query-input\":{\"@type\":\"PropertyValueSpecification\",\"valueRequired\":true,\"valueName\":\"search_term_string\"}}],\"inLanguage\":\"nl-NL\"}]}<\/script>\n<!-- \/ Yoast SEO plugin. -->","yoast_head_json":{"title":"Tweepersoonskamer met balkon - Berghotel Hohegeiss","description":"Tweepersoonskamer met balkon in Berghotel Hohegei\u00df - modern comfort en een fantastisch uitzicht over de Harz. Ideaal voor uw vakantie.","robots":{"index":"index","follow":"follow","max-snippet":"max-snippet:-1","max-image-preview":"max-image-preview:large","max-video-preview":"max-video-preview:-1"},"canonical":"https:\/\/berghotel-hohegeiss.com\/nl\/de-kamers\/tweepersoonskamer-met-balkon\/","og_locale":"nl_NL","og_type":"article","og_title":"Doppelzimmer mit Balkon - Berghotel Hohegeiss","og_description":"Doppelzimmer mit Balkon im Berghotel Hohegei\u00df \u2013 moderner Komfort und traumhafter Blick \u00fcber den Harz. Ideal f\u00fcr Ihren Urlaub.","og_url":"https:\/\/berghotel-hohegeiss.com\/nl\/de-kamers\/tweepersoonskamer-met-balkon\/","og_site_name":"Berghotel Hohegeiss","article_publisher":"https:\/\/www.facebook.com\/Berghotel-Hohegeiss-101262279197312","article_modified_time":"2026-01-09T15:36:40+00:00","og_image":[{"width":2560,"height":1919,"url":"https:\/\/berghotel-hohegeiss.com\/wp-content\/uploads\/2023\/12\/berghotel-hohegeiss-doppelzimmer-mit-balkon-bild3-scaled.jpeg","type":"image\/jpeg"}],"schema":{"@context":"https:\/\/schema.org","@graph":[{"@type":"WebPage","@id":"https:\/\/berghotel-hohegeiss.com\/unsere-zimmer\/doppelzimmer-mit-balkon","url":"https:\/\/berghotel-hohegeiss.com\/unsere-zimmer\/doppelzimmer-mit-balkon","name":"Tweepersoonskamer met balkon - Berghotel Hohegeiss","isPartOf":{"@id":"https:\/\/berghotel-hohegeiss.com\/#website"},"primaryImageOfPage":{"@id":"https:\/\/berghotel-hohegeiss.com\/unsere-zimmer\/doppelzimmer-mit-balkon#primaryimage"},"image":{"@id":"https:\/\/berghotel-hohegeiss.com\/unsere-zimmer\/doppelzimmer-mit-balkon#primaryimage"},"thumbnailUrl":"https:\/\/berghotel-hohegeiss.com\/wp-content\/uploads\/2023\/12\/berghotel-hohegeiss-doppelzimmer-mit-balkon-bild3-scaled.jpeg","datePublished":"2025-08-20T10:36:23+00:00","dateModified":"2026-01-09T15:36:40+00:00","description":"Tweepersoonskamer met balkon in Berghotel Hohegei\u00df - modern comfort en een fantastisch uitzicht over de Harz. Ideaal voor uw vakantie.","breadcrumb":{"@id":"https:\/\/berghotel-hohegeiss.com\/unsere-zimmer\/doppelzimmer-mit-balkon#breadcrumb"},"inLanguage":"nl-NL","potentialAction":[{"@type":"ReadAction","target":["https:\/\/berghotel-hohegeiss.com\/unsere-zimmer\/doppelzimmer-mit-balkon"]}]},{"@type":"ImageObject","inLanguage":"nl-NL","@id":"https:\/\/berghotel-hohegeiss.com\/unsere-zimmer\/doppelzimmer-mit-balkon#primaryimage","url":"https:\/\/berghotel-hohegeiss.com\/wp-content\/uploads\/2023\/12\/berghotel-hohegeiss-doppelzimmer-mit-balkon-bild3-scaled.jpeg","contentUrl":"https:\/\/berghotel-hohegeiss.com\/wp-content\/uploads\/2023\/12\/berghotel-hohegeiss-doppelzimmer-mit-balkon-bild3-scaled.jpeg","width":2560,"height":1919,"caption":"Ger\u00e4umiges Doppelzimmer mit Balkon und komfortablem Boxspringbett"},{"@type":"BreadcrumbList","@id":"https:\/\/berghotel-hohegeiss.com\/unsere-zimmer\/doppelzimmer-mit-balkon#breadcrumb","itemListElement":[{"@type":"ListItem","position":1,"name":"Home","item":"https:\/\/berghotel-hohegeiss.com\/"},{"@type":"ListItem","position":2,"name":"Unsere Zimmer","item":"https:\/\/berghotel-hohegeiss.com\/unsere-zimmer"},{"@type":"ListItem","position":3,"name":"Doppelzimmer mit Balkon"}]},{"@type":"WebSite","@id":"https:\/\/berghotel-hohegeiss.com\/#website","url":"https:\/\/berghotel-hohegeiss.com\/","name":"Berghotel Hohegeiss","description":"hotel pension hohegeiss hohegei\u00df","potentialAction":[{"@type":"SearchAction","target":{"@type":"EntryPoint","urlTemplate":"https:\/\/berghotel-hohegeiss.com\/?s={search_term_string}"},"query-input":{"@type":"PropertyValueSpecification","valueRequired":true,"valueName":"search_term_string"}}],"inLanguage":"nl-NL"}]}},"jetpack_sharing_enabled":true,"_links":{"self":[{"href":"https:\/\/berghotel-hohegeiss.com\/nl\/wp-json\/wp\/v2\/pages\/5743","targetHints":{"allow":["GET"]}}],"collection":[{"href":"https:\/\/berghotel-hohegeiss.com\/nl\/wp-json\/wp\/v2\/pages"}],"about":[{"href":"https:\/\/berghotel-hohegeiss.com\/nl\/wp-json\/wp\/v2\/types\/page"}],"author":[{"embeddable":true,"href":"https:\/\/berghotel-hohegeiss.com\/nl\/wp-json\/wp\/v2\/users\/1"}],"replies":[{"embeddable":true,"href":"https:\/\/berghotel-hohegeiss.com\/nl\/wp-json\/wp\/v2\/comments?post=5743"}],"version-history":[{"count":5,"href":"https:\/\/berghotel-hohegeiss.com\/nl\/wp-json\/wp\/v2\/pages\/5743\/revisions"}],"predecessor-version":[{"id":6284,"href":"https:\/\/berghotel-hohegeiss.com\/nl\/wp-json\/wp\/v2\/pages\/5743\/revisions\/6284"}],"up":[{"embeddable":true,"href":"https:\/\/berghotel-hohegeiss.com\/nl\/wp-json\/wp\/v2\/pages\/791"}],"wp:featuredmedia":[{"embeddable":true,"href":"https:\/\/berghotel-hohegeiss.com\/nl\/wp-json\/wp\/v2\/media\/5117"}],"wp:attachment":[{"href":"https:\/\/berghotel-hohegeiss.com\/nl\/wp-json\/wp\/v2\/media?parent=5743"}],"curies":[{"name":"wp","href":"https:\/\/api.w.org\/{rel}","templated":true}]}}